{"id":5324,"date":"2024-11-26T16:33:28","date_gmt":"2024-11-26T16:33:28","guid":{"rendered":"https:\/\/reviverechargeyourlife.dk\/termografi-for-muskuloskeletal-sundhed\/"},"modified":"2025-03-11T09:59:17","modified_gmt":"2025-03-11T09:59:17","slug":"termografi-for-muskuloskeletal-sundhed","status":"publish","type":"page","link":"https:\/\/reviverechargeyourlife.dk\/da\/termografi-for-muskuloskeletal-sundhed\/","title":{"rendered":"Termografi for muskuloskeletal sundhed"},"content":{"rendered":"\n<div class=\"wp-block-uagb-container uagb-block-48953817 alignfull uagb-is-root-container\"><div class=\"uagb-container-inner-blocks-wrap\"><\/div><\/div>\n\n<div class=\"wp-block-uagb-container uagb-block-f62c718e alignfull uagb-is-root-container\"><div class=\"uagb-container-inner-blocks-wrap\"><\/div><\/div>\n\n<div class=\"wp-block-uagb-container uagb-block-x7fyyjtc alignfull uagb-is-root-container\"><div class=\"uagb-container-inner-blocks-wrap\">\n<div class=\"wp-block-uagb-container uagb-block-dxp9xfv5\">\n<div class=\"wp-block-uagb-info-box uagb-block-vnd1mphg uagb-infobox__content-wrap  uagb-infobox-icon-above-title uagb-infobox-image-valign-top\"><div class=\"uagb-ifb-content\"><div class=\"uagb-ifb-title-wrap\"><p class=\"uagb-ifb-title-prefix\">Medicinsk termografi<\/p><h1 class=\"uagb-ifb-title\">Sundhed i muskler og skelet<\/h1><\/div><p class=\"uagb-ifb-desc\">En proaktiv tilgang .<\/p><\/div><\/div>\n\n\n\n<div class=\"wp-block-uagb-buttons uagb-buttons__outer-wrap uagb-btn__default-btn uagb-btn-tablet__default-btn uagb-btn-mobile__default-btn uagb-block-chp7jiar\"><div class=\"uagb-buttons__wrap uagb-buttons-layout-wrap \">\n<div class=\"wp-block-uagb-buttons-child uagb-buttons__outer-wrap uagb-block-yqdgpemi wp-block-button\"><div class=\"uagb-button__wrapper\"><a class=\"uagb-buttons-repeater wp-block-button__link\" aria-label=\"\" href=\"https:\/\/reviverechargeyourlife.dk\/da\/booking-af-termografi\/\" rel=\"follow noopener\" target=\"_self\" role=\"button\"><div class=\"uagb-button__link\">Begynd nu<\/div><\/a><\/div><\/div>\n<\/div><\/div>\n<\/div>\n\n\n\n<div class=\"wp-block-uagb-image alignleft uagb-block-q10rcphg wp-block-uagb-image--layout-default wp-block-uagb-image--effect-static wp-block-uagb-image--align-left\"><figure class=\"wp-block-uagb-image__figure\"><img decoding=\"async\" srcset=\"https:\/\/reviverechargeyourlife.dk\/wp-content\/uploads\/2025\/02\/imageedit_2_4620839161.jpg ,https:\/\/reviverechargeyourlife.dk\/wp-content\/uploads\/2025\/02\/imageedit_2_4620839161-146x300.jpg 780w, https:\/\/reviverechargeyourlife.dk\/wp-content\/uploads\/2025\/02\/imageedit_2_4620839161-146x300.jpg 360w\" sizes=\"auto, (max-width: 480px) 150px\" src=\"https:\/\/reviverechargeyourlife.dk\/wp-content\/uploads\/2025\/02\/imageedit_2_4620839161.jpg\" alt=\"\" class=\"uag-image-3960\" width=\"232\" height=\"477\" title=\"imageedit_2_4620839161\" loading=\"lazy\" role=\"img\"><\/figure><\/div>\n<\/div><\/div>\n\n<div class=\"wp-block-uagb-container uagb-block-92vxam1k alignfull uagb-is-root-container\"><div class=\"uagb-container-inner-blocks-wrap\">\n<div class=\"wp-block-uagb-info-box uagb-block-kfaxps8u uagb-infobox__content-wrap  uagb-infobox-icon-above-title uagb-infobox-image-valign-top\"><div class=\"uagb-ifb-content\"><div class=\"uagb-ifb-title-wrap\"><p class=\"uagb-ifb-title-prefix\">Deltag i sundhedsoptimeringsrevolutionen<\/p><\/div><p class=\"uagb-ifb-desc\">Muskel- og skeletskader rammer mennesker i alle aldre og p\u00e5 alle aktivitetsniveauer. Disse tilstande p\u00e5virker knogler, muskler, ledb\u00e5nd, sener og nerver, og de kan gribe forstyrrende ind i det daglige liv. Uanset om du er en atlet, der str\u00e6ber efter toppr\u00e6stationer, en arbejdstager, der d\u00f8jer med fysisk belastning, eller en person, der k\u00e6mper med holdningsrelaterede problemer, kan problemer i bev\u00e6geapparatet g\u00e5 ud over din livskvalitet. Mens traditionelle diagnostiske v\u00e6rkt\u00f8jer som r\u00f8ntgen og MR stadig er vigtige, tilbyder termografi en ny m\u00e5de at udforske og forbedre bev\u00e6geapparatets sundhed p\u00e5.   <\/p><\/div><\/div>\n<\/div><\/div>\n\n<div class=\"wp-block-uagb-container uagb-block-dccuqnoa alignfull uagb-is-root-container\"><div class=\"uagb-container-inner-blocks-wrap\">\n<div class=\"wp-block-uagb-info-box uagb-block-b5574332 uagb-infobox__content-wrap  uagb-infobox-icon-above-title uagb-infobox-image-valign-top wp-block-uagb-info-box--has-margin\"><div class=\"uagb-infobox-margin-wrapper\"><div class=\"uagb-ifb-content\"><div class=\"uagb-ifb-title-wrap\"><h2 class=\"uagb-ifb-title\"><strong><strong>Hvad er termografi?<\/strong><\/strong><\/h2><\/div><p class=\"uagb-ifb-desc\">Termografi er en ikke-invasiv teknik, der skaber billeder af den varme, din krop afgiver. Disse termiske billeder viser variationer i hudtemperaturen, som kan afsl\u00f8re bet\u00e6ndelse, \u00e6ndringer i blodgennemstr\u00f8mningen eller v\u00e6vsproblemer. <br\/><br\/>I mods\u00e6tning til r\u00f8ntgen eller MR bruger termografi ikke str\u00e5ling eller kr\u00e6ver direkte kontakt med din krop. Det g\u00f8r det til en sikker og smertefri mulighed for alle, is\u00e6r ved gentagne scanninger over tid. <br\/><\/p><\/div><\/div><\/div>\n\n\n\n<div class=\"wp-block-uagb-separator uagb-block-0cae2395\"><div class=\"wp-block-uagb-separator__inner\" style=\"--my-background-image:\"><\/div><\/div>\n\n\n\n<div class=\"wp-block-uagb-info-box uagb-block-b497cde3 uagb-infobox__content-wrap  uagb-infobox-icon-above-title uagb-infobox-image-valign-top wp-block-uagb-info-box--has-margin\"><div class=\"uagb-infobox-margin-wrapper\"><div class=\"uagb-ifb-content\"><div class=\"uagb-ifb-title-wrap\"><h2 class=\"uagb-ifb-title\"><strong><strong>Hvordan termografi opdager og vurderer skader<\/strong><\/strong><\/h2><\/div><p class=\"uagb-ifb-desc\">Skader i bev\u00e6geapparatet viser sig ofte som bet\u00e6ndelse, d\u00e5rlig cirkulation eller unormal v\u00e6vsaktivitet &#8211; alt sammen noget, der kan fanges med termografi.<br\/><br\/>For eksempel:<br\/><\/p><\/div><\/div><\/div>\n\n\n\n<div class=\"wp-block-uagb-icon-list uagb-block-e83c1da4\"><div class=\"uagb-icon-list__wrap\">\n<div class=\"wp-block-uagb-icon-list-child uagb-block-1435c832\"><span class=\"uagb-icon-list__source-wrap\"><svg xmlns=\"https:\/\/www.w3.org\/2000\/svg\" viewbox=\"0 0 448 512\"><path d=\"M438.6 105.4C451.1 117.9 451.1 138.1 438.6 150.6L182.6 406.6C170.1 419.1 149.9 419.1 137.4 406.6L9.372 278.6C-3.124 266.1-3.124 245.9 9.372 233.4C21.87 220.9 42.13 220.9 54.63 233.4L159.1 338.7L393.4 105.4C405.9 92.88 426.1 92.88 438.6 105.4H438.6z\"><\/path><\/svg><\/span><span class=\"uagb-icon-list__label\"><strong>Akutte skader<\/strong> som forstuvninger, forstr\u00e6kninger eller bl\u00e5 m\u00e6rker viser normalt lokaliserede varmem\u00f8nstre for\u00e5rsaget af \u00f8get blodgennemstr\u00f8mning og bet\u00e6ndelse.<\/span><\/div>\n\n\n\n<div class=\"wp-block-uagb-icon-list-child uagb-block-b44a1a25\"><span class=\"uagb-icon-list__source-wrap\"><svg xmlns=\"https:\/\/www.w3.org\/2000\/svg\" viewbox=\"0 0 448 512\"><path d=\"M438.6 105.4C451.1 117.9 451.1 138.1 438.6 150.6L182.6 406.6C170.1 419.1 149.9 419.1 137.4 406.6L9.372 278.6C-3.124 266.1-3.124 245.9 9.372 233.4C21.87 220.9 42.13 220.9 54.63 233.4L159.1 338.7L393.4 105.4C405.9 92.88 426.1 92.88 438.6 105.4H438.6z\"><\/path><\/svg><\/span><span class=\"uagb-icon-list__label\"><strong>Kroniske tilstande<\/strong> som seneskedehindebet\u00e6ndelse eller slidgigt kan skabe varige varmeforskelle, der signalerer vedvarende stress eller v\u00e6vsskade.<\/span><\/div>\n\n\n\n<div class=\"wp-block-uagb-icon-list-child uagb-block-9f76f03a\"><\/div>\n\n\n\n<div class=\"wp-block-uagb-icon-list-child uagb-block-669c55b8\"><span class=\"uagb-icon-list__label\">Ved at identificere disse termiske m\u00f8nstre hj\u00e6lper termografi med at lokalisere den n\u00f8jagtige placering af skader, evaluere deres sv\u00e6rhedsgrad og overv\u00e5ge, hvordan de \u00e6ndrer sig over tid.<\/span><\/div>\n<\/div><\/div>\n\n\n\n<div class=\"wp-block-uagb-separator uagb-block-3d687729\"><div class=\"wp-block-uagb-separator__inner\" style=\"--my-background-image:\"><\/div><\/div>\n\n\n\n<div class=\"wp-block-uagb-info-box uagb-block-d2fd7b56 uagb-infobox__content-wrap  uagb-infobox-icon-above-title uagb-infobox-image-valign-top wp-block-uagb-info-box--has-margin\"><div class=\"uagb-infobox-margin-wrapper\"><div class=\"uagb-ifb-content\"><div class=\"uagb-ifb-title-wrap\"><h2 class=\"uagb-ifb-title\"><strong><strong>Underst\u00f8ttet af forskning<\/strong><\/strong><\/h2><\/div><p class=\"uagb-ifb-desc\">Forskning har vist v\u00e6rdien af termografi til diagnosticering af muskel- og skeletproblemer. Forskellige unders\u00f8gelser har vist, at termografi er yderst effektiv til at opdage muskelskader i et tidligt stadie hos atleter med en n\u00f8jagtighed, der svarer til MR-scanninger. Andre unders\u00f8gelser fremh\u00e6vede termografiens evne til at m\u00e5le temperaturforskelle i forbindelse med tilstande som seneproblemer og kroniske smerter.  <br\/><\/p><\/div><\/div><\/div>\n\n\n\n<div class=\"wp-block-uagb-separator uagb-block-af877f43\"><div class=\"wp-block-uagb-separator__inner\" style=\"--my-background-image:\"><\/div><\/div>\n\n\n\n<div class=\"wp-block-uagb-info-box uagb-block-8b540b2b uagb-infobox__content-wrap  uagb-infobox-icon-above-title uagb-infobox-image-valign-top wp-block-uagb-info-box--has-margin\"><div class=\"uagb-infobox-margin-wrapper\"><div class=\"uagb-ifb-content\"><div class=\"uagb-ifb-title-wrap\"><h2 class=\"uagb-ifb-title\"><strong><strong>Overv\u00e5gning af restitution og behandling<\/strong><\/strong><\/h2><\/div><p class=\"uagb-ifb-desc\">Termografi er ikke kun til at diagnosticere skader &#8211; det hj\u00e6lper ogs\u00e5 med at spore bedring og m\u00e5le, hvor godt behandlingerne virker. For eksempel kan klinikere observere \u00e6ndringer i termiske m\u00f8nstre under opf\u00f8lgende scanninger. Et fald i varmen omkring et skadested kan vise reduceret inflammation og fremskridt i helingen. P\u00e5 den anden side kan vedvarende varme tyde p\u00e5, at en behandling ikke virker, og at der er behov for justeringer.   <br\/><\/p><\/div><\/div><\/div>\n\n\n\n<div class=\"wp-block-uagb-separator uagb-block-902cad3c\"><div class=\"wp-block-uagb-separator__inner\" style=\"--my-background-image:\"><\/div><\/div>\n\n\n\n<div class=\"wp-block-uagb-info-box uagb-block-9f49f887 uagb-infobox__content-wrap  uagb-infobox-icon-above-title uagb-infobox-image-valign-top wp-block-uagb-info-box--has-margin\"><div class=\"uagb-infobox-margin-wrapper\"><div class=\"uagb-ifb-content\"><div class=\"uagb-ifb-title-wrap\"><h2 class=\"uagb-ifb-title\"><strong><strong>Forebyggelse af skader, f\u00f8r de sker<\/strong><\/strong><\/h2><\/div><p class=\"uagb-ifb-desc\">En af de mest effektive anvendelser af termografi er forebyggelse af skader. Ved at identificere sm\u00e5 termiske \u00e6ndringer, der indikerer stress eller dysfunktion, giver termografi mulighed for tidlig indgriben, f\u00f8r et problem bliver alvorligt. <br\/><br\/>For atleter eller aktive personer kan regelm\u00e6ssige termografiscreeninger afsl\u00f8re ubalancer, overbelastningsm\u00f8nstre eller fejlstillinger, der \u00f8ger risikoen for skader. P\u00e5 arbejdspladser kan rutinem\u00e6ssige scanninger afsl\u00f8re ergonomiske problemer eller gentagne belastningsskader, hvilket g\u00f8r det lettere at implementere l\u00f8sninger som bedre arbejdsstillinger eller \u00e6ndrede arbejdsopgaver. <br\/><br\/>Termografi hj\u00e6lper ogs\u00e5 mennesker i h\u00f8jrisikogrupper, f.eks. \u00e6ldre voksne eller dem med eksisterende sygdomme. Den kan afsl\u00f8re termiske \u00e6ndringer, der er forbundet med ledstivhed, muskelsvaghed eller aldersrelateret slitage. Disse oplysninger g\u00f8r det muligt for klinikere at udforme m\u00e5lrettede planer for at bevare mobiliteten, forebygge fald og forbedre den generelle funktion.  <br\/><\/p><\/div><\/div><\/div>\n\n\n\n<div class=\"wp-block-uagb-separator uagb-block-b83542a7\"><div class=\"wp-block-uagb-separator__inner\" style=\"--my-background-image:\"><\/div><\/div>\n\n\n\n<div class=\"wp-block-uagb-info-box uagb-block-2508c490 uagb-infobox__content-wrap  uagb-infobox-icon-above-title uagb-infobox-image-valign-top wp-block-uagb-info-box--has-margin\"><div class=\"uagb-infobox-margin-wrapper\"><div class=\"uagb-ifb-content\"><div class=\"uagb-ifb-title-wrap\"><h2 class=\"uagb-ifb-title\"><strong><strong><strong>En holistisk tilgang til muskuloskeletal sundhed<\/strong><\/strong><\/strong><\/h2><\/div><p class=\"uagb-ifb-desc\">Hos Revive er termografi en game-changer inden for muskel- og skeletpleje. Den giver en dybere forst\u00e5else af skader, overv\u00e5ger helingen og hj\u00e6lper med at forebygge fremtidige problemer. Ved at registrere subtile termiske m\u00f8nstre, der afspejler, hvad der sker inde i kroppen, tilbyder dette v\u00e6rkt\u00f8j en sikker, pr\u00e6cis og proaktiv m\u00e5de at h\u00e5ndtere bev\u00e6geapparatets sundhed p\u00e5.  <br\/><\/p><\/div><\/div><\/div>\n<\/div><\/div>\n\n<div class=\"wp-block-uagb-container uagb-block-93d4866e alignfull uagb-is-root-container\"><div class=\"uagb-container-inner-blocks-wrap\">\n<div class=\"wp-block-uagb-info-box uagb-block-63763c4c uagb-infobox__content-wrap  uagb-infobox-icon-above-title uagb-infobox-image-valign-top\"><div class=\"uagb-ifb-content\"><div class=\"uagb-ifb-title-wrap\"><h6 class=\"uagb-ifb-title-prefix\">Medicinsk termografi og muskuloskeletal sundhed<\/h6><h2 class=\"uagb-ifb-title\">Vil du vide mere, eller har du et sp\u00f8rgsm\u00e5l?<\/h2><\/div><p class=\"uagb-ifb-desc\"><br\/><a href=\"https:\/\/websitedemos.net\/lotus-spa-02\/?brainstormforce=pTXyytedV9E9TFhT#\" target=\"_blank\" rel=\"noopener\"><\/a><\/p><div class=\"uagb-ifb-button-wrapper wp-block-button\"><a href=\"#\" class=\"uagb-infobox-cta-link wp-block-button__link\" target=\"_self\" rel=\"noopener noreferrer\" onclick=\"return false;\"><span class=\"uagb-inline-editing\">kontakt<\/span><svg xmlns=\"https:\/\/www.w3.org\/2000\/svg\" viewbox=\"0 0 512 512\"><path d=\"M502.6 278.6l-128 128c-12.51 12.51-32.76 12.49-45.25 0c-12.5-12.5-12.5-32.75 0-45.25L402.8 288H32C14.31 288 0 273.7 0 255.1S14.31 224 32 224h370.8l-73.38-73.38c-12.5-12.5-12.5-32.75 0-45.25s32.75-12.5 45.25 0l128 128C515.1 245.9 515.1 266.1 502.6 278.6z\"><\/path><\/svg><\/a><\/div><\/div><\/div>\n<\/div><\/div>\n","protected":false},"excerpt":{"rendered":"","protected":false},"author":1,"featured_media":0,"parent":0,"menu_order":0,"comment_status":"closed","ping_status":"closed","template":"","meta":{"_uag_custom_page_level_css":"","site-sidebar-layout":"default","site-content-layout":"","ast-site-content-layout":"default","site-content-style":"default","site-sidebar-style":"default","ast-global-header-display":"","ast-banner-title-visibility":"","ast-main-header-display":"","ast-hfb-above-header-display":"","ast-hfb-below-header-display":"","ast-hfb-mobile-header-display":"","site-post-title":"disabled","ast-breadcrumbs-content":"","ast-featured-img":"","footer-sml-layout":"","theme-transparent-header-meta":"","adv-header-id-meta":"","stick-header-meta":"","header-above-stick-meta":"","header-main-stick-meta":"","header-below-stick-meta":"","astra-migrate-meta-layouts":"default","ast-page-background-enabled":"default","ast-page-background-meta":{"desktop":{"background-color":"var(--ast-global-color-4)","background-image":"","background-repeat":"repeat","background-position":"center center","background-size":"auto","background-attachment":"scroll","background-type":"","background-media":"","overlay-type":"","overlay-color":"","overlay-opacity":"","overlay-gradient":""},"tablet":{"background-color":"","background-image":"","background-repeat":"repeat","background-position":"center center","background-size":"auto","background-attachment":"scroll","background-type":"","background-media":"","overlay-type":"","overlay-color":"","overlay-opacity":"","overlay-gradient":""},"mobile":{"background-color":"","background-image":"","background-repeat":"repeat","background-position":"center center","background-size":"auto","background-attachment":"scroll","background-type":"","background-media":"","overlay-type":"","overlay-color":"","overlay-opacity":"","overlay-gradient":""}},"ast-content-background-meta":{"desktop":{"background-color":"var(--ast-global-color-5)","background-image":"","background-repeat":"repeat","background-position":"center center","background-size":"auto","background-attachment":"scroll","background-type":"","background-media":"","overlay-type":"","overlay-color":"","overlay-opacity":"","overlay-gradient":""},"tablet":{"background-color":"var(--ast-global-color-5)","background-image":"","background-repeat":"repeat","background-position":"center center","background-size":"auto","background-attachment":"scroll","background-type":"","background-media":"","overlay-type":"","overlay-color":"","overlay-opacity":"","overlay-gradient":""},"mobile":{"background-color":"var(--ast-global-color-5)","background-image":"","background-repeat":"repeat","background-position":"center center","background-size":"auto","background-attachment":"scroll","background-type":"","background-media":"","overlay-type":"","overlay-color":"","overlay-opacity":"","overlay-gradient":""}},"footnotes":""},"class_list":["post-5324","page","type-page","status-publish","hentry"],"featured_image_src":null,"uagb_featured_image_src":{"full":false,"thumbnail":false,"medium":false,"medium_large":false,"large":false,"1536x1536":false,"2048x2048":false},"uagb_author_info":{"display_name":"r.d.j.bleekrode@gmail.com","author_link":"https:\/\/reviverechargeyourlife.dk\/da\/author\/r-d-j-bleekrodegmail-com\/"},"uagb_comment_info":0,"uagb_excerpt":null,"_links":{"self":[{"href":"https:\/\/reviverechargeyourlife.dk\/da\/wp-json\/wp\/v2\/pages\/5324","targetHints":{"allow":["GET"]}}],"collection":[{"href":"https:\/\/reviverechargeyourlife.dk\/da\/wp-json\/wp\/v2\/pages"}],"about":[{"href":"https:\/\/reviverechargeyourlife.dk\/da\/wp-json\/wp\/v2\/types\/page"}],"author":[{"embeddable":true,"href":"https:\/\/reviverechargeyourlife.dk\/da\/wp-json\/wp\/v2\/users\/1"}],"replies":[{"embeddable":true,"href":"https:\/\/reviverechargeyourlife.dk\/da\/wp-json\/wp\/v2\/comments?post=5324"}],"version-history":[{"count":4,"href":"https:\/\/reviverechargeyourlife.dk\/da\/wp-json\/wp\/v2\/pages\/5324\/revisions"}],"predecessor-version":[{"id":5349,"href":"https:\/\/reviverechargeyourlife.dk\/da\/wp-json\/wp\/v2\/pages\/5324\/revisions\/5349"}],"wp:attachment":[{"href":"https:\/\/reviverechargeyourlife.dk\/da\/wp-json\/wp\/v2\/media?parent=5324"}],"curies":[{"name":"wp","href":"https:\/\/api.w.org\/{rel}","templated":true}]}}