{"id":4927,"date":"2024-11-26T16:08:54","date_gmt":"2024-11-26T16:08:54","guid":{"rendered":"https:\/\/reviverechargeyourlife.dk\/opretholdelse-af-optimal-nyre-og-leversundhed-med-termografi\/"},"modified":"2025-03-11T09:58:04","modified_gmt":"2025-03-11T09:58:04","slug":"opretholdelse-af-optimal-nyre-og-leversundhed-med-termografi","status":"publish","type":"page","link":"https:\/\/reviverechargeyourlife.dk\/da\/opretholdelse-af-optimal-nyre-og-leversundhed-med-termografi\/","title":{"rendered":"Opretholdelse af optimal nyre- og leversundhed med termografi"},"content":{"rendered":"\n<div class=\"wp-block-uagb-container uagb-block-cd4f0063 alignfull uagb-is-root-container\"><div class=\"uagb-container-inner-blocks-wrap\"><\/div><\/div>\n\n<div class=\"wp-block-uagb-container uagb-block-8257678e alignfull uagb-is-root-container\"><div class=\"uagb-container-inner-blocks-wrap\"><\/div><\/div>\n\n<div class=\"wp-block-uagb-container uagb-block-x7fyyjtc alignfull uagb-is-root-container\"><div class=\"uagb-container-inner-blocks-wrap\">\n<div class=\"wp-block-uagb-container uagb-block-dxp9xfv5\">\n<div class=\"wp-block-uagb-info-box uagb-block-vnd1mphg uagb-infobox__content-wrap  uagb-infobox-icon-above-title uagb-infobox-image-valign-top\"><div class=\"uagb-ifb-content\"><div class=\"uagb-ifb-title-wrap\"><p class=\"uagb-ifb-title-prefix\">Medicinsk termografi<\/p><h1 class=\"uagb-ifb-title\">Sundhed for lever og nyrer<\/h1><\/div><p class=\"uagb-ifb-desc\">En proaktiv tilgang til sundhed.<\/p><\/div><\/div>\n\n\n\n<div class=\"wp-block-uagb-buttons uagb-buttons__outer-wrap uagb-btn__default-btn uagb-btn-tablet__default-btn uagb-btn-mobile__default-btn uagb-block-chp7jiar\"><div class=\"uagb-buttons__wrap uagb-buttons-layout-wrap \">\n<div class=\"wp-block-uagb-buttons-child uagb-buttons__outer-wrap uagb-block-yqdgpemi wp-block-button\"><div class=\"uagb-button__wrapper\"><a class=\"uagb-buttons-repeater wp-block-button__link\" aria-label=\"\" href=\"https:\/\/reviverechargeyourlife.dk\/da\/booking-af-termografi\/\" rel=\"follow noopener\" target=\"_self\" role=\"button\"><div class=\"uagb-button__link\">Begynd nu<\/div><\/a><\/div><\/div>\n<\/div><\/div>\n<\/div>\n\n\n\n<div class=\"wp-block-uagb-image alignleft uagb-block-q10rcphg wp-block-uagb-image--layout-default wp-block-uagb-image--effect-static wp-block-uagb-image--align-left\"><figure class=\"wp-block-uagb-image__figure\"><img decoding=\"async\" srcset=\"https:\/\/reviverechargeyourlife.dk\/wp-content\/uploads\/2025\/02\/imageedit_2_4620839161.jpg ,https:\/\/reviverechargeyourlife.dk\/wp-content\/uploads\/2025\/02\/imageedit_2_4620839161-146x300.jpg 780w, https:\/\/reviverechargeyourlife.dk\/wp-content\/uploads\/2025\/02\/imageedit_2_4620839161-146x300.jpg 360w\" sizes=\"auto, (max-width: 480px) 150px\" src=\"https:\/\/reviverechargeyourlife.dk\/wp-content\/uploads\/2025\/02\/imageedit_2_4620839161.jpg\" alt=\"\" class=\"uag-image-3960\" width=\"232\" height=\"477\" title=\"imageedit_2_4620839161\" loading=\"lazy\" role=\"img\"><\/figure><\/div>\n<\/div><\/div>\n\n<div class=\"wp-block-uagb-container uagb-block-92vxam1k alignfull uagb-is-root-container\"><div class=\"uagb-container-inner-blocks-wrap\">\n<div class=\"wp-block-uagb-info-box uagb-block-kfaxps8u uagb-infobox__content-wrap  uagb-infobox-icon-above-title uagb-infobox-image-valign-top\"><div class=\"uagb-ifb-content\"><div class=\"uagb-ifb-title-wrap\"><p class=\"uagb-ifb-title-prefix\">Deltag i sundhedsoptimeringsrevolutionen<\/p><\/div><p class=\"uagb-ifb-desc\">Det er vigtigt at opretholde en optimal lever- og nyresundhed, da disse organer spiller en afg\u00f8rende rolle for afgiftning, stofskifte og det generelle velbefindende. Faktorer som kost, livsstil, milj\u00f8gifte og underliggende sundhedstilstande kan p\u00e5virke deres funktion, ofte uden m\u00e6rkbare symptomer. En proaktiv tilgang til at holde \u00f8je med leverens og nyrernes sundhed er n\u00f8glen til at forebygge langsigtede komplikationer.  <\/p><\/div><\/div>\n<\/div><\/div>\n\n<div class=\"wp-block-uagb-container uagb-block-dccuqnoa alignfull uagb-is-root-container\"><div class=\"uagb-container-inner-blocks-wrap\">\n<div class=\"wp-block-uagb-info-box uagb-block-b5574332 uagb-infobox__content-wrap  uagb-infobox-icon-above-title uagb-infobox-image-valign-top wp-block-uagb-info-box--has-margin\"><div class=\"uagb-infobox-margin-wrapper\"><div class=\"uagb-ifb-content\"><div class=\"uagb-ifb-title-wrap\"><h2 class=\"uagb-ifb-title\"><strong><strong>Vigtigheden af \u00e5rv\u00e5genhed i lever- og nyresundhed<\/strong><\/strong><\/h2><\/div><p class=\"uagb-ifb-desc\">Leveren og nyrerne arbejder utr\u00e6tteligt for at filtrere giftstoffer, regulere vigtige kropsfunktioner og opretholde balance. Men uds\u00e6ttelse for forurenende stoffer, medicin, alkohol og endda stress kan l\u00e6gge en tung byrde p\u00e5 disse organer og f\u00f8re til bet\u00e6ndelse eller dysfunktion. Da tidlige tegn p\u00e5 lever- og nyreproblemer ofte er tavse, er regelm\u00e6ssig sporing afg\u00f8rende for tidlig opdagelse og forebyggelse.  <br\/><\/p><\/div><\/div><\/div>\n\n\n\n<div class=\"wp-block-uagb-separator uagb-block-3d687729\"><div class=\"wp-block-uagb-separator__inner\" style=\"--my-background-image:\"><\/div><\/div>\n\n\n\n<div class=\"wp-block-uagb-info-box uagb-block-d2fd7b56 uagb-infobox__content-wrap  uagb-infobox-icon-above-title uagb-infobox-image-valign-top wp-block-uagb-info-box--has-margin\"><div class=\"uagb-infobox-margin-wrapper\"><div class=\"uagb-ifb-content\"><div class=\"uagb-ifb-title-wrap\"><h2 class=\"uagb-ifb-title\"><strong><strong>AI-drevet medicinsk termografi for lever- og nyresundhed<\/strong><\/strong><\/h2><\/div><p class=\"uagb-ifb-desc\">Hos Revive bruger vi avanceret termografi kombineret med AI-drevet medicinsk software til at give en meget detaljeret vurdering af din lever- og nyrefunktion. Vores specialiserede scanninger g\u00e5r ud over traditionelle metoder og anvender infrar\u00f8d billeddannelse og kunstig intelligens til at opdage tidlige tegn p\u00e5 inflammation, ubalancer i kredsl\u00f8bet og metabolisk stress. Ved at udnytte denne banebrydende teknologi tilbyder vi en pr\u00e6cis og proaktiv tilgang til at identificere potentielle sundhedsproblemer, f\u00f8r de udvikler sig til mere alvorlige tilstande.  <br\/><\/p><\/div><\/div><\/div>\n\n\n\n<div class=\"wp-block-uagb-separator uagb-block-af877f43\"><div class=\"wp-block-uagb-separator__inner\" style=\"--my-background-image:\"><\/div><\/div>\n\n\n\n<div class=\"wp-block-uagb-info-box uagb-block-8b540b2b uagb-infobox__content-wrap  uagb-infobox-icon-above-title uagb-infobox-image-valign-top wp-block-uagb-info-box--has-margin\"><div class=\"uagb-infobox-margin-wrapper\"><div class=\"uagb-ifb-content\"><div class=\"uagb-ifb-title-wrap\"><h2 class=\"uagb-ifb-title\"><strong><strong>Fordelene ved termografiske lever- og nyrescanninger<\/strong><\/strong><\/h2><\/div><p class=\"uagb-ifb-desc\">At v\u00e6lge termografi hos Revive er en sikker, smertefri og indsigtsfuld m\u00e5de at vurdere lever- og nyresundhed p\u00e5. Ved at identificere uregelm\u00e6ssige varmem\u00f8nstre og asymmetrier kan vi give dig et klart billede af din organfunktion, hvilket giver mulighed for tidlig indgriben og livsstilsjusteringer.<br\/>Inden for 24 timer vil du modtage en detaljeret rapport, der analyserer asymmetrier mellem venstre og h\u00f8jre side af din krop. Rapporten kategoriserer resultaterne ved hj\u00e6lp af en farveskala: gr\u00e5 indikerer normale resultater uden bekymringer, gul antyder milde uregelm\u00e6ssigheder, der b\u00f8r spores over tid, orange signalerer tidlige advarselstegn, der kan kr\u00e6ve forebyggende foranstaltninger, r\u00f8d fremh\u00e6ver bem\u00e6rkelsesv\u00e6rdige bekymringer, der berettiger til yderligere unders\u00f8gelse, lilla identificerer h\u00f8jrisikoomr\u00e5der, der kr\u00e6ver n\u00f8je opm\u00e6rksomhed, og sort indikerer alvorlige abnormiteter, der kr\u00e6ver \u00f8jeblikkelig medicinsk evaluering.  <br\/><\/p><\/div><\/div><\/div>\n\n\n\n<div class=\"wp-block-uagb-separator uagb-block-902cad3c\"><div class=\"wp-block-uagb-separator__inner\" style=\"--my-background-image:\"><\/div><\/div>\n\n\n\n<div class=\"wp-block-uagb-info-box uagb-block-9f49f887 uagb-infobox__content-wrap  uagb-infobox-icon-above-title uagb-infobox-image-valign-top wp-block-uagb-info-box--has-margin\"><div class=\"uagb-infobox-margin-wrapper\"><div class=\"uagb-ifb-content\"><div class=\"uagb-ifb-title-wrap\"><h2 class=\"uagb-ifb-title\"><strong>Giver folk mulighed for at tage kontrol over deres hudsundhed<\/strong><\/h2><\/div><p class=\"uagb-ifb-desc\">Det er vigtigt at bem\u00e6rke, at almindelige nyrefunktionstests, som f.eks. blodpr\u00f8ver, der m\u00e5ler serumkreatininniveauet, m\u00e5ske ikke opdager nyreproblemer, f\u00f8r der er sket betydelig skade. Nyrerne har en bem\u00e6rkelsesv\u00e6rdig evne til at kompensere for tab af funktion, og ofte vil en person ikke opleve m\u00e6rkbare symptomer, f\u00f8r nyrefunktionen er faldet til mindre end 15 % af den normale kapacitet. Det understreger vigtigheden af proaktiv overv\u00e5gning og strategier for tidlig opsporing.  <br\/><\/p><\/div><\/div><\/div>\n\n\n\n<div class=\"wp-block-uagb-separator uagb-block-39a433fa\"><div class=\"wp-block-uagb-separator__inner\" style=\"--my-background-image:\"><\/div><\/div>\n\n\n\n<div class=\"wp-block-uagb-info-box uagb-block-694c4a7d uagb-infobox__content-wrap  uagb-infobox-icon-above-title uagb-infobox-image-valign-top wp-block-uagb-info-box--has-margin\"><div class=\"uagb-infobox-margin-wrapper\"><div class=\"uagb-ifb-content\"><div class=\"uagb-ifb-title-wrap\"><h2 class=\"uagb-ifb-title\"><strong><strong>Begr\u00e6nsninger ved traditionelle nyrefunktionstests<\/strong><\/strong><\/h2><\/div><p class=\"uagb-ifb-desc\">Det er vigtigt at bem\u00e6rke, at almindelige nyrefunktionstests, som f.eks. blodpr\u00f8ver, der m\u00e5ler serumkreatininniveauet, m\u00e5ske ikke opdager nyreproblemer, f\u00f8r der er sket betydelig skade. Nyrerne har en bem\u00e6rkelsesv\u00e6rdig evne til at kompensere for tab af funktion, og ofte vil en person ikke opleve m\u00e6rkbare symptomer, f\u00f8r nyrefunktionen er faldet til mindre end 15 % af den normale kapacitet. Det understreger vigtigheden af proaktiv overv\u00e5gning og strategier for tidlig opsporing.  <br\/><\/p><\/div><\/div><\/div>\n\n\n\n<div class=\"wp-block-uagb-separator uagb-block-fdf6ec4c\"><div class=\"wp-block-uagb-separator__inner\" style=\"--my-background-image:\"><\/div><\/div>\n\n\n\n<div class=\"wp-block-uagb-info-box uagb-block-78bb7a3f uagb-infobox__content-wrap  uagb-infobox-icon-above-title uagb-infobox-image-valign-top wp-block-uagb-info-box--has-margin\"><div class=\"uagb-infobox-margin-wrapper\"><div class=\"uagb-ifb-content\"><div class=\"uagb-ifb-title-wrap\"><h2 class=\"uagb-ifb-title\"><strong><strong><strong>Tag ansvar for dit helbred med Revive<\/strong><\/strong><\/strong><\/h2><\/div><p class=\"uagb-ifb-desc\">At integrere regelm\u00e6ssige termografiske lever- og nyrescanninger i din sundhedsrutine er et proaktivt skridt i retning af at sikre dit velbefindende. Dette er is\u00e6r vigtigt for personer med h\u00f8j toksineksponering, metaboliske problemer eller eksisterende tilstande, der kan p\u00e5virke organfunktionen. Tidlig opdagelse og indgriben er n\u00f8glen, og med vores AI-drevne termografi f\u00e5r du et avanceret v\u00e6rkt\u00f8j til at v\u00e6re p\u00e5 forkant med potentielle problemer.  <br\/><br\/>Hos Revive tilbyder vi en effektiv, ikke-invasiv l\u00f8sning til at spore og optimere din lever- og nyresundhed. Ved at investere i regelm\u00e6ssige scanninger kan du tr\u00e6ffe informerede beslutninger, tr\u00e6ffe forebyggende foranstaltninger og bevare din vitalitet p\u00e5 lang sigt. <br\/><\/p><\/div><\/div><\/div>\n<\/div><\/div>\n\n<div class=\"wp-block-uagb-container uagb-block-93d4866e alignfull uagb-is-root-container\"><div class=\"uagb-container-inner-blocks-wrap\">\n<div class=\"wp-block-uagb-info-box uagb-block-63763c4c uagb-infobox__content-wrap  uagb-infobox-icon-above-title uagb-infobox-image-valign-top\"><div class=\"uagb-ifb-content\"><div class=\"uagb-ifb-title-wrap\"><h6 class=\"uagb-ifb-title-prefix\">Medicinsk termografi og lever- og nyresundhed<\/h6><h2 class=\"uagb-ifb-title\">Vil du vide mere, eller har du et sp\u00f8rgsm\u00e5l?<\/h2><\/div><p class=\"uagb-ifb-desc\"><br\/><a href=\"https:\/\/websitedemos.net\/lotus-spa-02\/?brainstormforce=pTXyytedV9E9TFhT#\" target=\"_blank\" rel=\"noopener\"><\/a><\/p><div class=\"uagb-ifb-button-wrapper wp-block-button\"><a href=\"#\" class=\"uagb-infobox-cta-link wp-block-button__link\" target=\"_self\" rel=\"noopener noreferrer\" onclick=\"return false;\"><span class=\"uagb-inline-editing\">kontakt<\/span><svg xmlns=\"https:\/\/www.w3.org\/2000\/svg\" viewbox=\"0 0 512 512\"><path d=\"M502.6 278.6l-128 128c-12.51 12.51-32.76 12.49-45.25 0c-12.5-12.5-12.5-32.75 0-45.25L402.8 288H32C14.31 288 0 273.7 0 255.1S14.31 224 32 224h370.8l-73.38-73.38c-12.5-12.5-12.5-32.75 0-45.25s32.75-12.5 45.25 0l128 128C515.1 245.9 515.1 266.1 502.6 278.6z\"><\/path><\/svg><\/a><\/div><\/div><\/div>\n<\/div><\/div>\n","protected":false},"excerpt":{"rendered":"","protected":false},"author":1,"featured_media":0,"parent":0,"menu_order":0,"comment_status":"closed","ping_status":"closed","template":"","meta":{"_uag_custom_page_level_css":"","site-sidebar-layout":"default","site-content-layout":"","ast-site-content-layout":"default","site-content-style":"default","site-sidebar-style":"default","ast-global-header-display":"","ast-banner-title-visibility":"","ast-main-header-display":"","ast-hfb-above-header-display":"","ast-hfb-below-header-display":"","ast-hfb-mobile-header-display":"","site-post-title":"disabled","ast-breadcrumbs-content":"","ast-featured-img":"","footer-sml-layout":"","theme-transparent-header-meta":"","adv-header-id-meta":"","stick-header-meta":"","header-above-stick-meta":"","header-main-stick-meta":"","header-below-stick-meta":"","astra-migrate-meta-layouts":"default","ast-page-background-enabled":"default","ast-page-background-meta":{"desktop":{"background-color":"var(--ast-global-color-4)","background-image":"","background-repeat":"repeat","background-position":"center center","background-size":"auto","background-attachment":"scroll","background-type":"","background-media":"","overlay-type":"","overlay-color":"","overlay-opacity":"","overlay-gradient":""},"tablet":{"background-color":"","background-image":"","background-repeat":"repeat","background-position":"center center","background-size":"auto","background-attachment":"scroll","background-type":"","background-media":"","overlay-type":"","overlay-color":"","overlay-opacity":"","overlay-gradient":""},"mobile":{"background-color":"","background-image":"","background-repeat":"repeat","background-position":"center center","background-size":"auto","background-attachment":"scroll","background-type":"","background-media":"","overlay-type":"","overlay-color":"","overlay-opacity":"","overlay-gradient":""}},"ast-content-background-meta":{"desktop":{"background-color":"var(--ast-global-color-5)","background-image":"","background-repeat":"repeat","background-position":"center center","background-size":"auto","background-attachment":"scroll","background-type":"","background-media":"","overlay-type":"","overlay-color":"","overlay-opacity":"","overlay-gradient":""},"tablet":{"background-color":"var(--ast-global-color-5)","background-image":"","background-repeat":"repeat","background-position":"center center","background-size":"auto","background-attachment":"scroll","background-type":"","background-media":"","overlay-type":"","overlay-color":"","overlay-opacity":"","overlay-gradient":""},"mobile":{"background-color":"var(--ast-global-color-5)","background-image":"","background-repeat":"repeat","background-position":"center center","background-size":"auto","background-attachment":"scroll","background-type":"","background-media":"","overlay-type":"","overlay-color":"","overlay-opacity":"","overlay-gradient":""}},"footnotes":""},"class_list":["post-4927","page","type-page","status-publish","hentry"],"featured_image_src":null,"uagb_featured_image_src":{"full":false,"thumbnail":false,"medium":false,"medium_large":false,"large":false,"1536x1536":false,"2048x2048":false},"uagb_author_info":{"display_name":"r.d.j.bleekrode@gmail.com","author_link":"https:\/\/reviverechargeyourlife.dk\/da\/author\/r-d-j-bleekrodegmail-com\/"},"uagb_comment_info":0,"uagb_excerpt":null,"_links":{"self":[{"href":"https:\/\/reviverechargeyourlife.dk\/da\/wp-json\/wp\/v2\/pages\/4927","targetHints":{"allow":["GET"]}}],"collection":[{"href":"https:\/\/reviverechargeyourlife.dk\/da\/wp-json\/wp\/v2\/pages"}],"about":[{"href":"https:\/\/reviverechargeyourlife.dk\/da\/wp-json\/wp\/v2\/types\/page"}],"author":[{"embeddable":true,"href":"https:\/\/reviverechargeyourlife.dk\/da\/wp-json\/wp\/v2\/users\/1"}],"replies":[{"embeddable":true,"href":"https:\/\/reviverechargeyourlife.dk\/da\/wp-json\/wp\/v2\/comments?post=4927"}],"version-history":[{"count":2,"href":"https:\/\/reviverechargeyourlife.dk\/da\/wp-json\/wp\/v2\/pages\/4927\/revisions"}],"predecessor-version":[{"id":5665,"href":"https:\/\/reviverechargeyourlife.dk\/da\/wp-json\/wp\/v2\/pages\/4927\/revisions\/5665"}],"wp:attachment":[{"href":"https:\/\/reviverechargeyourlife.dk\/da\/wp-json\/wp\/v2\/media?parent=4927"}],"curies":[{"name":"wp","href":"https:\/\/api.w.org\/{rel}","templated":true}]}}