{"id":4923,"date":"2024-12-03T08:52:28","date_gmt":"2024-12-03T08:52:28","guid":{"rendered":"https:\/\/reviverechargeyourlife.dk\/scanning-af-lungesundhed\/"},"modified":"2025-05-30T10:10:33","modified_gmt":"2025-05-30T10:10:33","slug":"scanning-af-lungesundhed","status":"publish","type":"page","link":"https:\/\/reviverechargeyourlife.dk\/da\/scanning-af-lungesundhed\/","title":{"rendered":"Lungescanninger"},"content":{"rendered":"\n<div class=\"wp-block-uagb-container uagb-block-cd4f0063 alignfull uagb-is-root-container\"><div class=\"uagb-container-inner-blocks-wrap\"><\/div><\/div>\n\n\n\n<div class=\"wp-block-uagb-container uagb-block-9b28401a alignfull uagb-is-root-container\"><div class=\"uagb-container-inner-blocks-wrap\"><\/div><\/div>\n\n\n\n<div class=\"wp-block-uagb-container uagb-block-x7fyyjtc alignfull uagb-is-root-container\"><div class=\"uagb-container-inner-blocks-wrap\">\n<div class=\"wp-block-uagb-container uagb-block-dxp9xfv5\">\n<div class=\"wp-block-uagb-info-box uagb-block-vnd1mphg uagb-infobox__content-wrap  uagb-infobox-icon-above-title uagb-infobox-image-valign-top\"><div class=\"uagb-ifb-content\"><div class=\"uagb-ifb-title-wrap\"><p class=\"uagb-ifb-title-prefix\">Medicinsk termografi<\/p><h1 class=\"uagb-ifb-title\">Lungescanninger<\/h1><\/div><p class=\"uagb-ifb-desc\">En proaktiv tilgang til Lungesundhed.<\/p><\/div><\/div>\n\n\n\n<div class=\"wp-block-uagb-buttons uagb-buttons__outer-wrap uagb-btn__default-btn uagb-btn-tablet__default-btn uagb-btn-mobile__default-btn uagb-block-chp7jiar\"><div class=\"uagb-buttons__wrap uagb-buttons-layout-wrap \">\n<div class=\"wp-block-uagb-buttons-child uagb-buttons__outer-wrap uagb-block-yqdgpemi wp-block-button\"><div class=\"uagb-button__wrapper\"><a class=\"uagb-buttons-repeater wp-block-button__link\" aria-label=\"\" href=\"https:\/\/reviverechargeyourlife.dk\/booking-thermography\/\" rel=\"follow noopener\" target=\"_self\" role=\"button\"><div class=\"uagb-button__link\">Get Started<\/div><\/a><\/div><\/div>\n<\/div><\/div>\n<\/div>\n\n\n\n<div class=\"wp-block-uagb-image alignleft uagb-block-q10rcphg wp-block-uagb-image--layout-default wp-block-uagb-image--effect-static wp-block-uagb-image--align-left\"><figure class=\"wp-block-uagb-image__figure\"><img decoding=\"async\" srcset=\"https:\/\/reviverechargeyourlife.dk\/wp-content\/uploads\/2025\/02\/imageedit_2_4620839161.jpg ,https:\/\/reviverechargeyourlife.dk\/wp-content\/uploads\/2025\/02\/imageedit_2_4620839161-146x300.jpg 780w, https:\/\/reviverechargeyourlife.dk\/wp-content\/uploads\/2025\/02\/imageedit_2_4620839161-146x300.jpg 360w\" sizes=\"auto, (max-width: 480px) 150px\" src=\"https:\/\/reviverechargeyourlife.dk\/wp-content\/uploads\/2025\/02\/imageedit_2_4620839161.jpg\" alt=\"\" class=\"uag-image-3960\" width=\"232\" height=\"477\" title=\"imageedit_2_4620839161\" loading=\"lazy\" role=\"img\"\/><\/figure><\/div>\n<\/div><\/div>\n\n\n\n<div class=\"wp-block-uagb-container uagb-block-92vxam1k alignfull uagb-is-root-container\"><div class=\"uagb-container-inner-blocks-wrap\">\n<h3 class=\"wp-block-heading has-ast-global-color-5-color has-text-color has-link-color wp-elements-07933b90e7f6c3cb41ee446bb2b14d0d\"><strong>Fremme af lungesundhed med termografi<\/strong><\/h3>\n\n\n\n<p class=\"has-ast-global-color-5-color has-text-color has-link-color wp-elements-6d897705fdd659d158cf5e1ffee5de4e\">Hos <strong>Revive<\/strong> er vi dedikerede til at levere innovative, ikke-invasive l\u00f8sninger til optimal sundhed. <strong>Medicinsk termografi<\/strong> er et banebrydende diagnostisk v\u00e6rkt\u00f8j, der bruger <strong>infrar\u00f8d billeddannelse<\/strong> til at registrere subtile \u00e6ndringer i temperatur og blodgennemstr\u00f8mning, hvilket giver v\u00e6rdifuld indsigt i lungernes sundhed. Denne teknologi giver mulighed for tidlig opdagelse af luftvejsproblemer uden str\u00e5ling, hvilket g\u00f8r det til en sikker og effektiv mulighed for dem, der s\u00f8ger proaktiv pleje. <\/p>\n<\/div><\/div>\n\n\n\n<div class=\"wp-block-uagb-container uagb-block-dccuqnoa alignfull uagb-is-root-container\"><div class=\"uagb-container-inner-blocks-wrap\">\n<div class=\"wp-block-uagb-container uagb-block-46028053 alignfull uagb-is-root-container\"><div class=\"uagb-container-inner-blocks-wrap\">\n<div class=\"wp-block-uagb-info-box uagb-block-b497cde3 uagb-infobox__content-wrap  uagb-infobox-icon-above-title uagb-infobox-image-valign-top wp-block-uagb-info-box--has-margin\"><div class=\"uagb-infobox-margin-wrapper\"><div class=\"uagb-ifb-content\"><div class=\"uagb-ifb-title-wrap\"><h2 class=\"uagb-ifb-title\"><strong><strong>Almindelige lungesygdomme opdaget med termografi<\/strong><\/strong><\/h2><\/div><p class=\"uagb-ifb-desc\">Termografi er is\u00e6r nyttig til at opdage almindelige lungesygdomme som kronisk obstruktiv lungesygdom (KOL), astma, bronkitis og kronisk inflammation. Den kan ogs\u00e5 hj\u00e6lpe med at identificere lungeinfektioner som f.eks. lungebet\u00e6ndelse samt mere alvorlige tilstande som lungeemboli (blodpropper i lungerne) og lungekr\u00e6ft i et tidligt stadie. Ud over tidlig opdagelse spiller termografi en vigtig rolle i at spore udviklingen af lungesygdomme over tid, s\u00e5 sundhedspersonalet kan overv\u00e5ge, hvordan kroppen reagerer p\u00e5 behandlingen. Denne evne til at visualisere \u00e6ndringer i lungesundheden er afg\u00f8rende for at tr\u00e6ffe informerede beslutninger om de n\u00e6ste trin i behandlingen, idet den giver uvurderlig diagnostisk st\u00f8tte og forbedrer de personlige plejeplaner.   <\/p><\/div><\/div><\/div>\n\n\n\n<div class=\"wp-block-uagb-separator uagb-block-e691aed3\"><div class=\"wp-block-uagb-separator__inner\" style=\"--my-background-image:\"><\/div><\/div>\n\n\n\n<div class=\"wp-block-uagb-info-box uagb-block-d2fd7b56 uagb-infobox__content-wrap  uagb-infobox-icon-above-title uagb-infobox-image-valign-top wp-block-uagb-info-box--has-margin\"><div class=\"uagb-infobox-margin-wrapper\"><div class=\"uagb-ifb-content\"><div class=\"uagb-ifb-title-wrap\"><h2 class=\"uagb-ifb-title\"><strong>Hvorfor v\u00e6lge termografi hos Revive<\/strong><\/h2><\/div><p class=\"uagb-ifb-desc\">Hos Revive har vi specialiseret os i termografiske sundhedsscanninger. Denne banebrydende teknologi g\u00f8r det muligt for os at identificere potentielle sundhedsrisici tidligt, overv\u00e5ge igangv\u00e6rende tilstande og optimere fortolkningen af dine scanningsresultater i realtid. Termografi tilbyder en grundig, ikke-invasiv og str\u00e5lingsfri tilgang til overv\u00e5gning af lungesundhed, der underst\u00f8tter b\u00e5de tidlig diagnose og sporing af fremskridt som reaktion p\u00e5 behandlinger. Ved at integrere AI-drevet indsigt fra ThermoHuman sikrer vi, at din lungesundhed overv\u00e5ges n\u00f8je, hvilket giver b\u00e5de dig og dine sundhedsudbydere de data, der er n\u00f8dvendige for at tr\u00e6ffe informerede beslutninger om din pleje.   <br><br>Ved at v\u00e6lge Revive til overv\u00e5gning af din lungesundhed v\u00e6lger du en proaktiv og personlig tilgang til velv\u00e6re. Vores termografiske scanninger kombineret med AI-forbedret medicinsk software giver mulighed for tidlig opdagelse af lungerelaterede problemer og giver dig mulighed for at spore dine fremskridt over tid. Det sikrer, at behandlingerne er effektive, og at din luftvejssundhed forbliver en prioritet, samtidig med at du nyder godt af de seneste fremskridt inden for medicinsk teknologi.  <br><\/p><\/div><\/div><\/div>\n\n\n\n<div class=\"wp-block-uagb-separator uagb-block-902cad3c\"><div class=\"wp-block-uagb-separator__inner\" style=\"--my-background-image:\"><\/div><\/div>\n<\/div><\/div>\n\n\n\n<div class=\"wp-block-uagb-container uagb-block-xygb83hb alignfull uagb-is-root-container\"><div class=\"uagb-container-inner-blocks-wrap\">\n<div class=\"wp-block-uagb-info-box uagb-block-egrlgccp uagb-infobox__content-wrap  uagb-infobox-icon-above-title uagb-infobox-image-valign-top\"><div class=\"uagb-ifb-content\"><div class=\"uagb-ifb-title-wrap\"><p class=\"uagb-ifb-title-prefix\">Betroet ekspertise<\/p><h2 class=\"uagb-ifb-title\">Hvorfor v\u00e6lge termografi?  <\/h2><\/div><p class=\"uagb-ifb-desc\">Termografi er et revolutionerende v\u00e6rkt\u00f8j, der giver dig indsigt i dit helbred uden smerter, str\u00e5ling eller invasive procedurer. <br><br>Med ThermoHumans AI-forbedrede software, som eliteorganisationer som Real Madrid og andre elitesportsklubber over hele verden har tillid til, f\u00e5r du adgang til analyser i verdensklasse til din unikke sundhedsrejse.<br><br>Ved at opdage varmem\u00f8nstre, der er forbundet med bet\u00e6ndelse, skader eller fysiologiske ubalancer, hj\u00e6lper termografi dig:<\/p><\/div><\/div>\n\n\n\n<div class=\"wp-block-uagb-container uagb-block-ips53mzs\">\n<div class=\"wp-block-uagb-info-box uagb-block-w1x0alpd uagb-infobox__content-wrap  uagb-infobox-icon-left-title uagb-infobox-left uagb-infobox-image-valign-top\"><div class=\"uagb-ifb-content\"><div class=\"uagb-ifb-left-title-image\"><div class=\"uagb-ifb-icon-wrap\"><svg xmlns=\"https:\/\/www.w3.org\/2000\/svg\" viewBox=\"0 0 448 512\"><path d=\"M438.6 105.4C451.1 117.9 451.1 138.1 438.6 150.6L182.6 406.6C170.1 419.1 149.9 419.1 137.4 406.6L9.372 278.6C-3.124 266.1-3.124 245.9 9.372 233.4C21.87 220.9 42.13 220.9 54.63 233.4L159.1 338.7L393.4 105.4C405.9 92.88 426.1 92.88 438.6 105.4H438.6z\"><\/path><\/svg><\/div><div class=\"uagb-ifb-title-wrap\"><h3 class=\"uagb-ifb-title\"><strong>Identificer potentielle problemer tidligt<\/strong> <\/h3><\/div><\/div><p class=\"uagb-ifb-desc\">F\u00f8r symptomerne opst\u00e5r.<\/p><div class=\"uagb-ifb-separator\"><\/div><\/div><\/div>\n\n\n\n<div class=\"wp-block-uagb-info-box uagb-block-0fa2xvln uagb-infobox__content-wrap  uagb-infobox-icon-left-title uagb-infobox-left uagb-infobox-image-valign-top\"><div class=\"uagb-ifb-content\"><div class=\"uagb-ifb-left-title-image\"><div class=\"uagb-ifb-icon-wrap\"><svg xmlns=\"https:\/\/www.w3.org\/2000\/svg\" viewBox=\"0 0 448 512\"><path d=\"M438.6 105.4C451.1 117.9 451.1 138.1 438.6 150.6L182.6 406.6C170.1 419.1 149.9 419.1 137.4 406.6L9.372 278.6C-3.124 266.1-3.124 245.9 9.372 233.4C21.87 220.9 42.13 220.9 54.63 233.4L159.1 338.7L393.4 105.4C405.9 92.88 426.1 92.88 438.6 105.4H438.6z\"><\/path><\/svg><\/div><div class=\"uagb-ifb-title-wrap\"><h3 class=\"uagb-ifb-title\"><strong><strong><strong>Optimer dine interventioner<\/strong><\/strong><\/strong><\/h3><\/div><\/div><p class=\"uagb-ifb-desc\">Med feedback i realtid.<\/p><div class=\"uagb-ifb-separator\"><\/div><\/div><\/div>\n\n\n\n<div class=\"wp-block-uagb-info-box uagb-block-05ov72l0 uagb-infobox__content-wrap  uagb-infobox-icon-left-title uagb-infobox-left uagb-infobox-image-valign-top\"><div class=\"uagb-ifb-content\"><div class=\"uagb-ifb-left-title-image\"><div class=\"uagb-ifb-icon-wrap\"><svg xmlns=\"https:\/\/www.w3.org\/2000\/svg\" viewBox=\"0 0 448 512\"><path d=\"M438.6 105.4C451.1 117.9 451.1 138.1 438.6 150.6L182.6 406.6C170.1 419.1 149.9 419.1 137.4 406.6L9.372 278.6C-3.124 266.1-3.124 245.9 9.372 233.4C21.87 220.9 42.13 220.9 54.63 233.4L159.1 338.7L393.4 105.4C405.9 92.88 426.1 92.88 438.6 105.4H438.6z\"><\/path><\/svg><\/div><div class=\"uagb-ifb-title-wrap\"><h3 class=\"uagb-ifb-title\"><strong><strong>F\u00f8lg udviklingen<\/strong><\/strong><\/h3><\/div><\/div><p class=\"uagb-ifb-desc\">  I din fitness, restitution og livsstils\u00e6ndringer.<\/p><div class=\"uagb-ifb-separator\"><\/div><\/div><\/div>\n\n\n\n<div class=\"wp-block-uagb-info-box uagb-block-eae1046d uagb-infobox__content-wrap  uagb-infobox-icon-left-title uagb-infobox-left uagb-infobox-image-valign-top\"><div class=\"uagb-ifb-content\"><div class=\"uagb-ifb-left-title-image\"><div class=\"uagb-ifb-icon-wrap\"><svg xmlns=\"https:\/\/www.w3.org\/2000\/svg\" viewBox=\"0 0 448 512\"><path d=\"M438.6 105.4C451.1 117.9 451.1 138.1 438.6 150.6L182.6 406.6C170.1 419.1 149.9 419.1 137.4 406.6L9.372 278.6C-3.124 266.1-3.124 245.9 9.372 233.4C21.87 220.9 42.13 220.9 54.63 233.4L159.1 338.7L393.4 105.4C405.9 92.88 426.1 92.88 438.6 105.4H438.6z\"><\/path><\/svg><\/div><div class=\"uagb-ifb-title-wrap\"><h3 class=\"uagb-ifb-title\"><strong>Forebyg kroniske lidelser<\/strong><\/h3><\/div><\/div><p class=\"uagb-ifb-desc\">  Gennem proaktiv sundhedsstyring.<\/p><div class=\"uagb-ifb-separator\"><\/div><\/div><\/div>\n<\/div>\n<\/div><\/div>\n\n\n\n<div class=\"wp-block-uagb-separator uagb-block-39a433fa\"><div class=\"wp-block-uagb-separator__inner\" style=\"--my-background-image:\"><\/div><\/div>\n<\/div><\/div>\n\n\n\n<div class=\"wp-block-uagb-container uagb-block-93d4866e alignfull uagb-is-root-container\"><div class=\"uagb-container-inner-blocks-wrap\">\n<div class=\"wp-block-uagb-info-box uagb-block-63763c4c uagb-infobox__content-wrap  uagb-infobox-icon-above-title uagb-infobox-image-valign-top\"><div class=\"uagb-ifb-content\"><div class=\"uagb-ifb-title-wrap\"><h6 class=\"uagb-ifb-title-prefix\">Medicinsk termografi og lungesundhed<\/h6><h2 class=\"uagb-ifb-title\">Vil du vide mere, eller har du et sp\u00f8rgsm\u00e5l?<\/h2><\/div><p class=\"uagb-ifb-desc\"><br><a href=\"https:\/\/websitedemos.net\/lotus-spa-02\/?brainstormforce=pTXyytedV9E9TFhT#\" target=\"_blank\" rel=\"noopener\"><\/a><\/p><div class=\"uagb-ifb-button-wrapper wp-block-button\"><a href=\"#\" class=\"uagb-infobox-cta-link wp-block-button__link\" target=\"_self\" rel=\"noopener noreferrer\" onclick=\"return false;\"><span class=\"uagb-inline-editing\">contact us<\/span><svg xmlns=\"https:\/\/www.w3.org\/2000\/svg\" viewBox=\"0 0 512 512\"><path d=\"M502.6 278.6l-128 128c-12.51 12.51-32.76 12.49-45.25 0c-12.5-12.5-12.5-32.75 0-45.25L402.8 288H32C14.31 288 0 273.7 0 255.1S14.31 224 32 224h370.8l-73.38-73.38c-12.5-12.5-12.5-32.75 0-45.25s32.75-12.5 45.25 0l128 128C515.1 245.9 515.1 266.1 502.6 278.6z\"><\/path><\/svg><\/a><\/div><\/div><\/div>\n<\/div><\/div>\n","protected":false},"excerpt":{"rendered":"<p>Fremme af lungesundhed med termografi Hos Revive er vi dedikerede til at levere innovative, ikke-invasive l\u00f8sninger til optimal sundhed. Medicinsk termografi er et banebrydende diagnostisk v\u00e6rkt\u00f8j, der bruger infrar\u00f8d billeddannelse til at registrere subtile \u00e6ndringer i temperatur og blodgennemstr\u00f8mning, hvilket giver v\u00e6rdifuld indsigt i lungernes sundhed. Denne teknologi giver mulighed for tidlig opdagelse af luftvejsproblemer [&hellip;]<\/p>\n","protected":false},"author":1,"featured_media":0,"parent":0,"menu_order":0,"comment_status":"closed","ping_status":"closed","template":"","meta":{"_uag_custom_page_level_css":"","site-sidebar-layout":"default","site-content-layout":"","ast-site-content-layout":"default","site-content-style":"default","site-sidebar-style":"default","ast-global-header-display":"","ast-banner-title-visibility":"","ast-main-header-display":"","ast-hfb-above-header-display":"","ast-hfb-below-header-display":"","ast-hfb-mobile-header-display":"","site-post-title":"disabled","ast-breadcrumbs-content":"","ast-featured-img":"","footer-sml-layout":"","ast-disable-related-posts":"","theme-transparent-header-meta":"","adv-header-id-meta":"","stick-header-meta":"","header-above-stick-meta":"","header-main-stick-meta":"","header-below-stick-meta":"","astra-migrate-meta-layouts":"set","ast-page-background-enabled":"default","ast-page-background-meta":{"desktop":{"background-color":"var(--ast-global-color-4)","background-image":"","background-repeat":"repeat","background-position":"center center","background-size":"auto","background-attachment":"scroll","background-type":"","background-media":"","overlay-type":"","overlay-color":"","overlay-opacity":"","overlay-gradient":""},"tablet":{"background-color":"","background-image":"","background-repeat":"repeat","background-position":"center center","background-size":"auto","background-attachment":"scroll","background-type":"","background-media":"","overlay-type":"","overlay-color":"","overlay-opacity":"","overlay-gradient":""},"mobile":{"background-color":"","background-image":"","background-repeat":"repeat","background-position":"center center","background-size":"auto","background-attachment":"scroll","background-type":"","background-media":"","overlay-type":"","overlay-color":"","overlay-opacity":"","overlay-gradient":""}},"ast-content-background-meta":{"desktop":{"background-color":"var(--ast-global-color-5)","background-image":"","background-repeat":"repeat","background-position":"center center","background-size":"auto","background-attachment":"scroll","background-type":"","background-media":"","overlay-type":"","overlay-color":"","overlay-opacity":"","overlay-gradient":""},"tablet":{"background-color":"var(--ast-global-color-5)","background-image":"","background-repeat":"repeat","background-position":"center center","background-size":"auto","background-attachment":"scroll","background-type":"","background-media":"","overlay-type":"","overlay-color":"","overlay-opacity":"","overlay-gradient":""},"mobile":{"background-color":"var(--ast-global-color-5)","background-image":"","background-repeat":"repeat","background-position":"center center","background-size":"auto","background-attachment":"scroll","background-type":"","background-media":"","overlay-type":"","overlay-color":"","overlay-opacity":"","overlay-gradient":""}},"footnotes":""},"class_list":["post-4923","page","type-page","status-publish","hentry"],"featured_image_src":null,"uagb_featured_image_src":{"full":false,"thumbnail":false,"medium":false,"medium_large":false,"large":false,"1536x1536":false,"2048x2048":false},"uagb_author_info":{"display_name":"r.d.j.bleekrode@gmail.com","author_link":"https:\/\/reviverechargeyourlife.dk\/da\/author\/r-d-j-bleekrodegmail-com\/"},"uagb_comment_info":0,"uagb_excerpt":"Fremme af lungesundhed med termografi Hos Revive er vi dedikerede til at levere innovative, ikke-invasive l\u00f8sninger til optimal sundhed. Medicinsk termografi er et banebrydende diagnostisk v\u00e6rkt\u00f8j, der bruger infrar\u00f8d billeddannelse til at registrere subtile \u00e6ndringer i temperatur og blodgennemstr\u00f8mning, hvilket giver v\u00e6rdifuld indsigt i lungernes sundhed. Denne teknologi giver mulighed for tidlig opdagelse af luftvejsproblemer&hellip;","_links":{"self":[{"href":"https:\/\/reviverechargeyourlife.dk\/da\/wp-json\/wp\/v2\/pages\/4923","targetHints":{"allow":["GET"]}}],"collection":[{"href":"https:\/\/reviverechargeyourlife.dk\/da\/wp-json\/wp\/v2\/pages"}],"about":[{"href":"https:\/\/reviverechargeyourlife.dk\/da\/wp-json\/wp\/v2\/types\/page"}],"author":[{"embeddable":true,"href":"https:\/\/reviverechargeyourlife.dk\/da\/wp-json\/wp\/v2\/users\/1"}],"replies":[{"embeddable":true,"href":"https:\/\/reviverechargeyourlife.dk\/da\/wp-json\/wp\/v2\/comments?post=4923"}],"version-history":[{"count":2,"href":"https:\/\/reviverechargeyourlife.dk\/da\/wp-json\/wp\/v2\/pages\/4923\/revisions"}],"predecessor-version":[{"id":6087,"href":"https:\/\/reviverechargeyourlife.dk\/da\/wp-json\/wp\/v2\/pages\/4923\/revisions\/6087"}],"wp:attachment":[{"href":"https:\/\/reviverechargeyourlife.dk\/da\/wp-json\/wp\/v2\/media?parent=4923"}],"curies":[{"name":"wp","href":"https:\/\/api.w.org\/{rel}","templated":true}]}}