{"id":4774,"date":"2024-11-26T16:18:53","date_gmt":"2024-11-26T16:18:53","guid":{"rendered":"https:\/\/reviverechargeyourlife.dk\/hvordan-termografi-kan-give-indsigt-i-fordojelsessygdomme\/"},"modified":"2025-03-03T21:01:21","modified_gmt":"2025-03-03T21:01:21","slug":"hvordan-termografi-kan-give-indsigt-i-fordojelsessygdomme","status":"publish","type":"page","link":"https:\/\/reviverechargeyourlife.dk\/da\/hvordan-termografi-kan-give-indsigt-i-fordojelsessygdomme\/","title":{"rendered":"Termografi og ford\u00f8jelsesproblemer"},"content":{"rendered":"\n<div class=\"wp-block-uagb-container uagb-block-48953817 alignfull uagb-is-root-container\"><div class=\"uagb-container-inner-blocks-wrap\"><\/div><\/div>\n\n<div class=\"wp-block-uagb-container uagb-block-07487273 alignfull uagb-is-root-container\"><div class=\"uagb-container-inner-blocks-wrap\"><\/div><\/div>\n\n<div class=\"wp-block-uagb-container uagb-block-x7fyyjtc alignfull uagb-is-root-container\"><div class=\"uagb-container-inner-blocks-wrap\">\n<div class=\"wp-block-uagb-container uagb-block-dxp9xfv5\">\n<div class=\"wp-block-uagb-info-box uagb-block-vnd1mphg uagb-infobox__content-wrap  uagb-infobox-icon-above-title uagb-infobox-image-valign-top\"><div class=\"uagb-ifb-content\"><div class=\"uagb-ifb-title-wrap\"><p class=\"uagb-ifb-title-prefix\">Medicinsk termografi<\/p><h1 class=\"uagb-ifb-title\">Ford\u00f8jelsesproblemer<\/h1><\/div><p class=\"uagb-ifb-desc\">En proaktiv tilgang til sundhed.<\/p><\/div><\/div>\n\n\n\n<div class=\"wp-block-uagb-buttons uagb-buttons__outer-wrap uagb-btn__default-btn uagb-btn-tablet__default-btn uagb-btn-mobile__default-btn uagb-block-chp7jiar\"><div class=\"uagb-buttons__wrap uagb-buttons-layout-wrap \">\n<div class=\"wp-block-uagb-buttons-child uagb-buttons__outer-wrap uagb-block-yqdgpemi wp-block-button\"><div class=\"uagb-button__wrapper\"><a class=\"uagb-buttons-repeater wp-block-button__link\" aria-label=\"\" href=\"#\" rel=\"follow noopener\" target=\"_self\" role=\"button\"><div class=\"uagb-button__link\">Begynd nu<\/div><\/a><\/div><\/div>\n<\/div><\/div>\n<\/div>\n\n\n\n<div class=\"wp-block-uagb-image alignleft uagb-block-q10rcphg wp-block-uagb-image--layout-default wp-block-uagb-image--effect-static wp-block-uagb-image--align-left\"><figure class=\"wp-block-uagb-image__figure\"><img decoding=\"async\" srcset=\"https:\/\/reviverechargeyourlife.dk\/wp-content\/uploads\/2025\/02\/imageedit_2_4620839161.jpg ,https:\/\/reviverechargeyourlife.dk\/wp-content\/uploads\/2025\/02\/imageedit_2_4620839161-146x300.jpg 780w, https:\/\/reviverechargeyourlife.dk\/wp-content\/uploads\/2025\/02\/imageedit_2_4620839161-146x300.jpg 360w\" sizes=\"auto, (max-width: 480px) 150px\" src=\"https:\/\/reviverechargeyourlife.dk\/wp-content\/uploads\/2025\/02\/imageedit_2_4620839161.jpg\" alt=\"\" class=\"uag-image-3960\" width=\"232\" height=\"477\" title=\"imageedit_2_4620839161\" loading=\"lazy\" role=\"img\"><\/figure><\/div>\n<\/div><\/div>\n\n<div class=\"wp-block-uagb-container uagb-block-92vxam1k alignfull uagb-is-root-container\"><div class=\"uagb-container-inner-blocks-wrap\">\n<div class=\"wp-block-uagb-info-box uagb-block-kfaxps8u uagb-infobox__content-wrap  uagb-infobox-icon-above-title uagb-infobox-image-valign-top\"><div class=\"uagb-ifb-content\"><div class=\"uagb-ifb-title-wrap\"><p class=\"uagb-ifb-title-prefix\">Deltag i sundhedsoptimeringsrevolutionen<\/p><\/div><p class=\"uagb-ifb-desc\">Ford\u00f8jelsesproblemer kan p\u00e5virke mennesker p\u00e5 mange m\u00e5der, lige fra at for\u00e5rsage ubehag til at p\u00e5virke deres dagligdag betydeligt. Disse tilstande omfatter problemer som irritabel tyktarm (IBS), inflammatorisk tarmsygdom (IBD) og bakteriel overv\u00e6kst i tyndtarmen (SIBO). Det kan v\u00e6re en udfordring at h\u00e5ndtere tarmsundhed, men innovative v\u00e6rkt\u00f8jer som termografi giver nyt h\u00e5b. Denne ikke-invasive billeddannelsesteknik hj\u00e6lper med at afd\u00e6kke skjulte ubalancer, der bidrager til ford\u00f8jelsesproblemer, og baner vejen for bedre pleje og lindring.   <\/p><\/div><\/div>\n<\/div><\/div>\n\n<div class=\"wp-block-uagb-container uagb-block-dccuqnoa alignfull uagb-is-root-container\"><div class=\"uagb-container-inner-blocks-wrap\">\n<div class=\"wp-block-uagb-info-box uagb-block-b5574332 uagb-infobox__content-wrap  uagb-infobox-icon-above-title uagb-infobox-image-valign-top wp-block-uagb-info-box--has-margin\"><div class=\"uagb-infobox-margin-wrapper\"><div class=\"uagb-ifb-content\"><div class=\"uagb-ifb-title-wrap\"><h2 class=\"uagb-ifb-title\"><strong>Hvad er ford\u00f8jelsesproblemer?<\/strong><\/h2><\/div><p class=\"uagb-ifb-desc\">Ford\u00f8jelsessygdomme p\u00e5virker mave-tarmkanalen (GI), som omfatter organer som mave, tarme og spiser\u00f8r. Nogle almindelige tilstande omfatter: <br\/><\/p><\/div><\/div><\/div>\n\n\n\n<div class=\"wp-block-uagb-icon-list uagb-block-be2b0452\"><div class=\"uagb-icon-list__wrap\">\n<div class=\"wp-block-uagb-icon-list-child uagb-block-bd881937\"><span class=\"uagb-icon-list__source-wrap\"><svg xmlns=\"https:\/\/www.w3.org\/2000\/svg\" viewbox=\"0 0 448 512\"><path d=\"M438.6 105.4C451.1 117.9 451.1 138.1 438.6 150.6L182.6 406.6C170.1 419.1 149.9 419.1 137.4 406.6L9.372 278.6C-3.124 266.1-3.124 245.9 9.372 233.4C21.87 220.9 42.13 220.9 54.63 233.4L159.1 338.7L393.4 105.4C405.9 92.88 426.1 92.88 438.6 105.4H438.6z\"><\/path><\/svg><\/span><span class=\"uagb-icon-list__label\"><strong>Irritabel tarm-syndrom (IBS):<\/strong> Symptomer som mavesmerter, oppustethed, diarr\u00e9 eller forstoppelse g\u00f8r det sv\u00e6rt at f\u00f8le sig godt tilpas&#8230;<\/span><\/div>\n\n\n\n<div class=\"wp-block-uagb-icon-list-child uagb-block-079768cf\"><span class=\"uagb-icon-list__source-wrap\"><svg xmlns=\"https:\/\/www.w3.org\/2000\/svg\" viewbox=\"0 0 448 512\"><path d=\"M438.6 105.4C451.1 117.9 451.1 138.1 438.6 150.6L182.6 406.6C170.1 419.1 149.9 419.1 137.4 406.6L9.372 278.6C-3.124 266.1-3.124 245.9 9.372 233.4C21.87 220.9 42.13 220.9 54.63 233.4L159.1 338.7L393.4 105.4C405.9 92.88 426.1 92.88 438.6 105.4H438.6z\"><\/path><\/svg><\/span><span class=\"uagb-icon-list__label\"><strong>Inflammatorisk tarmsygdom (IBD):<\/strong> Kronisk inflammation, som det ses ved Crohns sygdom og colitis ulcerosa, kan med tiden skade mave-tarmv\u00e6vet.<\/span><\/div>\n\n\n\n<div class=\"wp-block-uagb-icon-list-child uagb-block-282c92af\"><span class=\"uagb-icon-list__source-wrap\"><svg xmlns=\"https:\/\/www.w3.org\/2000\/svg\" viewbox=\"0 0 448 512\"><path d=\"M438.6 105.4C451.1 117.9 451.1 138.1 438.6 150.6L182.6 406.6C170.1 419.1 149.9 419.1 137.4 406.6L9.372 278.6C-3.124 266.1-3.124 245.9 9.372 233.4C21.87 220.9 42.13 220.9 54.63 233.4L159.1 338.7L393.4 105.4C405.9 92.88 426.1 92.88 438.6 105.4H438.6z\"><\/path><\/svg><\/span><span class=\"uagb-icon-list__label\"><strong>Gastro\u00f8sofageal reflukssygdom (GERD):<\/strong> Sure opst\u00f8d og halsbrand kan f\u00f8re til bet\u00e6ndelse og irritation i spiser\u00f8ret.<\/span><\/div>\n\n\n\n<div class=\"wp-block-uagb-icon-list-child uagb-block-708c79e2\"><span class=\"uagb-icon-list__source-wrap\"><svg xmlns=\"https:\/\/www.w3.org\/2000\/svg\" viewbox=\"0 0 448 512\"><path d=\"M438.6 105.4C451.1 117.9 451.1 138.1 438.6 150.6L182.6 406.6C170.1 419.1 149.9 419.1 137.4 406.6L9.372 278.6C-3.124 266.1-3.124 245.9 9.372 233.4C21.87 220.9 42.13 220.9 54.63 233.4L159.1 338.7L393.4 105.4C405.9 92.88 426.1 92.88 438.6 105.4H438.6z\"><\/path><\/svg><\/span><span class=\"uagb-icon-list__label\"><strong>Bakteriel overv\u00e6kst i tyndtarmen (SIBO):<\/strong> Dette indeb\u00e6rer for mange bakterier i tyndtarmen, hvilket ofte for\u00e5rsager oppustethed og mavesmerter.<\/span><\/div>\n\n\n\n<div class=\"wp-block-uagb-icon-list-child uagb-block-87687479\"><\/div>\n\n\n\n<div class=\"wp-block-uagb-icon-list-child uagb-block-bd1c0726\"><span class=\"uagb-icon-list__label\">Traditionelle tests som endoskopier og billedunders\u00f8gelser er fremragende til at diagnosticere etablerede tilstande. Men de kan overse tidlige advarselstegn eller mindre ubalancer, som senere kan f\u00f8re til st\u00f8rre problemer. <\/span><\/div>\n<\/div><\/div>\n\n\n\n<div class=\"wp-block-uagb-separator uagb-block-0cae2395\"><div class=\"wp-block-uagb-separator__inner\" style=\"--my-background-image:\"><\/div><\/div>\n\n\n\n<div class=\"wp-block-uagb-info-box uagb-block-b497cde3 uagb-infobox__content-wrap  uagb-infobox-icon-above-title uagb-infobox-image-valign-top wp-block-uagb-info-box--has-margin\"><div class=\"uagb-infobox-margin-wrapper\"><div class=\"uagb-ifb-content\"><div class=\"uagb-ifb-title-wrap\"><h2 class=\"uagb-ifb-title\"><strong>Hvordan kan termografi hj\u00e6lpe?<\/strong><\/h2><\/div><p class=\"uagb-ifb-desc\">Termografi er en sikker, ikke-invasiv billeddannelsesmetode, der bruger varmem\u00f8nstre til at give et fingerpeg om, hvad der sker inde i kroppen. Ved at m\u00e5le temperaturforskelle i maveomr\u00e5det hj\u00e6lper den med at opdage problemer som bet\u00e6ndelse, \u00e6ndringer i blodgennemstr\u00f8mningen eller nerveproblemer i forbindelse med ford\u00f8jelsesforstyrrelser. <br\/><br\/>S\u00e5dan virker termografi p\u00e5 almindelige ford\u00f8jelsesproblemer:<br\/><\/p><\/div><\/div><\/div>\n\n\n\n<div class=\"wp-block-uagb-icon-list uagb-block-55e77a9e\"><div class=\"uagb-icon-list__wrap\">\n<div class=\"wp-block-uagb-icon-list-child uagb-block-05512b53\"><span class=\"uagb-icon-list__source-wrap\"><svg xmlns=\"https:\/\/www.w3.org\/2000\/svg\" viewbox=\"0 0 448 512\"><path d=\"M438.6 105.4C451.1 117.9 451.1 138.1 438.6 150.6L182.6 406.6C170.1 419.1 149.9 419.1 137.4 406.6L9.372 278.6C-3.124 266.1-3.124 245.9 9.372 233.4C21.87 220.9 42.13 220.9 54.63 233.4L159.1 338.7L393.4 105.4C405.9 92.88 426.1 92.88 438.6 105.4H438.6z\"><\/path><\/svg><\/span><span class=\"uagb-icon-list__label\"><strong>IBS:<\/strong> Termografi kan afsl\u00f8re us\u00e6dvanlige blodgennemstr\u00f8mningsm\u00f8nstre eller temperatur\u00e6ndringer, som kan indikere overf\u00f8lsomhed i tarmen eller problemer med motiliteten.<\/span><\/div>\n\n\n\n<div class=\"wp-block-uagb-icon-list-child uagb-block-dcb8ce42\"><span class=\"uagb-icon-list__source-wrap\"><svg xmlns=\"https:\/\/www.w3.org\/2000\/svg\" viewbox=\"0 0 448 512\"><path d=\"M438.6 105.4C451.1 117.9 451.1 138.1 438.6 150.6L182.6 406.6C170.1 419.1 149.9 419.1 137.4 406.6L9.372 278.6C-3.124 266.1-3.124 245.9 9.372 233.4C21.87 220.9 42.13 220.9 54.63 233.4L159.1 338.7L393.4 105.4C405.9 92.88 426.1 92.88 438.6 105.4H438.6z\"><\/path><\/svg><\/span><span class=\"uagb-icon-list__label\"><strong>IBD:<\/strong> Omr\u00e5der med bet\u00e6ndelse viser sig ofte som omr\u00e5der med h\u00f8jere varme, hvilket hj\u00e6lper med at identificere aktive sygdomsomr\u00e5der og overv\u00e5ge udviklingen.<\/span><\/div>\n\n\n\n<div class=\"wp-block-uagb-icon-list-child uagb-block-0a2574e3\"><span class=\"uagb-icon-list__source-wrap\"><svg xmlns=\"https:\/\/www.w3.org\/2000\/svg\" viewbox=\"0 0 448 512\"><path d=\"M438.6 105.4C451.1 117.9 451.1 138.1 438.6 150.6L182.6 406.6C170.1 419.1 149.9 419.1 137.4 406.6L9.372 278.6C-3.124 266.1-3.124 245.9 9.372 233.4C21.87 220.9 42.13 220.9 54.63 233.4L159.1 338.7L393.4 105.4C405.9 92.88 426.1 92.88 438.6 105.4H438.6z\"><\/path><\/svg><\/span><span class=\"uagb-icon-list__label\"><strong>GERD:<\/strong> \u00d8get varme i spiser\u00f8ret kan v\u00e6re tegn p\u00e5 irritation eller bet\u00e6ndelse for\u00e5rsaget af sure opst\u00f8d.<\/span><\/div>\n\n\n\n<div class=\"wp-block-uagb-icon-list-child uagb-block-9d83871b\"><span class=\"uagb-icon-list__source-wrap\"><svg xmlns=\"https:\/\/www.w3.org\/2000\/svg\" viewbox=\"0 0 448 512\"><path d=\"M438.6 105.4C451.1 117.9 451.1 138.1 438.6 150.6L182.6 406.6C170.1 419.1 149.9 419.1 137.4 406.6L9.372 278.6C-3.124 266.1-3.124 245.9 9.372 233.4C21.87 220.9 42.13 220.9 54.63 233.4L159.1 338.7L393.4 105.4C405.9 92.88 426.1 92.88 438.6 105.4H438.6z\"><\/path><\/svg><\/span><span class=\"uagb-icon-list__label\"><strong>SIBO:<\/strong> Termografi kan opdage uj\u00e6vne varmem\u00f8nstre i tyndtarmen, hvilket tyder p\u00e5 bakteriel overv\u00e6kst eller problemer med motiliteten.<\/span><\/div>\n<\/div><\/div>\n\n\n\n<div class=\"wp-block-uagb-separator uagb-block-3d687729\"><div class=\"wp-block-uagb-separator__inner\" style=\"--my-background-image:\"><\/div><\/div>\n\n\n\n<div class=\"wp-block-uagb-info-box uagb-block-8b540b2b uagb-infobox__content-wrap  uagb-infobox-icon-above-title uagb-infobox-image-valign-top wp-block-uagb-info-box--has-margin\"><div class=\"uagb-infobox-margin-wrapper\"><div class=\"uagb-ifb-content\"><div class=\"uagb-ifb-title-wrap\"><h2 class=\"uagb-ifb-title\"><strong>Hvorfor bruge termografi til ford\u00f8jelsessundhed?<\/strong><\/h2><\/div><p class=\"uagb-ifb-desc\">Termografi giver flere unikke fordele:<br\/><\/p><\/div><\/div><\/div>\n\n\n\n<div class=\"wp-block-uagb-icon-list uagb-block-416d5311\"><div class=\"uagb-icon-list__wrap\">\n<div class=\"wp-block-uagb-icon-list-child uagb-block-00f65d33\"><span class=\"uagb-icon-list__source-wrap\"><svg xmlns=\"https:\/\/www.w3.org\/2000\/svg\" viewbox=\"0 0 448 512\"><path d=\"M438.6 105.4C451.1 117.9 451.1 138.1 438.6 150.6L182.6 406.6C170.1 419.1 149.9 419.1 137.4 406.6L9.372 278.6C-3.124 266.1-3.124 245.9 9.372 233.4C21.87 220.9 42.13 220.9 54.63 233.4L159.1 338.7L393.4 105.4C405.9 92.88 426.1 92.88 438.6 105.4H438.6z\"><\/path><\/svg><\/span><span class=\"uagb-icon-list__label\"><strong>Tidlig opdagelse:<\/strong> Ved at opdage subtile \u00e6ndringer tidligt hj\u00e6lper termografi med at l\u00f8se problemer, f\u00f8r de eskalerer, hvilket forbedrer tarmsundheden og forebygger komplikationer.<\/span><\/div>\n\n\n\n<div class=\"wp-block-uagb-icon-list-child uagb-block-dd8afc7f\"><span class=\"uagb-icon-list__source-wrap\"><svg xmlns=\"https:\/\/www.w3.org\/2000\/svg\" viewbox=\"0 0 448 512\"><path d=\"M438.6 105.4C451.1 117.9 451.1 138.1 438.6 150.6L182.6 406.6C170.1 419.1 149.9 419.1 137.4 406.6L9.372 278.6C-3.124 266.1-3.124 245.9 9.372 233.4C21.87 220.9 42.13 220.9 54.63 233.4L159.1 338.7L393.4 105.4C405.9 92.88 426.1 92.88 438.6 105.4H438.6z\"><\/path><\/svg><\/span><span class=\"uagb-icon-list__label\"><strong>Ikke-invasiv og sikker:<\/strong> I mods\u00e6tning til tests som endoskopier eller CT-scanninger er termografi helt smertefri, str\u00e5lingsfri og har ingen bivirkninger.<\/span><\/div>\n\n\n\n<div class=\"wp-block-uagb-icon-list-child uagb-block-c8435a44\"><span class=\"uagb-icon-list__source-wrap\"><svg xmlns=\"https:\/\/www.w3.org\/2000\/svg\" viewbox=\"0 0 448 512\"><path d=\"M438.6 105.4C451.1 117.9 451.1 138.1 438.6 150.6L182.6 406.6C170.1 419.1 149.9 419.1 137.4 406.6L9.372 278.6C-3.124 266.1-3.124 245.9 9.372 233.4C21.87 220.9 42.13 220.9 54.63 233.4L159.1 338.7L393.4 105.4C405.9 92.88 426.1 92.88 438.6 105.4H438.6z\"><\/path><\/svg><\/span><span class=\"uagb-icon-list__label\"><strong>Personlige behandlingsplaner:<\/strong> Indsigten fra termografi g\u00f8r det muligt for sundhedspersonalet at skr\u00e6ddersy behandlinger til hver enkelt persons unikke behov.<\/span><\/div>\n\n\n\n<div class=\"wp-block-uagb-icon-list-child uagb-block-b335d523\"><span class=\"uagb-icon-list__source-wrap\"><svg xmlns=\"https:\/\/www.w3.org\/2000\/svg\" viewbox=\"0 0 448 512\"><path d=\"M438.6 105.4C451.1 117.9 451.1 138.1 438.6 150.6L182.6 406.6C170.1 419.1 149.9 419.1 137.4 406.6L9.372 278.6C-3.124 266.1-3.124 245.9 9.372 233.4C21.87 220.9 42.13 220.9 54.63 233.4L159.1 338.7L393.4 105.4C405.9 92.88 426.1 92.88 438.6 105.4H438.6z\"><\/path><\/svg><\/span><span class=\"uagb-icon-list__label\"><strong>Overv\u00e5gning af fremskridt:<\/strong> Termografi kan spore, hvor godt behandlingerne virker, s\u00e5 der kan foretages justeringer efter behov.<\/span><\/div>\n<\/div><\/div>\n\n\n\n<div class=\"wp-block-uagb-separator uagb-block-902cad3c\"><div class=\"wp-block-uagb-separator__inner\" style=\"--my-background-image:\"><\/div><\/div>\n\n\n\n<div class=\"wp-block-uagb-info-box uagb-block-9f49f887 uagb-infobox__content-wrap  uagb-infobox-icon-above-title uagb-infobox-image-valign-top wp-block-uagb-info-box--has-margin\"><div class=\"uagb-infobox-margin-wrapper\"><div class=\"uagb-ifb-content\"><div class=\"uagb-ifb-title-wrap\"><h2 class=\"uagb-ifb-title\"><strong>En ny vej til ford\u00f8jelsessundhed<\/strong><\/h2><\/div><p class=\"uagb-ifb-desc\">Hos <em>Revive<\/em> g\u00f8r termografi det lettere for folk at forst\u00e5 og h\u00e5ndtere deres ford\u00f8jelsessundhed. Ved at tilbyde en klar, ikke-invasiv m\u00e5de at opdage ubalancer p\u00e5, giver det patienter og behandlere mulighed for at handle hurtigere. Dette innovative v\u00e6rkt\u00f8j handler ikke kun om at diagnosticere problemer, men ogs\u00e5 om at skabe personlige l\u00f8sninger og forbedre de langsigtede resultater.  <br\/><br\/>Med termografi kan enkeltpersoner f\u00e5 en bedre forst\u00e5else af deres ford\u00f8jelsessundhed, hvilket hj\u00e6lper dem med at tage ansvar for deres velbefindende og finde lindring fra gastrointestinalt ubehag. Uanset om du k\u00e6mper med IBS, IBD, GERD eller SIBO, \u00e5bner termografi d\u00f8ren til en sundere tarm og en bedre livskvalitet. <br\/><\/p><\/div><\/div><\/div>\n<\/div><\/div>\n\n<div class=\"wp-block-uagb-container uagb-block-93d4866e alignfull uagb-is-root-container\"><div class=\"uagb-container-inner-blocks-wrap\">\n<div class=\"wp-block-uagb-info-box uagb-block-63763c4c uagb-infobox__content-wrap  uagb-infobox-icon-above-title uagb-infobox-image-valign-top\"><div class=\"uagb-ifb-content\"><div class=\"uagb-ifb-title-wrap\"><h6 class=\"uagb-ifb-title-prefix\">Medicinsk termografi og ford\u00f8jelsessundhed<\/h6><h2 class=\"uagb-ifb-title\">Vil du vide mere, eller har du et sp\u00f8rgsm\u00e5l?<\/h2><\/div><p class=\"uagb-ifb-desc\"><br\/><a href=\"https:\/\/websitedemos.net\/lotus-spa-02\/?brainstormforce=pTXyytedV9E9TFhT#\" target=\"_blank\" rel=\"noopener\"><\/a><\/p><div class=\"uagb-ifb-button-wrapper wp-block-button\"><a href=\"#\" class=\"uagb-infobox-cta-link wp-block-button__link\" target=\"_self\" rel=\"noopener noreferrer\" onclick=\"return false;\"><span class=\"uagb-inline-editing\">kontakt<\/span><svg xmlns=\"https:\/\/www.w3.org\/2000\/svg\" viewbox=\"0 0 512 512\"><path d=\"M502.6 278.6l-128 128c-12.51 12.51-32.76 12.49-45.25 0c-12.5-12.5-12.5-32.75 0-45.25L402.8 288H32C14.31 288 0 273.7 0 255.1S14.31 224 32 224h370.8l-73.38-73.38c-12.5-12.5-12.5-32.75 0-45.25s32.75-12.5 45.25 0l128 128C515.1 245.9 515.1 266.1 502.6 278.6z\"><\/path><\/svg><\/a><\/div><\/div><\/div>\n<\/div><\/div>\n","protected":false},"excerpt":{"rendered":"","protected":false},"author":1,"featured_media":0,"parent":0,"menu_order":0,"comment_status":"closed","ping_status":"closed","template":"","meta":{"_uag_custom_page_level_css":"","site-sidebar-layout":"default","site-content-layout":"","ast-site-content-layout":"default","site-content-style":"default","site-sidebar-style":"default","ast-global-header-display":"","ast-banner-title-visibility":"","ast-main-header-display":"","ast-hfb-above-header-display":"","ast-hfb-below-header-display":"","ast-hfb-mobile-header-display":"","site-post-title":"disabled","ast-breadcrumbs-content":"","ast-featured-img":"","footer-sml-layout":"","ast-disable-related-posts":"","theme-transparent-header-meta":"","adv-header-id-meta":"","stick-header-meta":"","header-above-stick-meta":"","header-main-stick-meta":"","header-below-stick-meta":"","astra-migrate-meta-layouts":"default","ast-page-background-enabled":"default","ast-page-background-meta":{"desktop":{"background-color":"var(--ast-global-color-5)","background-image":"","background-repeat":"repeat","background-position":"center center","background-size":"auto","background-attachment":"scroll","background-type":"","background-media":"","overlay-type":"","overlay-color":"","overlay-opacity":"","overlay-gradient":""},"tablet":{"background-color":"","background-image":"","background-repeat":"repeat","background-position":"center center","background-size":"auto","background-attachment":"scroll","background-type":"","background-media":"","overlay-type":"","overlay-color":"","overlay-opacity":"","overlay-gradient":""},"mobile":{"background-color":"","background-image":"","background-repeat":"repeat","background-position":"center center","background-size":"auto","background-attachment":"scroll","background-type":"","background-media":"","overlay-type":"","overlay-color":"","overlay-opacity":"","overlay-gradient":""}},"ast-content-background-meta":{"desktop":{"background-color":"var(--ast-global-color-4)","background-image":"","background-repeat":"repeat","background-position":"center center","background-size":"auto","background-attachment":"scroll","background-type":"","background-media":"","overlay-type":"","overlay-color":"","overlay-opacity":"","overlay-gradient":""},"tablet":{"background-color":"var(--ast-global-color-4)","background-image":"","background-repeat":"repeat","background-position":"center center","background-size":"auto","background-attachment":"scroll","background-type":"","background-media":"","overlay-type":"","overlay-color":"","overlay-opacity":"","overlay-gradient":""},"mobile":{"background-color":"var(--ast-global-color-4)","background-image":"","background-repeat":"repeat","background-position":"center center","background-size":"auto","background-attachment":"scroll","background-type":"","background-media":"","overlay-type":"","overlay-color":"","overlay-opacity":"","overlay-gradient":""}},"footnotes":""},"class_list":["post-4774","page","type-page","status-publish","hentry"],"featured_image_src":null,"uagb_featured_image_src":{"full":false,"thumbnail":false,"medium":false,"medium_large":false,"large":false,"1536x1536":false,"2048x2048":false},"uagb_author_info":{"display_name":"r.d.j.bleekrode@gmail.com","author_link":"https:\/\/reviverechargeyourlife.dk\/da\/author\/r-d-j-bleekrodegmail-com\/"},"uagb_comment_info":0,"uagb_excerpt":null,"_links":{"self":[{"href":"https:\/\/reviverechargeyourlife.dk\/da\/wp-json\/wp\/v2\/pages\/4774","targetHints":{"allow":["GET"]}}],"collection":[{"href":"https:\/\/reviverechargeyourlife.dk\/da\/wp-json\/wp\/v2\/pages"}],"about":[{"href":"https:\/\/reviverechargeyourlife.dk\/da\/wp-json\/wp\/v2\/types\/page"}],"author":[{"embeddable":true,"href":"https:\/\/reviverechargeyourlife.dk\/da\/wp-json\/wp\/v2\/users\/1"}],"replies":[{"embeddable":true,"href":"https:\/\/reviverechargeyourlife.dk\/da\/wp-json\/wp\/v2\/comments?post=4774"}],"version-history":[{"count":4,"href":"https:\/\/reviverechargeyourlife.dk\/da\/wp-json\/wp\/v2\/pages\/4774\/revisions"}],"predecessor-version":[{"id":6082,"href":"https:\/\/reviverechargeyourlife.dk\/da\/wp-json\/wp\/v2\/pages\/4774\/revisions\/6082"}],"wp:attachment":[{"href":"https:\/\/reviverechargeyourlife.dk\/da\/wp-json\/wp\/v2\/media?parent=4774"}],"curies":[{"name":"wp","href":"https:\/\/api.w.org\/{rel}","templated":true}]}}