{"id":4698,"date":"2025-02-26T13:51:39","date_gmt":"2025-02-26T13:51:39","guid":{"rendered":"https:\/\/reviverechargeyourlife.dk\/termografi-et-revolutionerende-vaerktoj-til-oral-sundhed-og-mere-til\/"},"modified":"2025-03-11T09:37:51","modified_gmt":"2025-03-11T09:37:51","slug":"termografi-et-revolutionerende-vaerktoj-til-oral-sundhed-og-mere-til","status":"publish","type":"page","link":"https:\/\/reviverechargeyourlife.dk\/da\/termografi-et-revolutionerende-vaerktoj-til-oral-sundhed-og-mere-til\/","title":{"rendered":"Termografi: Et revolutionerende v\u00e6rkt\u00f8j til oral sundhed og mere til"},"content":{"rendered":"\n<div class=\"wp-block-uagb-container uagb-block-x7fyyjtc alignfull uagb-is-root-container\"><div class=\"uagb-container-inner-blocks-wrap\">\n<div class=\"wp-block-uagb-container uagb-block-dxp9xfv5\">\n<div class=\"wp-block-uagb-info-box uagb-block-vnd1mphg uagb-infobox__content-wrap  uagb-infobox-icon-above-title uagb-infobox-image-valign-top\"><div class=\"uagb-ifb-content\"><div class=\"uagb-ifb-title-wrap\"><p class=\"uagb-ifb-title-prefix\">Medicinsk termografi<\/p><h1 class=\"uagb-ifb-title\">Mundhygiejne<\/h1><\/div><p class=\"uagb-ifb-desc\">En proaktiv tilgang.<\/p><\/div><\/div>\n\n\n\n<div class=\"wp-block-uagb-buttons uagb-buttons__outer-wrap uagb-btn__default-btn uagb-btn-tablet__default-btn uagb-btn-mobile__default-btn uagb-block-chp7jiar\"><div class=\"uagb-buttons__wrap uagb-buttons-layout-wrap \">\n<div class=\"wp-block-uagb-buttons-child uagb-buttons__outer-wrap uagb-block-yqdgpemi wp-block-button\"><div class=\"uagb-button__wrapper\"><a class=\"uagb-buttons-repeater wp-block-button__link\" aria-label=\"\" href=\"https:\/\/reviverechargeyourlife.dk\/booking-thermography\/\" rel=\"follow noopener\" target=\"_self\" role=\"button\"><div class=\"uagb-button__link\">Get Started<\/div><\/a><\/div><\/div>\n<\/div><\/div>\n<\/div>\n\n\n\n<div class=\"wp-block-uagb-image alignleft uagb-block-q10rcphg wp-block-uagb-image--layout-default wp-block-uagb-image--effect-static wp-block-uagb-image--align-left\"><figure class=\"wp-block-uagb-image__figure\"><img decoding=\"async\" srcset=\"https:\/\/reviverechargeyourlife.dk\/wp-content\/uploads\/2025\/02\/avatar-face-thermohuman-woman-284x300.png ,https:\/\/reviverechargeyourlife.dk\/wp-content\/uploads\/2025\/02\/avatar-face-thermohuman-woman.png 780w, https:\/\/reviverechargeyourlife.dk\/wp-content\/uploads\/2025\/02\/avatar-face-thermohuman-woman.png 360w\" sizes=\"auto, (max-width: 480px) 150px\" src=\"https:\/\/reviverechargeyourlife.dk\/wp-content\/uploads\/2025\/02\/avatar-face-thermohuman-woman-284x300.png\" alt=\"\" class=\"uag-image-4081\" width=\"284\" height=\"300\" title=\"avatar face thermohuman woman\" loading=\"lazy\" role=\"img\"\/><\/figure><\/div>\n<\/div><\/div>\n\n\n\n<div class=\"wp-block-uagb-container uagb-block-92vxam1k alignfull uagb-is-root-container\"><div class=\"uagb-container-inner-blocks-wrap\">\n<div class=\"wp-block-uagb-info-box uagb-block-kfaxps8u uagb-infobox__content-wrap  uagb-infobox-icon-above-title uagb-infobox-image-valign-top\"><div class=\"uagb-ifb-content\"><div class=\"uagb-ifb-title-wrap\"><p class=\"uagb-ifb-title-prefix\">Deltag i sundhedsoptimeringsrevolutionen<\/p><\/div><p class=\"uagb-ifb-desc\">Termografi, ogs\u00e5 kendt som termisk billeddannelse, er et ikke-invasivt diagnostisk v\u00e6rkt\u00f8j, der bruger infrar\u00f8de kameraer til at registrere og m\u00e5le den termiske energi, der udsendes fra hudens overflade. Denne energi oms\u00e6ttes til et visuelt kort over temperaturvariationer i hele kroppen, inklusive mundhulen. I mundhulen kan disse variationer afsl\u00f8re tidlige tegn p\u00e5 bet\u00e6ndelse, infektioner eller uregelm\u00e6ssigheder i blodgennemstr\u00f8mningen, hvilket kan v\u00e6re tegn p\u00e5 tilstande som tandk\u00f8dssygdomme, tandinfektioner eller endda tidlig mundhulekr\u00e6ft. Termografi er en sikker og effektiv m\u00e5de at overv\u00e5ge og vurdere din mundsundhed p\u00e5 uden behov for invasive procedurer.   <\/p><\/div><\/div>\n<\/div><\/div>\n\n\n\n<div class=\"wp-block-uagb-container uagb-block-dccuqnoa alignfull uagb-is-root-container\"><div class=\"uagb-container-inner-blocks-wrap\">\n<div class=\"wp-block-uagb-info-box uagb-block-kzlrs1yh uagb-infobox__content-wrap  uagb-infobox-icon-above-title uagb-infobox-image-valign-top wp-block-uagb-info-box--has-margin\"><div class=\"uagb-infobox-margin-wrapper\"><div class=\"uagb-ifb-content\"><div class=\"uagb-ifb-title-wrap\"><h2 class=\"uagb-ifb-title\">Forst\u00e5else af termografi i oral sundhed<\/h2><\/div><p class=\"uagb-ifb-desc\">Termografi er baseret p\u00e5 princippet om, at varme er et naturligt biprodukt af metabolisk aktivitet og blodcirkulation. Omr\u00e5der med bet\u00e6ndelse, infektion eller unormal cellev\u00e6kst genererer h\u00f8jere temperaturer p\u00e5 grund af \u00f8get blodgennemstr\u00f8mning og stofskifte. Omvendt resulterer reduceret blodgennemstr\u00f8mning eller v\u00e6vsskade, som det ses ved tilstande som hypotermi, i k\u00f8ligere omr\u00e5der, som ogs\u00e5 kan registreres ved hj\u00e6lp af termografisk billeddannelse.  <br><br>Inden for oral sundhed giver termografi et dynamisk kort over temperaturvariationer, hvilket g\u00f8r det muligt at spotte problemomr\u00e5der, der er usynlige for det blotte \u00f8je eller endnu ikke er symptomatiske. Det er et v\u00e6rdifuldt supplement til traditionelle diagnostiske metoder, der hj\u00e6lper med at lokalisere problemer tidligt og overv\u00e5ge deres udvikling over tid. <\/p><\/div><\/div><\/div>\n\n\n\n<div class=\"wp-block-uagb-separator uagb-block-09a46bbe\"><div class=\"wp-block-uagb-separator__inner\" style=\"--my-background-image:\"><\/div><\/div>\n\n\n\n<div class=\"wp-block-uagb-info-box uagb-block-b5574332 uagb-infobox__content-wrap  uagb-infobox-icon-above-title uagb-infobox-image-valign-top wp-block-uagb-info-box--has-margin\"><div class=\"uagb-infobox-margin-wrapper\"><div class=\"uagb-ifb-content\"><div class=\"uagb-ifb-title-wrap\"><h2 class=\"uagb-ifb-title\"><strong>Opsporing af tandinfektioner med termografi<\/strong><\/h2><\/div><p class=\"uagb-ifb-desc\">Tandinfektioner begynder ofte uden m\u00e6rkbare symptomer og udvikler sig stille og roligt, indtil de bliver alvorlige. Disse &#8220;tavse trusler&#8221; kan f\u00f8re til uoprettelige skader, herunder tandtab eller systemiske infektioner, hvis de ikke behandles. Traditionelle tandunders\u00f8gelser og r\u00f8ntgenbilleder er ganske vist effektive, men de afsl\u00f8rer ikke altid problemer p\u00e5 et tidligt stadie, som er skjult i v\u00e6vet.  <br><br>Termografi udm\u00e6rker sig i dette scenarie ved at identificere subtile temperatur\u00e6ndringer i forbindelse med bet\u00e6ndelse. En termografisk scanning kan afsl\u00f8re lokaliserede &#8220;hot spots&#8221; omkring t\u00e6nder, tandk\u00f8d eller k\u00e6be, hvilket signalerer potentielle infektioner, selv f\u00f8r de for\u00e5rsager ubehag. Det giver tandl\u00e6gerne mulighed for at handle hurtigt, hvilket forhindrer behovet for invasive behandlinger som ekstraktioner og bevarer de naturlige t\u00e6nder.  <br><\/p><\/div><\/div><\/div>\n\n\n\n<div class=\"wp-block-uagb-separator uagb-block-0cae2395\"><div class=\"wp-block-uagb-separator__inner\" style=\"--my-background-image:\"><\/div><\/div>\n\n\n\n<div class=\"wp-block-uagb-info-box uagb-block-b497cde3 uagb-infobox__content-wrap  uagb-infobox-icon-above-title uagb-infobox-image-valign-top wp-block-uagb-info-box--has-margin\"><div class=\"uagb-infobox-margin-wrapper\"><div class=\"uagb-ifb-content\"><div class=\"uagb-ifb-title-wrap\"><h2 class=\"uagb-ifb-title\">Fordele ved termografi<\/h2><\/div><p class=\"uagb-ifb-desc\">Termografi giver unikke fordele ved vurdering af oral sundhed:<br><\/p><\/div><\/div><\/div>\n\n\n\n<div class=\"wp-block-uagb-icon-list uagb-block-55e77a9e\"><div class=\"uagb-icon-list__wrap\">\n<div class=\"wp-block-uagb-icon-list-child uagb-block-05512b53\"><span class=\"uagb-icon-list__source-wrap\"><svg xmlns=\"https:\/\/www.w3.org\/2000\/svg\" viewBox=\"0 0 448 512\"><path d=\"M438.6 105.4C451.1 117.9 451.1 138.1 438.6 150.6L182.6 406.6C170.1 419.1 149.9 419.1 137.4 406.6L9.372 278.6C-3.124 266.1-3.124 245.9 9.372 233.4C21.87 220.9 42.13 220.9 54.63 233.4L159.1 338.7L393.4 105.4C405.9 92.88 426.1 92.88 438.6 105.4H438.6z\"><\/path><\/svg><\/span><span class=\"uagb-icon-list__label\"><strong>Non-Invasive and Safe<\/strong>: Thermography involves no radiation or invasive procedures, making it a safe choice for regular monitoring.<\/span><\/div>\n\n\n\n<div class=\"wp-block-uagb-icon-list-child uagb-block-dcb8ce42\"><span class=\"uagb-icon-list__source-wrap\"><svg xmlns=\"https:\/\/www.w3.org\/2000\/svg\" viewBox=\"0 0 448 512\"><path d=\"M438.6 105.4C451.1 117.9 451.1 138.1 438.6 150.6L182.6 406.6C170.1 419.1 149.9 419.1 137.4 406.6L9.372 278.6C-3.124 266.1-3.124 245.9 9.372 233.4C21.87 220.9 42.13 220.9 54.63 233.4L159.1 338.7L393.4 105.4C405.9 92.88 426.1 92.88 438.6 105.4H438.6z\"><\/path><\/svg><\/span><span class=\"uagb-icon-list__label\"><strong>Early Detection<\/strong>: By identifying subtle thermal anomalies, thermography helps catch early-stage conditions, enabling preventive measures before issues escalate.<\/span><\/div>\n\n\n\n<div class=\"wp-block-uagb-icon-list-child uagb-block-0a2574e3\"><span class=\"uagb-icon-list__source-wrap\"><svg xmlns=\"https:\/\/www.w3.org\/2000\/svg\" viewBox=\"0 0 448 512\"><path d=\"M438.6 105.4C451.1 117.9 451.1 138.1 438.6 150.6L182.6 406.6C170.1 419.1 149.9 419.1 137.4 406.6L9.372 278.6C-3.124 266.1-3.124 245.9 9.372 233.4C21.87 220.9 42.13 220.9 54.63 233.4L159.1 338.7L393.4 105.4C405.9 92.88 426.1 92.88 438.6 105.4H438.6z\"><\/path><\/svg><\/span><span class=\"uagb-icon-list__label\"><strong>Comprehensive Overview<\/strong>: It provides a broad view of oral health, spotting issues that other tests might miss.<\/span><\/div>\n\n\n\n<div class=\"wp-block-uagb-icon-list-child uagb-block-8624ee5c\"><\/div>\n<\/div><\/div>\n\n\n\n<div class=\"wp-block-uagb-separator uagb-block-3d687729\"><div class=\"wp-block-uagb-separator__inner\" style=\"--my-background-image:\"><\/div><\/div>\n\n\n\n<div class=\"wp-block-uagb-info-box uagb-block-8b540b2b uagb-infobox__content-wrap  uagb-infobox-icon-above-title uagb-infobox-image-valign-top wp-block-uagb-info-box--has-margin\"><div class=\"uagb-infobox-margin-wrapper\"><div class=\"uagb-ifb-content\"><div class=\"uagb-ifb-title-wrap\"><h2 class=\"uagb-ifb-title\">Forebyggelse af tandtab og tandsygdomme<\/h2><\/div><p class=\"uagb-ifb-desc\">Tidlig opdagelse er afg\u00f8rende for at stoppe udviklingen af tandsygdomme. Ved at integrere termografi i rutineunders\u00f8gelser kan patienterne h\u00e5ndtere potentielle problemer proaktivt. For eksempel kan temperaturafvigelser, der opdages i n\u00e6rheden af en tand, v\u00e6re tegn p\u00e5 begyndende pulpitis (bet\u00e6ndelse i pulpa), hvilket giver mulighed for rettidige indgreb som rodbehandlinger, der kan redde tanden.  <br><br>Derudover muligg\u00f8r termografi l\u00f8bende overv\u00e5gning af behandlingens effektivitet. Tandl\u00e6ger kan vurdere, om bet\u00e6ndelsen forsvinder, eller om der er behov for justeringer, hvilket sikrer optimale resultater. Denne grad af pr\u00e6cision styrker fokus p\u00e5 forebyggende pleje og reducerer sandsynligheden for tandtab, avancerede infektioner eller systemiske komplikationer.  <br><br><br><\/p><\/div><\/div><\/div>\n\n\n\n<div class=\"wp-block-uagb-separator uagb-block-19dea9b0\"><div class=\"wp-block-uagb-separator__inner\" style=\"--my-background-image:\"><\/div><\/div>\n\n\n\n<div class=\"wp-block-uagb-info-box uagb-block-25e98418 uagb-infobox__content-wrap  uagb-infobox-icon-above-title uagb-infobox-image-valign-top wp-block-uagb-info-box--has-margin\"><div class=\"uagb-infobox-margin-wrapper\"><div class=\"uagb-ifb-content\"><div class=\"uagb-ifb-title-wrap\"><h2 class=\"uagb-ifb-title\">Termografi og mundkr\u00e6ft<\/h2><\/div><p class=\"uagb-ifb-desc\">Mens termografiens prim\u00e6re anvendelse ligger i at opdage infektioner og bet\u00e6ndelse, er dens potentiale i at opdage mundkr\u00e6ft et sp\u00e6ndende omr\u00e5de med igangv\u00e6rende forskning. Tidlige kr\u00e6ftl\u00e6sioner kan vise sig som unormale varmem\u00f8nstre p\u00e5 grund af \u00f8get metabolisk aktivitet og blodtilf\u00f8rsel i det ber\u00f8rte v\u00e6v. Termografisk billeddannelse kan supplere traditionelle diagnostiske v\u00e6rkt\u00f8jer som biopsier eller billeddannende scanninger og tilbyde en ikke-invasiv m\u00e5de at identificere mist\u00e6nkelige omr\u00e5der til yderligere unders\u00f8gelse. Tidlig opdagelse af mundhulekr\u00e6ft forbedrer behandlingsresultaterne og overlevelsesraten betydeligt, hvilket g\u00f8r termografi til en lovende tilf\u00f8jelse til omfattende pleje.   <br><\/p><div class=\"uagb-ifb-separator\"><\/div><\/div><\/div><\/div>\n\n\n\n<div class=\"wp-block-uagb-info-box uagb-block-9f7d57a1 uagb-infobox__content-wrap  uagb-infobox-icon-above-title uagb-infobox-image-valign-top wp-block-uagb-info-box--has-margin\"><div class=\"uagb-infobox-margin-wrapper\"><div class=\"uagb-ifb-content\"><div class=\"uagb-ifb-title-wrap\"><h2 class=\"uagb-ifb-title\"><strong>En fremtid med forbedret forebyggende behandling<\/strong><\/h2><\/div><p class=\"uagb-ifb-desc\">Termografi forandrer vores tilgang til oral sundhed ved at tilbyde en smertefri, ikke-invasiv metode til at opdage infektioner, inflammation og systemiske problemer som hypotermi. Dens evne til at visualisere temperaturafvigelser giver tandl\u00e6ger og sundhedspersonale et ekstra lag af diagnostisk pr\u00e6cision, der muligg\u00f8r tidligere indgriben og bedre behandlingsresultater.<br>Mens forskningen forts\u00e6tter med at afd\u00e6kke termografiens fulde potentiale, kan dens integration i rutinem\u00e6ssige tandl\u00e6gevurderinger revolutionere den forebyggende pleje. Ved at opdage skjulte trusler, f\u00f8r de eskalerer, beskytter termografi ikke kun den orale sundhed, men ogs\u00e5 det generelle velbefindende og sikrer, at ethvert smil er lige s\u00e5 sundt, som det er smukt.  <br><\/p><\/div><\/div><\/div>\n<\/div><\/div>\n\n\n\n<div class=\"wp-block-uagb-container uagb-block-93d4866e alignfull uagb-is-root-container\"><div class=\"uagb-container-inner-blocks-wrap\">\n<div class=\"wp-block-uagb-info-box uagb-block-63763c4c uagb-infobox__content-wrap  uagb-infobox-icon-above-title uagb-infobox-image-valign-top\"><div class=\"uagb-ifb-content\"><div class=\"uagb-ifb-title-wrap\"><h6 class=\"uagb-ifb-title-prefix\">Medicinsk termografi og oral sundhed<\/h6><h2 class=\"uagb-ifb-title\">Vil du vide mere, eller har du et sp\u00f8rgsm\u00e5l?<\/h2><\/div><p class=\"uagb-ifb-desc\"><br><a href=\"https:\/\/websitedemos.net\/lotus-spa-02\/?brainstormforce=pTXyytedV9E9TFhT#\" target=\"_blank\" rel=\"noopener\"><\/a><\/p><div class=\"uagb-ifb-button-wrapper wp-block-button\"><a href=\"https:\/\/reviverechargeyourlife.dk\/contact\/\" class=\"uagb-infobox-cta-link wp-block-button__link\" target=\"_self\" rel=\"noopener noreferrer\" onclick=\"return true;\"><span class=\"uagb-inline-editing\">contact us<\/span><svg xmlns=\"https:\/\/www.w3.org\/2000\/svg\" viewBox=\"0 0 512 512\"><path d=\"M502.6 278.6l-128 128c-12.51 12.51-32.76 12.49-45.25 0c-12.5-12.5-12.5-32.75 0-45.25L402.8 288H32C14.31 288 0 273.7 0 255.1S14.31 224 32 224h370.8l-73.38-73.38c-12.5-12.5-12.5-32.75 0-45.25s32.75-12.5 45.25 0l128 128C515.1 245.9 515.1 266.1 502.6 278.6z\"><\/path><\/svg><\/a><\/div><\/div><\/div>\n<\/div><\/div>\n","protected":false},"excerpt":{"rendered":"","protected":false},"author":1,"featured_media":0,"parent":0,"menu_order":0,"comment_status":"closed","ping_status":"closed","template":"","meta":{"_uag_custom_page_level_css":"","site-sidebar-layout":"default","site-content-layout":"","ast-site-content-layout":"default","site-content-style":"default","site-sidebar-style":"default","ast-global-header-display":"","ast-banner-title-visibility":"","ast-main-header-display":"","ast-hfb-above-header-display":"","ast-hfb-below-header-display":"","ast-hfb-mobile-header-display":"","site-post-title":"disabled","ast-breadcrumbs-content":"","ast-featured-img":"","footer-sml-layout":"","ast-disable-related-posts":"","theme-transparent-header-meta":"","adv-header-id-meta":"","stick-header-meta":"","header-above-stick-meta":"","header-main-stick-meta":"","header-below-stick-meta":"","astra-migrate-meta-layouts":"set","ast-page-background-enabled":"default","ast-page-background-meta":{"desktop":{"background-color":"var(--ast-global-color-4)","background-image":"","background-repeat":"repeat","background-position":"center center","background-size":"auto","background-attachment":"scroll","background-type":"","background-media":"","overlay-type":"","overlay-color":"","overlay-opacity":"","overlay-gradient":""},"tablet":{"background-color":"","background-image":"","background-repeat":"repeat","background-position":"center center","background-size":"auto","background-attachment":"scroll","background-type":"","background-media":"","overlay-type":"","overlay-color":"","overlay-opacity":"","overlay-gradient":""},"mobile":{"background-color":"","background-image":"","background-repeat":"repeat","background-position":"center center","background-size":"auto","background-attachment":"scroll","background-type":"","background-media":"","overlay-type":"","overlay-color":"","overlay-opacity":"","overlay-gradient":""}},"ast-content-background-meta":{"desktop":{"background-color":"var(--ast-global-color-5)","background-image":"","background-repeat":"repeat","background-position":"center center","background-size":"auto","background-attachment":"scroll","background-type":"","background-media":"","overlay-type":"","overlay-color":"","overlay-opacity":"","overlay-gradient":""},"tablet":{"background-color":"var(--ast-global-color-5)","background-image":"","background-repeat":"repeat","background-position":"center center","background-size":"auto","background-attachment":"scroll","background-type":"","background-media":"","overlay-type":"","overlay-color":"","overlay-opacity":"","overlay-gradient":""},"mobile":{"background-color":"var(--ast-global-color-5)","background-image":"","background-repeat":"repeat","background-position":"center center","background-size":"auto","background-attachment":"scroll","background-type":"","background-media":"","overlay-type":"","overlay-color":"","overlay-opacity":"","overlay-gradient":""}},"footnotes":""},"class_list":["post-4698","page","type-page","status-publish","hentry"],"featured_image_src":null,"uagb_featured_image_src":{"full":false,"thumbnail":false,"medium":false,"medium_large":false,"large":false,"1536x1536":false,"2048x2048":false},"uagb_author_info":{"display_name":"r.d.j.bleekrode@gmail.com","author_link":"https:\/\/reviverechargeyourlife.dk\/da\/author\/r-d-j-bleekrodegmail-com\/"},"uagb_comment_info":0,"uagb_excerpt":null,"_links":{"self":[{"href":"https:\/\/reviverechargeyourlife.dk\/da\/wp-json\/wp\/v2\/pages\/4698","targetHints":{"allow":["GET"]}}],"collection":[{"href":"https:\/\/reviverechargeyourlife.dk\/da\/wp-json\/wp\/v2\/pages"}],"about":[{"href":"https:\/\/reviverechargeyourlife.dk\/da\/wp-json\/wp\/v2\/types\/page"}],"author":[{"embeddable":true,"href":"https:\/\/reviverechargeyourlife.dk\/da\/wp-json\/wp\/v2\/users\/1"}],"replies":[{"embeddable":true,"href":"https:\/\/reviverechargeyourlife.dk\/da\/wp-json\/wp\/v2\/comments?post=4698"}],"version-history":[{"count":2,"href":"https:\/\/reviverechargeyourlife.dk\/da\/wp-json\/wp\/v2\/pages\/4698\/revisions"}],"predecessor-version":[{"id":5327,"href":"https:\/\/reviverechargeyourlife.dk\/da\/wp-json\/wp\/v2\/pages\/4698\/revisions\/5327"}],"wp:attachment":[{"href":"https:\/\/reviverechargeyourlife.dk\/da\/wp-json\/wp\/v2\/media?parent=4698"}],"curies":[{"name":"wp","href":"https:\/\/api.w.org\/{rel}","templated":true}]}}