{"id":4696,"date":"2025-02-24T19:14:10","date_gmt":"2025-02-24T19:14:10","guid":{"rendered":"https:\/\/reviverechargeyourlife.dk\/termografi-for-gigt-og-reumatisme\/"},"modified":"2025-03-11T09:39:56","modified_gmt":"2025-03-11T09:39:56","slug":"termografi-for-gigt-og-reumatisme","status":"publish","type":"page","link":"https:\/\/reviverechargeyourlife.dk\/da\/termografi-for-gigt-og-reumatisme\/","title":{"rendered":"Termografi for gigt og reumatisme"},"content":{"rendered":"\n<div class=\"wp-block-uagb-container uagb-block-x7fyyjtc alignfull uagb-is-root-container\"><div class=\"uagb-container-inner-blocks-wrap\">\n<div class=\"wp-block-uagb-container uagb-block-dxp9xfv5\">\n<div class=\"wp-block-uagb-info-box uagb-block-vnd1mphg uagb-infobox__content-wrap  uagb-infobox-icon-above-title uagb-infobox-image-valign-top\"><div class=\"uagb-ifb-content\"><div class=\"uagb-ifb-title-wrap\"><p class=\"uagb-ifb-title-prefix\">Medicinsk termografi<\/p><h1 class=\"uagb-ifb-title\">Gigt og reumatisme<\/h1><\/div><p class=\"uagb-ifb-desc\">En proaktiv tilgang til sundhed.<\/p><\/div><\/div>\n\n\n\n<div class=\"wp-block-uagb-buttons uagb-buttons__outer-wrap uagb-btn__default-btn uagb-btn-tablet__default-btn uagb-btn-mobile__default-btn uagb-block-chp7jiar\"><div class=\"uagb-buttons__wrap uagb-buttons-layout-wrap \">\n<div class=\"wp-block-uagb-buttons-child uagb-buttons__outer-wrap uagb-block-yqdgpemi wp-block-button\"><div class=\"uagb-button__wrapper\"><a class=\"uagb-buttons-repeater wp-block-button__link\" aria-label=\"\" href=\"https:\/\/reviverechargeyourlife.dk\/da\/booking-af-termografi\/\" rel=\"follow noopener\" target=\"_self\" role=\"button\"><div class=\"uagb-button__link\">Begynd nu<\/div><\/a><\/div><\/div>\n<\/div><\/div>\n<\/div>\n\n\n\n<div class=\"wp-block-uagb-image alignleft uagb-block-q10rcphg wp-block-uagb-image--layout-default wp-block-uagb-image--effect-static wp-block-uagb-image--align-left\"><figure class=\"wp-block-uagb-image__figure\"><img decoding=\"async\" srcset=\"https:\/\/reviverechargeyourlife.dk\/wp-content\/uploads\/2025\/02\/imageedit_2_4620839161.jpg ,https:\/\/reviverechargeyourlife.dk\/wp-content\/uploads\/2025\/02\/imageedit_2_4620839161-146x300.jpg 780w, https:\/\/reviverechargeyourlife.dk\/wp-content\/uploads\/2025\/02\/imageedit_2_4620839161-146x300.jpg 360w\" sizes=\"auto, (max-width: 480px) 150px\" src=\"https:\/\/reviverechargeyourlife.dk\/wp-content\/uploads\/2025\/02\/imageedit_2_4620839161.jpg\" alt=\"\" class=\"uag-image-3960\" width=\"232\" height=\"477\" title=\"imageedit_2_4620839161\" loading=\"lazy\" role=\"img\"><\/figure><\/div>\n<\/div><\/div>\n\n<div class=\"wp-block-uagb-container uagb-block-92vxam1k alignfull uagb-is-root-container\"><div class=\"uagb-container-inner-blocks-wrap\">\n<div class=\"wp-block-uagb-info-box uagb-block-kfaxps8u uagb-infobox__content-wrap  uagb-infobox-icon-above-title uagb-infobox-image-valign-top\"><div class=\"uagb-ifb-content\"><div class=\"uagb-ifb-title-wrap\"><p class=\"uagb-ifb-title-prefix\">Deltag i sundhedsoptimeringsrevolutionen<\/p><\/div><p class=\"uagb-ifb-desc\">Termografi, ogs\u00e5 kendt som termisk billeddannelse, er et ikke-invasivt diagnostisk v\u00e6rkt\u00f8j, der bruger infrar\u00f8de kameraer til at registrere og m\u00e5le den termiske energi, der udsendes fra hudens overflade. Denne energi oms\u00e6ttes til et visuelt kort over temperaturvariationer i kroppen. I tilf\u00e6lde af gigt og arthritis kan disse variationer give v\u00e6rdifuld indsigt i inflammation, ledaktivitet og uregelm\u00e6ssigheder i blodgennemstr\u00f8mningen, hvilket hj\u00e6lper med at opdage omr\u00e5der med aktiv inflammation eller opblussen, f\u00f8r de bliver klinisk signifikante. Ved at bruge termografi kan sundhedspersonalet overv\u00e5ge udviklingen af disse tilstande, vurdere behandlingernes effektivitet og foretage proaktive justeringer for at forbedre patienternes resultater og sikre optimal h\u00e5ndtering af gigt og reumatiske tilstande.   <\/p><\/div><\/div>\n<\/div><\/div>\n\n<div class=\"wp-block-uagb-container uagb-block-dccuqnoa alignfull uagb-is-root-container\"><div class=\"uagb-container-inner-blocks-wrap\">\n<div class=\"wp-block-uagb-info-box uagb-block-b5574332 uagb-infobox__content-wrap  uagb-infobox-icon-above-title uagb-infobox-image-valign-top wp-block-uagb-info-box--has-margin\"><div class=\"uagb-infobox-margin-wrapper\"><div class=\"uagb-ifb-content\"><div class=\"uagb-ifb-title-wrap\"><h2 class=\"uagb-ifb-title\"><strong>Vigtigheden af tidlig opsporing<\/strong><\/h2><\/div><p class=\"uagb-ifb-desc\">Gigt og reumatisme kan udvikle sig gradvist, ofte med subtile tidlige symptomer, som er sv\u00e6re at genkende. Termografi skiller sig ud ved sin evne til at opdage disse tilstande tidligt ved at identificere temperatur\u00e6ndringer i de ber\u00f8rte led. Omr\u00e5der med forh\u00f8jet temperatur, som typisk skyldes bet\u00e6ndelse, kan lokaliseres, hvilket muligg\u00f8r tidlig indgriben. Opdagelse af gigt eller reumatisme p\u00e5 dette tidspunkt kan hj\u00e6lpe med at forhindre yderligere ledskader og ubehag.   <br\/><\/p><\/div><\/div><\/div>\n\n\n\n<div class=\"wp-block-uagb-separator uagb-block-0cae2395\"><div class=\"wp-block-uagb-separator__inner\" style=\"--my-background-image:\"><\/div><\/div>\n\n\n\n<div class=\"wp-block-uagb-info-box uagb-block-b497cde3 uagb-infobox__content-wrap  uagb-infobox-icon-above-title uagb-infobox-image-valign-top wp-block-uagb-info-box--has-margin\"><div class=\"uagb-infobox-margin-wrapper\"><div class=\"uagb-ifb-content\"><div class=\"uagb-ifb-title-wrap\"><h2 class=\"uagb-ifb-title\"><strong>Overv\u00e5gnings- og behandlingsplaner<\/strong><\/h2><\/div><p class=\"uagb-ifb-desc\">For personer, der allerede er diagnosticeret med gigt eller reumatisme, giver termografi mulighed for at overv\u00e5ge sygdomsudviklingen over tid. Regelm\u00e6ssige scanninger kan spore inflammationsniveauer og fremh\u00e6ve eventuelle \u00e6ndringer, s\u00e5 sundhedspersonalet kan vurdere behandlingens effektivitet. Om n\u00f8dvendigt kan der hurtigt foretages justeringer af behandlingsplanen for at forbedre resultaterne og reducere symptomerne.  <br\/><br\/>Termografi giver et detaljeret billede af inflammation i specifikke omr\u00e5der af kroppen, s\u00e5 sundhedspersonalet kan skr\u00e6ddersy behandlingsplaner til den enkeltes behov. Ved at identificere de n\u00f8jagtige omr\u00e5der, der giver anledning til bekymring, og hvor alvorlig bet\u00e6ndelsen er, kan behandlingerne v\u00e6re mere fokuserede, hvilket f\u00f8rer til bedre smertebehandling, \u00f8get mobilitet og generelt bedre livskvalitet. <br\/><\/p><\/div><\/div><\/div>\n\n\n\n<div class=\"wp-block-uagb-separator uagb-block-3d687729\"><div class=\"wp-block-uagb-separator__inner\" style=\"--my-background-image:\"><\/div><\/div>\n\n\n\n<div class=\"wp-block-uagb-info-box uagb-block-8b540b2b uagb-infobox__content-wrap  uagb-infobox-icon-above-title uagb-infobox-image-valign-top wp-block-uagb-info-box--has-margin\"><div class=\"uagb-infobox-margin-wrapper\"><div class=\"uagb-ifb-content\"><div class=\"uagb-ifb-title-wrap\"><h2 class=\"uagb-ifb-title\">En sag for termografi<\/h2><\/div><p class=\"uagb-ifb-desc\">Termografi har v\u00e6ret en stor hj\u00e6lp for mange mennesker med gigt og reumatisme. For eksempel oplevede en person med uforklarlige h\u00e5ndsmerter, at deres termografiscanning afsl\u00f8rede tidlige tegn p\u00e5 leddegigt, hvilket gav mulighed for tidlig behandling og betydelig symptomlindring. En anden person med kroniske kn\u00e6smerter oplevede, at termografien lokaliserede omr\u00e5der med inflammation, som ikke tidligere var blevet opdaget af andre tests. En justering af behandlingsplanen i overensstemmelse hermed gav m\u00e6rkbare forbedringer.   <\/p><\/div><\/div><\/div>\n\n\n\n<div class=\"wp-block-uagb-separator uagb-block-902cad3c\"><div class=\"wp-block-uagb-separator__inner\" style=\"--my-background-image:\"><\/div><\/div>\n\n\n\n<div class=\"wp-block-uagb-info-box uagb-block-9f49f887 uagb-infobox__content-wrap  uagb-infobox-icon-above-title uagb-infobox-image-valign-top wp-block-uagb-info-box--has-margin\"><div class=\"uagb-infobox-margin-wrapper\"><div class=\"uagb-ifb-content\"><div class=\"uagb-ifb-title-wrap\"><h2 class=\"uagb-ifb-title\"><strong>En ny vej til sundhed<\/strong><\/h2><\/div><p class=\"uagb-ifb-desc\">Termografi er et effektivt v\u00e6rkt\u00f8j til tidlig p\u00e5visning, overv\u00e5gning og behandling af gigt og reumatisme. Den giver v\u00e6rdifuld indsigt i sygdommens sv\u00e6rhedsgrad og udvikling, hvilket g\u00f8r det muligt for sundhedspersonalet at udarbejde personlige behandlingsplaner. Uanset om du \u00f8nsker at opdage gigt tidligt, overv\u00e5ge sygdomsprogressionen eller forbedre din strategi for smertebehandling, tilbyder termografi en ikke-invasiv, str\u00e5lingsfri mulighed for at forbedre din livskvalitet. Med sin evne til at spore inflammation og tilpasse behandlinger revolutionerer termografi gigtbehandling og hj\u00e6lper enkeltpersoner med at leve mere behagelige, aktive liv.   <br\/><\/p><\/div><\/div><\/div>\n<\/div><\/div>\n\n<div class=\"wp-block-uagb-container uagb-block-93d4866e alignfull uagb-is-root-container\"><div class=\"uagb-container-inner-blocks-wrap\">\n<div class=\"wp-block-uagb-info-box uagb-block-63763c4c uagb-infobox__content-wrap  uagb-infobox-icon-above-title uagb-infobox-image-valign-top\"><div class=\"uagb-ifb-content\"><div class=\"uagb-ifb-title-wrap\"><h6 class=\"uagb-ifb-title-prefix\">Medicinsk termografi  <\/h6><h2 class=\"uagb-ifb-title\">Vil du vide mere, eller har du et sp\u00f8rgsm\u00e5l?<\/h2><\/div><p class=\"uagb-ifb-desc\"><br\/><a href=\"https:\/\/websitedemos.net\/lotus-spa-02\/?brainstormforce=pTXyytedV9E9TFhT#\" target=\"_blank\" rel=\"noopener\"><\/a><\/p><div class=\"uagb-ifb-button-wrapper wp-block-button\"><a href=\"https:\/\/reviverechargeyourlife.dk\/da\/kontakt\/\" class=\"uagb-infobox-cta-link wp-block-button__link\" target=\"_self\" rel=\"noopener noreferrer\" onclick=\"return true;\"><span class=\"uagb-inline-editing\">kontakt<\/span><svg xmlns=\"https:\/\/www.w3.org\/2000\/svg\" viewbox=\"0 0 512 512\"><path d=\"M502.6 278.6l-128 128c-12.51 12.51-32.76 12.49-45.25 0c-12.5-12.5-12.5-32.75 0-45.25L402.8 288H32C14.31 288 0 273.7 0 255.1S14.31 224 32 224h370.8l-73.38-73.38c-12.5-12.5-12.5-32.75 0-45.25s32.75-12.5 45.25 0l128 128C515.1 245.9 515.1 266.1 502.6 278.6z\"><\/path><\/svg><\/a><\/div><\/div><\/div>\n<\/div><\/div>\n","protected":false},"excerpt":{"rendered":"","protected":false},"author":1,"featured_media":0,"parent":0,"menu_order":0,"comment_status":"closed","ping_status":"closed","template":"","meta":{"_uag_custom_page_level_css":"","site-sidebar-layout":"default","site-content-layout":"","ast-site-content-layout":"default","site-content-style":"default","site-sidebar-style":"default","ast-global-header-display":"","ast-banner-title-visibility":"","ast-main-header-display":"","ast-hfb-above-header-display":"","ast-hfb-below-header-display":"","ast-hfb-mobile-header-display":"","site-post-title":"disabled","ast-breadcrumbs-content":"","ast-featured-img":"","footer-sml-layout":"","ast-disable-related-posts":"","theme-transparent-header-meta":"","adv-header-id-meta":"","stick-header-meta":"","header-above-stick-meta":"","header-main-stick-meta":"","header-below-stick-meta":"","astra-migrate-meta-layouts":"default","ast-page-background-enabled":"default","ast-page-background-meta":{"desktop":{"background-color":"var(--ast-global-color-5)","background-image":"","background-repeat":"repeat","background-position":"center center","background-size":"auto","background-attachment":"scroll","background-type":"","background-media":"","overlay-type":"","overlay-color":"","overlay-opacity":"","overlay-gradient":""},"tablet":{"background-color":"","background-image":"","background-repeat":"repeat","background-position":"center center","background-size":"auto","background-attachment":"scroll","background-type":"","background-media":"","overlay-type":"","overlay-color":"","overlay-opacity":"","overlay-gradient":""},"mobile":{"background-color":"","background-image":"","background-repeat":"repeat","background-position":"center center","background-size":"auto","background-attachment":"scroll","background-type":"","background-media":"","overlay-type":"","overlay-color":"","overlay-opacity":"","overlay-gradient":""}},"ast-content-background-meta":{"desktop":{"background-color":"var(--ast-global-color-4)","background-image":"","background-repeat":"repeat","background-position":"center center","background-size":"auto","background-attachment":"scroll","background-type":"","background-media":"","overlay-type":"","overlay-color":"","overlay-opacity":"","overlay-gradient":""},"tablet":{"background-color":"var(--ast-global-color-4)","background-image":"","background-repeat":"repeat","background-position":"center center","background-size":"auto","background-attachment":"scroll","background-type":"","background-media":"","overlay-type":"","overlay-color":"","overlay-opacity":"","overlay-gradient":""},"mobile":{"background-color":"var(--ast-global-color-4)","background-image":"","background-repeat":"repeat","background-position":"center center","background-size":"auto","background-attachment":"scroll","background-type":"","background-media":"","overlay-type":"","overlay-color":"","overlay-opacity":"","overlay-gradient":""}},"footnotes":""},"class_list":["post-4696","page","type-page","status-publish","hentry"],"featured_image_src":null,"uagb_featured_image_src":{"full":false,"thumbnail":false,"medium":false,"medium_large":false,"large":false,"1536x1536":false,"2048x2048":false},"uagb_author_info":{"display_name":"r.d.j.bleekrode@gmail.com","author_link":"https:\/\/reviverechargeyourlife.dk\/da\/author\/r-d-j-bleekrodegmail-com\/"},"uagb_comment_info":0,"uagb_excerpt":null,"_links":{"self":[{"href":"https:\/\/reviverechargeyourlife.dk\/da\/wp-json\/wp\/v2\/pages\/4696","targetHints":{"allow":["GET"]}}],"collection":[{"href":"https:\/\/reviverechargeyourlife.dk\/da\/wp-json\/wp\/v2\/pages"}],"about":[{"href":"https:\/\/reviverechargeyourlife.dk\/da\/wp-json\/wp\/v2\/types\/page"}],"author":[{"embeddable":true,"href":"https:\/\/reviverechargeyourlife.dk\/da\/wp-json\/wp\/v2\/users\/1"}],"replies":[{"embeddable":true,"href":"https:\/\/reviverechargeyourlife.dk\/da\/wp-json\/wp\/v2\/comments?post=4696"}],"version-history":[{"count":2,"href":"https:\/\/reviverechargeyourlife.dk\/da\/wp-json\/wp\/v2\/pages\/4696\/revisions"}],"predecessor-version":[{"id":6080,"href":"https:\/\/reviverechargeyourlife.dk\/da\/wp-json\/wp\/v2\/pages\/4696\/revisions\/6080"}],"wp:attachment":[{"href":"https:\/\/reviverechargeyourlife.dk\/da\/wp-json\/wp\/v2\/media?parent=4696"}],"curies":[{"name":"wp","href":"https:\/\/api.w.org\/{rel}","templated":true}]}}