{"id":4694,"date":"2024-11-26T14:25:47","date_gmt":"2024-11-26T14:25:47","guid":{"rendered":"https:\/\/reviverechargeyourlife.dk\/scanninger-efter-operation-understottelse-af-heling-med-termografi\/"},"modified":"2025-03-11T09:58:01","modified_gmt":"2025-03-11T09:58:01","slug":"scanninger-efter-operation-understottelse-af-heling-med-termografi","status":"publish","type":"page","link":"https:\/\/reviverechargeyourlife.dk\/da\/scanninger-efter-operation-understottelse-af-heling-med-termografi\/","title":{"rendered":"Scanninger efter operation: Underst\u00f8ttelse af heling med termografi"},"content":{"rendered":"\n<div class=\"wp-block-uagb-container uagb-block-x7fyyjtc alignfull uagb-is-root-container\"><div class=\"uagb-container-inner-blocks-wrap\">\n<div class=\"wp-block-uagb-container uagb-block-dxp9xfv5\">\n<div class=\"wp-block-uagb-info-box uagb-block-vnd1mphg uagb-infobox__content-wrap  uagb-infobox-icon-above-title uagb-infobox-image-valign-top\"><div class=\"uagb-ifb-content\"><div class=\"uagb-ifb-title-wrap\"><p class=\"uagb-ifb-title-prefix\">Medicinsk termografi<\/p><h1 class=\"uagb-ifb-title\">Genopretning efter operationen<\/h1><\/div><p class=\"uagb-ifb-desc\">En proaktiv tilgang til sundhed.<\/p><\/div><\/div>\n\n\n\n<div class=\"wp-block-uagb-buttons uagb-buttons__outer-wrap uagb-btn__default-btn uagb-btn-tablet__default-btn uagb-btn-mobile__default-btn uagb-block-chp7jiar\"><div class=\"uagb-buttons__wrap uagb-buttons-layout-wrap \">\n<div class=\"wp-block-uagb-buttons-child uagb-buttons__outer-wrap uagb-block-yqdgpemi wp-block-button\"><div class=\"uagb-button__wrapper\"><a class=\"uagb-buttons-repeater wp-block-button__link\" aria-label=\"\" href=\"Termografi, ogs&#xE5; kendt som termisk billeddannelse, er et ikke-invasivt diagnostisk v&#xE6;rkt&#xF8;j, der bruger infrar&#xF8;de kameraer til at registrere og m&#xE5;le den termiske energi, der udsendes fra hudens overflade. Denne energi oms&#xE6;ttes til et visuelt kort over temperaturvariationer i kroppen. Efter operationen kan disse variationer give kritisk indsigt i helingsprocessen og hj&#xE6;lpe med at opdage bet&#xE6;ndelse, uregelm&#xE6;ssigheder i blodgennemstr&#xF8;mningen og omr&#xE5;der med potentielle komplikationer, l&#xE6;nge f&#xF8;r de bliver klinisk tydelige. Ved at bruge termografi kan sundhedspersonalet overv&#xE5;ge helbredelsesforl&#xF8;bet, identificere tidlige tegn p&#xE5; infektion eller forsinket heling og sikre optimale resultater for patientens rehabilitering.\" rel=\"follow noopener\" target=\"_self\" role=\"button\"><div class=\"uagb-button__link\">Begynd nu<\/div><\/a><\/div><\/div>\n<\/div><\/div>\n<\/div>\n\n\n\n<div class=\"wp-block-uagb-image alignleft uagb-block-q10rcphg wp-block-uagb-image--layout-default wp-block-uagb-image--effect-static wp-block-uagb-image--align-left\"><figure class=\"wp-block-uagb-image__figure\"><img decoding=\"async\" srcset=\"https:\/\/reviverechargeyourlife.dk\/wp-content\/uploads\/2025\/02\/imageedit_2_4620839161.jpg ,https:\/\/reviverechargeyourlife.dk\/wp-content\/uploads\/2025\/02\/imageedit_2_4620839161-146x300.jpg 780w, https:\/\/reviverechargeyourlife.dk\/wp-content\/uploads\/2025\/02\/imageedit_2_4620839161-146x300.jpg 360w\" sizes=\"auto, (max-width: 480px) 150px\" src=\"https:\/\/reviverechargeyourlife.dk\/wp-content\/uploads\/2025\/02\/imageedit_2_4620839161.jpg\" alt=\"\" class=\"uag-image-3960\" width=\"232\" height=\"477\" title=\"imageedit_2_4620839161\" loading=\"lazy\" role=\"img\"><\/figure><\/div>\n<\/div><\/div>\n\n<div class=\"wp-block-uagb-container uagb-block-92vxam1k alignfull uagb-is-root-container\"><div class=\"uagb-container-inner-blocks-wrap\">\n<div class=\"wp-block-uagb-info-box uagb-block-kfaxps8u uagb-infobox__content-wrap  uagb-infobox-icon-above-title uagb-infobox-image-valign-top\"><div class=\"uagb-ifb-content\"><div class=\"uagb-ifb-title-wrap\"><p class=\"uagb-ifb-title-prefix\">Deltag i sundhedsoptimeringsrevolutionen<\/p><\/div><p class=\"uagb-ifb-desc\">Termografi, ogs\u00e5 kendt som termisk billeddannelse, er et ikke-invasivt diagnostisk v\u00e6rkt\u00f8j, der bruger infrar\u00f8de kameraer til at registrere og m\u00e5le den termiske energi, der udsendes fra hudens overflade. Denne energi oms\u00e6ttes til et visuelt kort over temperaturvariationer i kroppen. Efter operationen kan disse variationer give kritisk indsigt i helingsprocessen og hj\u00e6lpe med at opdage bet\u00e6ndelse, uregelm\u00e6ssigheder i blodgennemstr\u00f8mningen og omr\u00e5der med potentielle komplikationer, l\u00e6nge f\u00f8r de bliver klinisk tydelige. Ved at bruge termografi kan sundhedspersonalet overv\u00e5ge helbredelsesforl\u00f8bet, identificere tidlige tegn p\u00e5 infektion eller forsinket heling og sikre optimale resultater for patientens rehabilitering.<\/p><\/div><\/div>\n<\/div><\/div>\n\n<div class=\"wp-block-uagb-container uagb-block-dccuqnoa alignfull uagb-is-root-container\"><div class=\"uagb-container-inner-blocks-wrap\">\n<div class=\"wp-block-uagb-info-box uagb-block-b5574332 uagb-infobox__content-wrap  uagb-infobox-icon-above-title uagb-infobox-image-valign-top wp-block-uagb-info-box--has-margin\"><div class=\"uagb-infobox-margin-wrapper\"><div class=\"uagb-ifb-content\"><div class=\"uagb-ifb-title-wrap\"><h2 class=\"uagb-ifb-title\"><strong>Optimering af restitutionen efter operationen<\/strong><\/h2><\/div><p class=\"uagb-ifb-desc\">At komme sig efter en operation er en kompleks proces, der kr\u00e6ver omhyggelig overv\u00e5gning for at sikre optimal heling. Mens traditionelle opf\u00f8lgninger vurderer synlig heling og symptomer, kan dybere fysiologiske \u00e6ndringer &#8211; s\u00e5som inflammation, uregelm\u00e6ssigheder i blodgennemstr\u00f8mningen og asymmetrier &#8211; forblive uopdagede, indtil der opst\u00e5r komplikationer. En proaktiv tilgang til sporing af postoperativ bedring er afg\u00f8rende for at reducere risici, optimere rehabilitering og sikre det bedst mulige resultat.  <br\/><br\/>Efter en operation gennemg\u00e5r kroppen betydelige forandringer, mens den arbejder p\u00e5 at reparere v\u00e6v, genoprette kredsl\u00f8bet og reducere inflammation. Men komplikationer som overdreven inflammation, d\u00e5rligt blodoml\u00f8b, skjulte infektioner eller forsinket heling kan opst\u00e5 under overfladen, nogle gange f\u00f8r de fysiske symptomer viser sig. Regelm\u00e6ssig sporing af din helbredelse giver mulighed for tidlig opdagelse af potentielle problemer, hvilket sikrer rettidig indgriben og en smidigere helingsproces.  <br\/><\/p><\/div><\/div><\/div>\n\n\n\n<div class=\"wp-block-uagb-icon-list uagb-block-be2b0452\"><div class=\"uagb-icon-list__wrap\">\n<div class=\"wp-block-uagb-icon-list-child uagb-block-8c0631bb\"><span class=\"uagb-icon-list__source-wrap\"><svg xmlns=\"https:\/\/www.w3.org\/2000\/svg\" viewbox=\"0 0 512 512\"><path d=\"M256 0C114.6 0 0 114.6 0 256c0 141.4 114.6 256 256 256s256-114.6 256-256C512 114.6 397.4 0 256 0zM406.6 278.6l-103.1 103.1c-12.5 12.5-32.75 12.5-45.25 0s-12.5-32.75 0-45.25L306.8 288H128C110.3 288 96 273.7 96 256s14.31-32 32-32h178.8l-49.38-49.38c-12.5-12.5-12.5-32.75 0-45.25s32.75-12.5 45.25 0l103.1 103.1C414.6 241.3 416 251.1 416 256C416 260.9 414.6 270.7 406.6 278.6z\"><\/path><\/svg><\/span><span class=\"uagb-icon-list__label\">Liste over emner<\/span><\/div>\n\n\n\n<div class=\"wp-block-uagb-icon-list-child uagb-block-3b4c77e4\"><span class=\"uagb-icon-list__source-wrap\"><svg xmlns=\"https:\/\/www.w3.org\/2000\/svg\" viewbox=\"0 0 512 512\"><path d=\"M256 0C114.6 0 0 114.6 0 256c0 141.4 114.6 256 256 256s256-114.6 256-256C512 114.6 397.4 0 256 0zM406.6 278.6l-103.1 103.1c-12.5 12.5-32.75 12.5-45.25 0s-12.5-32.75 0-45.25L306.8 288H128C110.3 288 96 273.7 96 256s14.31-32 32-32h178.8l-49.38-49.38c-12.5-12.5-12.5-32.75 0-45.25s32.75-12.5 45.25 0l103.1 103.1C414.6 241.3 416 251.1 416 256C416 260.9 414.6 270.7 406.6 278.6z\"><\/path><\/svg><\/span><span class=\"uagb-icon-list__label\">Liste over emner<\/span><\/div>\n\n\n\n<div class=\"wp-block-uagb-icon-list-child uagb-block-9e7f27eb\"><span class=\"uagb-icon-list__source-wrap\"><svg xmlns=\"https:\/\/www.w3.org\/2000\/svg\" viewbox=\"0 0 512 512\"><path d=\"M256 0C114.6 0 0 114.6 0 256c0 141.4 114.6 256 256 256s256-114.6 256-256C512 114.6 397.4 0 256 0zM406.6 278.6l-103.1 103.1c-12.5 12.5-32.75 12.5-45.25 0s-12.5-32.75 0-45.25L306.8 288H128C110.3 288 96 273.7 96 256s14.31-32 32-32h178.8l-49.38-49.38c-12.5-12.5-12.5-32.75 0-45.25s32.75-12.5 45.25 0l103.1 103.1C414.6 241.3 416 251.1 416 256C416 260.9 414.6 270.7 406.6 278.6z\"><\/path><\/svg><\/span><span class=\"uagb-icon-list__label\">Liste over emner<\/span><\/div>\n<\/div><\/div>\n\n\n\n<div class=\"wp-block-uagb-separator uagb-block-0cae2395\"><div class=\"wp-block-uagb-separator__inner\" style=\"--my-background-image:\"><\/div><\/div>\n\n\n\n<div class=\"wp-block-uagb-info-box uagb-block-b497cde3 uagb-infobox__content-wrap  uagb-infobox-icon-above-title uagb-infobox-image-valign-top wp-block-uagb-info-box--has-margin\"><div class=\"uagb-infobox-margin-wrapper\"><div class=\"uagb-ifb-content\"><div class=\"uagb-ifb-title-wrap\"><h2 class=\"uagb-ifb-title\"><strong>Hvordan kan termografi hj\u00e6lpe?<\/strong><\/h2><\/div><p class=\"uagb-ifb-desc\">Termografi er en ikke-invasiv, str\u00e5lingsfri billeddannelsesmetode, der giver indsigt i postkirurgisk heling. Ved at registrere temperaturvariationer og cirkulationsm\u00f8nstre hj\u00e6lper den med at identificere problemer som inflammation, nedsat blodgennemstr\u00f8mning eller nervedysfunktion, f\u00f8r de bliver alvorlige. <br\/><br\/>Hos <strong>Revive<\/strong> kombinerer vi avanceret termografi med AI-drevet software for at levere pr\u00e6cise, personlige vurderinger af helbredelse. Vores teknologi identificerer termiske ubalancer og uregelm\u00e6ssigheder i kredsl\u00f8bet, hvilket giver mulighed for proaktiv overv\u00e5gning og sikrer optimal heling. <br\/><\/p><\/div><\/div><\/div>\n\n\n\n<div class=\"wp-block-uagb-separator uagb-block-3d687729\"><div class=\"wp-block-uagb-separator__inner\" style=\"--my-background-image:\"><\/div><\/div>\n\n\n\n<div class=\"wp-block-uagb-info-box uagb-block-8b540b2b uagb-infobox__content-wrap  uagb-infobox-icon-above-title uagb-infobox-image-valign-top wp-block-uagb-info-box--has-margin\"><div class=\"uagb-infobox-margin-wrapper\"><div class=\"uagb-ifb-content\"><div class=\"uagb-ifb-title-wrap\"><h2 class=\"uagb-ifb-title\"><strong>Fordelene<\/strong> ved medicinsk termografi<\/h2><\/div><p class=\"uagb-ifb-desc\">At v\u00e6lge termografi hos Revive til postoperativ overv\u00e5gning er en sikker, smertefri og indsigtsfuld m\u00e5de at f\u00f8lge helbredelsesforl\u00f8bet p\u00e5. Ved at identificere varmem\u00f8nstre, \u00e6ndringer i blodgennemstr\u00f8mningen og asymmetrier giver vores scanninger et klart billede af, hvor godt kroppen kommer sig. Det g\u00f8r det muligt for sundhedspersonalet at tr\u00e6ffe informerede beslutninger om rehabiliteringsstrategier, smertebehandling og potentielle komplikationer.  <br\/><br\/>Inden for 24 timer vil du modtage en detaljeret rapport, der analyserer asymmetrier mellem venstre og h\u00f8jre side af din krop. Rapporten bruger en farvekodet skala til at angive sv\u00e6rhedsgraden af eventuelle uregelm\u00e6ssigheder. En normal helingsproces er repr\u00e6senteret i gr\u00e5t, mens milde uregelm\u00e6ssigheder, der b\u00f8r spores over tid, vises i gult. Tidlige tegn p\u00e5 forsinket heling eller bet\u00e6ndelse er markeret med orange, mens mere bem\u00e6rkelsesv\u00e6rdige problemer, der kan kr\u00e6ve indgriben, er vist med r\u00f8dt. H\u00f8jrisikoomr\u00e5der, der kr\u00e6ver s\u00e6rlig opm\u00e6rksomhed, vises med lilla, og alvorlige abnormiteter, der kr\u00e6ver \u00f8jeblikkelig medicinsk evaluering, vises med sort. Denne klare visuelle fremstilling hj\u00e6lper dig og din sundhedsplejerske med at vurdere din helbredelse og handle, hvis det er n\u00f8dvendigt.     <\/p><\/div><\/div><\/div>\n\n\n\n<div class=\"wp-block-uagb-separator uagb-block-902cad3c\"><div class=\"wp-block-uagb-separator__inner\" style=\"--my-background-image:\"><\/div><\/div>\n\n\n\n<div class=\"wp-block-uagb-info-box uagb-block-9f49f887 uagb-infobox__content-wrap  uagb-infobox-icon-above-title uagb-infobox-image-valign-top wp-block-uagb-info-box--has-margin\"><div class=\"uagb-infobox-margin-wrapper\"><div class=\"uagb-ifb-content\"><div class=\"uagb-ifb-title-wrap\"><h2 class=\"uagb-ifb-title\"><strong>En ny postoperativ vej til sundhed<\/strong><\/h2><\/div><p class=\"uagb-ifb-desc\">ntegration af termografiske scanninger i din genoptr\u00e6ningsplan efter en operation er et proaktivt skridt i retning af at sikre en smidig helingsproces. Uanset om du er ved at komme dig efter ortop\u00e6disk, kosmetisk eller intern kirurgi, er overv\u00e5gning af din krops fysiologiske respons n\u00f8glen til at undg\u00e5 komplikationer og optimere rehabiliteringen.<br\/>Hos Revive tilbyder vi en avanceret, ikke-invasiv l\u00f8sning til sporing af postoperativ heling. Ved at bruge AI-drevet termografi hj\u00e6lper vi dig med at v\u00e6re p\u00e5 forkant med potentielle helbredelsesudfordringer og giver den indsigt, der er n\u00f8dvendig for at st\u00f8tte din rejse mod fuld sundhed og mobilitet.  <br\/><\/p><\/div><\/div><\/div>\n<\/div><\/div>\n\n<div class=\"wp-block-uagb-container uagb-block-93d4866e alignfull uagb-is-root-container\"><div class=\"uagb-container-inner-blocks-wrap\">\n<div class=\"wp-block-uagb-info-box uagb-block-63763c4c uagb-infobox__content-wrap  uagb-infobox-icon-above-title uagb-infobox-image-valign-top\"><div class=\"uagb-ifb-content\"><div class=\"uagb-ifb-title-wrap\"><h6 class=\"uagb-ifb-title-prefix\">Medicinsk termografi og genoptr\u00e6ning efter operation<\/h6><h2 class=\"uagb-ifb-title\">Vil du vide mere, eller har du et sp\u00f8rgsm\u00e5l?<\/h2><\/div><p class=\"uagb-ifb-desc\"><br\/><a href=\"https:\/\/websitedemos.net\/lotus-spa-02\/?brainstormforce=pTXyytedV9E9TFhT#\" target=\"_blank\" rel=\"noopener\"><\/a><\/p><div class=\"uagb-ifb-button-wrapper wp-block-button\"><a href=\"#\" class=\"uagb-infobox-cta-link wp-block-button__link\" target=\"_self\" rel=\"noopener noreferrer\" onclick=\"return false;\"><span class=\"uagb-inline-editing\">kontakt<\/span><svg xmlns=\"https:\/\/www.w3.org\/2000\/svg\" viewbox=\"0 0 512 512\"><path d=\"M502.6 278.6l-128 128c-12.51 12.51-32.76 12.49-45.25 0c-12.5-12.5-12.5-32.75 0-45.25L402.8 288H32C14.31 288 0 273.7 0 255.1S14.31 224 32 224h370.8l-73.38-73.38c-12.5-12.5-12.5-32.75 0-45.25s32.75-12.5 45.25 0l128 128C515.1 245.9 515.1 266.1 502.6 278.6z\"><\/path><\/svg><\/a><\/div><\/div><\/div>\n<\/div><\/div>\n","protected":false},"excerpt":{"rendered":"","protected":false},"author":1,"featured_media":0,"parent":0,"menu_order":0,"comment_status":"closed","ping_status":"closed","template":"","meta":{"_uag_custom_page_level_css":"","site-sidebar-layout":"default","site-content-layout":"","ast-site-content-layout":"default","site-content-style":"default","site-sidebar-style":"default","ast-global-header-display":"","ast-banner-title-visibility":"","ast-main-header-display":"","ast-hfb-above-header-display":"","ast-hfb-below-header-display":"","ast-hfb-mobile-header-display":"","site-post-title":"disabled","ast-breadcrumbs-content":"","ast-featured-img":"","footer-sml-layout":"","ast-disable-related-posts":"","theme-transparent-header-meta":"","adv-header-id-meta":"","stick-header-meta":"","header-above-stick-meta":"","header-main-stick-meta":"","header-below-stick-meta":"","astra-migrate-meta-layouts":"default","ast-page-background-enabled":"default","ast-page-background-meta":{"desktop":{"background-color":"var(--ast-global-color-5)","background-image":"","background-repeat":"repeat","background-position":"center center","background-size":"auto","background-attachment":"scroll","background-type":"","background-media":"","overlay-type":"","overlay-color":"","overlay-opacity":"","overlay-gradient":""},"tablet":{"background-color":"","background-image":"","background-repeat":"repeat","background-position":"center center","background-size":"auto","background-attachment":"scroll","background-type":"","background-media":"","overlay-type":"","overlay-color":"","overlay-opacity":"","overlay-gradient":""},"mobile":{"background-color":"","background-image":"","background-repeat":"repeat","background-position":"center center","background-size":"auto","background-attachment":"scroll","background-type":"","background-media":"","overlay-type":"","overlay-color":"","overlay-opacity":"","overlay-gradient":""}},"ast-content-background-meta":{"desktop":{"background-color":"var(--ast-global-color-4)","background-image":"","background-repeat":"repeat","background-position":"center center","background-size":"auto","background-attachment":"scroll","background-type":"","background-media":"","overlay-type":"","overlay-color":"","overlay-opacity":"","overlay-gradient":""},"tablet":{"background-color":"var(--ast-global-color-4)","background-image":"","background-repeat":"repeat","background-position":"center center","background-size":"auto","background-attachment":"scroll","background-type":"","background-media":"","overlay-type":"","overlay-color":"","overlay-opacity":"","overlay-gradient":""},"mobile":{"background-color":"var(--ast-global-color-4)","background-image":"","background-repeat":"repeat","background-position":"center center","background-size":"auto","background-attachment":"scroll","background-type":"","background-media":"","overlay-type":"","overlay-color":"","overlay-opacity":"","overlay-gradient":""}},"footnotes":""},"class_list":["post-4694","page","type-page","status-publish","hentry"],"featured_image_src":null,"uagb_featured_image_src":{"full":false,"thumbnail":false,"medium":false,"medium_large":false,"large":false,"1536x1536":false,"2048x2048":false},"uagb_author_info":{"display_name":"r.d.j.bleekrode@gmail.com","author_link":"https:\/\/reviverechargeyourlife.dk\/da\/author\/r-d-j-bleekrodegmail-com\/"},"uagb_comment_info":0,"uagb_excerpt":null,"_links":{"self":[{"href":"https:\/\/reviverechargeyourlife.dk\/da\/wp-json\/wp\/v2\/pages\/4694","targetHints":{"allow":["GET"]}}],"collection":[{"href":"https:\/\/reviverechargeyourlife.dk\/da\/wp-json\/wp\/v2\/pages"}],"about":[{"href":"https:\/\/reviverechargeyourlife.dk\/da\/wp-json\/wp\/v2\/types\/page"}],"author":[{"embeddable":true,"href":"https:\/\/reviverechargeyourlife.dk\/da\/wp-json\/wp\/v2\/users\/1"}],"replies":[{"embeddable":true,"href":"https:\/\/reviverechargeyourlife.dk\/da\/wp-json\/wp\/v2\/comments?post=4694"}],"version-history":[{"count":3,"href":"https:\/\/reviverechargeyourlife.dk\/da\/wp-json\/wp\/v2\/pages\/4694\/revisions"}],"predecessor-version":[{"id":6079,"href":"https:\/\/reviverechargeyourlife.dk\/da\/wp-json\/wp\/v2\/pages\/4694\/revisions\/6079"}],"wp:attachment":[{"href":"https:\/\/reviverechargeyourlife.dk\/da\/wp-json\/wp\/v2\/media?parent=4694"}],"curies":[{"name":"wp","href":"https:\/\/api.w.org\/{rel}","templated":true}]}}