{"id":4666,"date":"2025-02-16T19:58:05","date_gmt":"2025-02-16T19:58:05","guid":{"rendered":"https:\/\/reviverechargeyourlife.dk\/booking-af-lifestream-generator-hands-on-session-indtagelse\/"},"modified":"2025-03-11T08:06:20","modified_gmt":"2025-03-11T08:06:20","slug":"booking-af-lifestream-generator-hands-on-session-indtagelse","status":"publish","type":"page","link":"https:\/\/reviverechargeyourlife.dk\/da\/booking-af-lifestream-generator-hands-on-session-indtagelse\/","title":{"rendered":"Booking af Lifestream Generator Hands on Session + indtagelse"},"content":{"rendered":"\n<div class=\"wp-block-uagb-container uagb-block-aat2ktnn alignfull uagb-is-root-container\"><div class=\"uagb-container-inner-blocks-wrap\">\n<div class=\"wp-block-uagb-info-box uagb-block-whaqd0vg uagb-infobox__content-wrap  uagb-infobox-icon-above-title uagb-infobox-image-valign-top\"><div class=\"uagb-ifb-content\"><div class=\"uagb-ifb-title-wrap\"><p class=\"uagb-ifb-title-prefix\"><br\/><br\/><br\/>Booking af Lifestream <strong>Generator\u2122<\/strong>.<\/p><h1 class=\"uagb-ifb-title\">Praktisk session + indtagelse<\/h1><\/div><\/div><\/div>\n<\/div><\/div>\n\n<div class=\"wp-block-uagb-container uagb-block-gkd1cbly alignfull uagb-is-root-container\"><div class=\"uagb-container-inner-blocks-wrap\">\n<div class=\"wp-block-uagb-info-box uagb-block-oshba8kd uagb-infobox__content-wrap  uagb-infobox-icon-above-title uagb-infobox-image-valign-top\"><div class=\"uagb-ifb-content\"><div class=\"uagb-ifb-title-wrap\"><p class=\"uagb-ifb-title-prefix\">Lifestream Generator &#8211; vigtige oplysninger om booking<\/p><\/div><p class=\"uagb-ifb-desc\"><br\/>F\u00f8r du booker din session, bedes du kontrollere, om noget af f\u00f8lgende g\u00e6lder for dig: graviditet, et st\u00e5limplantat eller en protese, en pacemaker, st\u00e5lfragmenter i kroppen eller et neuralimplantat. Hvis nogen af disse forhold g\u00f8r sig g\u00e6ldende, anbefaler vi, at du konsulterer din sundhedsudbyder, f\u00f8r du forts\u00e6tter med vores Recharge-services. <br\/>For din egen skyld og for at opn\u00e5 de bedste resultater b\u00f8r du have l\u00f8st, naturligt t\u00f8j p\u00e5, is\u00e6r hvis du bestiller en praktisk behandling, da det kan v\u00e6re n\u00f8dvendigt at f\u00e5 adgang til visse omr\u00e5der af kroppen.<br\/>Download venligst <a href=\"https:\/\/reviverechargeyourlife.dk\/wp-content\/uploads\/2025\/02\/Intake-form-Revive.pdf\" target=\"_blank\" rel=\"noopener\" title=\"Indtagelsesformular Revive\">indgangsskemaet<\/a>, udfyld det og tag det med til din aftale.<br\/>Hvis du har brug for at aflyse eller flytte en aftale, beder vi om mindst 24 timers varsel.<br\/>Efter din behandling skal du tage dig tid til at slappe af og hvile, s\u00e5 din krop kan f\u00e5 fuldt udbytte af behandlingen.<br\/>Betaling kan ske p\u00e5 stedet via MobilePay eller bankoverf\u00f8rsel.<br\/><strong>Sprog:<\/strong> Vores konsultationer foreg\u00e5r p\u00e5 engelsk eller hollandsk. Vi forst\u00e5r grundl\u00e6ggende dansk og g\u00f8r vores bedste for at blive bedre &#8211; du er velkommen til at teste vores fremskridt, men vi lover ikke perfekt udtale.<br\/>Vi gl\u00e6der os til at byde dig velkommen! <\/p><\/div><\/div>\n<\/div><\/div>\n\n<div class=\"wp-block-uagb-container uagb-block-6e6cb4ee alignfull uagb-is-root-container\"><div class=\"uagb-container-inner-blocks-wrap\"><\/div><\/div>\n\n<div class=\"wp-block-uagb-container uagb-block-09820a9f alignfull uagb-is-root-container\"><div class=\"uagb-container-inner-blocks-wrap\"><\/div><\/div>\n\n<p><\/p>\n","protected":false},"excerpt":{"rendered":"","protected":false},"author":1,"featured_media":0,"parent":0,"menu_order":0,"comment_status":"closed","ping_status":"closed","template":"","meta":{"_uag_custom_page_level_css":"","site-sidebar-layout":"no-sidebar","site-content-layout":"page-builder","ast-site-content-layout":"full-width-container","site-content-style":"unboxed","site-sidebar-style":"unboxed","ast-global-header-display":"","ast-banner-title-visibility":"","ast-main-header-display":"","ast-hfb-above-header-display":"","ast-hfb-below-header-display":"","ast-hfb-mobile-header-display":"","site-post-title":"disabled","ast-breadcrumbs-content":"","ast-featured-img":"disabled","footer-sml-layout":"","ast-disable-related-posts":"","theme-transparent-header-meta":"enabled","adv-header-id-meta":"","stick-header-meta":"","header-above-stick-meta":"","header-main-stick-meta":"","header-below-stick-meta":"","astra-migrate-meta-layouts":"default","ast-page-background-enabled":"default","ast-page-background-meta":{"desktop":{"background-color":"var(--ast-global-color-5)","background-image":"","background-repeat":"repeat","background-position":"center center","background-size":"auto","background-attachment":"scroll","background-type":"","background-media":"","overlay-type":"","overlay-color":"","overlay-opacity":"","overlay-gradient":""},"tablet":{"background-color":"","background-image":"","background-repeat":"repeat","background-position":"center center","background-size":"auto","background-attachment":"scroll","background-type":"","background-media":"","overlay-type":"","overlay-color":"","overlay-opacity":"","overlay-gradient":""},"mobile":{"background-color":"","background-image":"","background-repeat":"repeat","background-position":"center center","background-size":"auto","background-attachment":"scroll","background-type":"","background-media":"","overlay-type":"","overlay-color":"","overlay-opacity":"","overlay-gradient":""}},"ast-content-background-meta":{"desktop":{"background-color":"var(--ast-global-color-4)","background-image":"","background-repeat":"repeat","background-position":"center center","background-size":"auto","background-attachment":"scroll","background-type":"","background-media":"","overlay-type":"","overlay-color":"","overlay-opacity":"","overlay-gradient":""},"tablet":{"background-color":"var(--ast-global-color-4)","background-image":"","background-repeat":"repeat","background-position":"center center","background-size":"auto","background-attachment":"scroll","background-type":"","background-media":"","overlay-type":"","overlay-color":"","overlay-opacity":"","overlay-gradient":""},"mobile":{"background-color":"var(--ast-global-color-4)","background-image":"","background-repeat":"repeat","background-position":"center center","background-size":"auto","background-attachment":"scroll","background-type":"","background-media":"","overlay-type":"","overlay-color":"","overlay-opacity":"","overlay-gradient":""}},"footnotes":""},"class_list":["post-4666","page","type-page","status-publish","hentry"],"featured_image_src":null,"uagb_featured_image_src":{"full":false,"thumbnail":false,"medium":false,"medium_large":false,"large":false,"1536x1536":false,"2048x2048":false},"uagb_author_info":{"display_name":"r.d.j.bleekrode@gmail.com","author_link":"https:\/\/reviverechargeyourlife.dk\/da\/author\/r-d-j-bleekrodegmail-com\/"},"uagb_comment_info":0,"uagb_excerpt":null,"_links":{"self":[{"href":"https:\/\/reviverechargeyourlife.dk\/da\/wp-json\/wp\/v2\/pages\/4666","targetHints":{"allow":["GET"]}}],"collection":[{"href":"https:\/\/reviverechargeyourlife.dk\/da\/wp-json\/wp\/v2\/pages"}],"about":[{"href":"https:\/\/reviverechargeyourlife.dk\/da\/wp-json\/wp\/v2\/types\/page"}],"author":[{"embeddable":true,"href":"https:\/\/reviverechargeyourlife.dk\/da\/wp-json\/wp\/v2\/users\/1"}],"replies":[{"embeddable":true,"href":"https:\/\/reviverechargeyourlife.dk\/da\/wp-json\/wp\/v2\/comments?post=4666"}],"version-history":[{"count":2,"href":"https:\/\/reviverechargeyourlife.dk\/da\/wp-json\/wp\/v2\/pages\/4666\/revisions"}],"predecessor-version":[{"id":4897,"href":"https:\/\/reviverechargeyourlife.dk\/da\/wp-json\/wp\/v2\/pages\/4666\/revisions\/4897"}],"wp:attachment":[{"href":"https:\/\/reviverechargeyourlife.dk\/da\/wp-json\/wp\/v2\/media?parent=4666"}],"curies":[{"name":"wp","href":"https:\/\/api.w.org\/{rel}","templated":true}]}}