{"id":4656,"date":"2025-02-18T11:22:32","date_gmt":"2025-02-18T11:22:32","guid":{"rendered":"https:\/\/reviverechargeyourlife.dk\/booking-af-termografi-screening-af-brystrisiko\/"},"modified":"2025-04-24T10:17:32","modified_gmt":"2025-04-24T10:17:32","slug":"booking-af-termografi-screening-af-brystrisiko","status":"publish","type":"page","link":"https:\/\/reviverechargeyourlife.dk\/da\/booking-af-termografi-screening-af-brystrisiko\/","title":{"rendered":"Booking af termografi Screening af brystrisiko"},"content":{"rendered":"\n<div class=\"wp-block-uagb-container uagb-block-aat2ktnn alignfull uagb-is-root-container\"><div class=\"uagb-container-inner-blocks-wrap\">\n<div class=\"wp-block-uagb-container uagb-block-2b23ffb6\"><\/div>\n\n\n\n<div class=\"wp-block-uagb-info-box uagb-block-whaqd0vg uagb-infobox__content-wrap  uagb-infobox-icon-above-title uagb-infobox-image-valign-top\"><div class=\"uagb-ifb-content\"><div class=\"uagb-ifb-title-wrap\"><p class=\"uagb-ifb-title-prefix\">Booking af Medicinsk Termografi<\/p><h1 class=\"uagb-ifb-title\">Screening for Brystkr\u00e6ftrisiko<\/h1><\/div><\/div><\/div>\n<\/div><\/div>\n\n<div class=\"wp-block-uagb-container uagb-block-gkd1cbly alignfull uagb-is-root-container\"><div class=\"uagb-container-inner-blocks-wrap\">\n<div class=\"wp-block-uagb-info-box uagb-block-oshba8kd uagb-infobox__content-wrap  uagb-infobox-icon-above-title uagb-infobox-image-valign-top\"><div class=\"uagb-ifb-content\"><div class=\"uagb-ifb-title-wrap\"><p class=\"uagb-ifb-title-prefix\">Information om Booking af Termografi<\/p><\/div><p class=\"uagb-ifb-desc\">F\u00f8r du booker din tid, er det vigtigt at l\u00e6se <a href=\"https:\/\/reviverechargeyourlife.dk\/wp-content\/uploads\/2025\/02\/Thermography-preparation-1.pdf\" target=\"_blank\" rel=\"noopener\" title=\"Forberedelse til Termografi\">retningslinjerne for forberedelse for<\/a> at sikre de mest n\u00f8jagtige resultater. Derudover bedes du downloade og udfylde <a href=\"https:\/\/reviverechargeyourlife.dk\/wp-content\/uploads\/2025\/02\/Intake-form-Revive.pdf\" target=\"_blank\" rel=\"noopener\" title=\"Indtagelsesformular Revive\">indgangsformularen<\/a> og medbringe den til din aftale.  Det er vigtigt at udfylde formularen p\u00e5 forh\u00e5nd for at hj\u00e6lpe med at str\u00f8mline processen og sikre, at alle relevante oplysninger er angivet. Hvis du har brug for at aflyse eller flytte, beder vi om mindst 24 timers varsel.<br\/>Efter din session skal du tage dig tid til at slappe af og hvile, s\u00e5 din krop kan f\u00e5 fuldt udbytte af oplevelsen.<br\/>Betaling kan ske p\u00e5 stedet via MobilePay eller bankoverf\u00f8rsel.: Vores konsultationer foreg\u00e5r p\u00e5 engelsk. <strong>Sprog<\/strong> Vi forst\u00e5r grundl\u00e6ggende dansk og arbejder p\u00e5 at blive bedre &#8211; du er velkommen til at teste vores fremskridt, men forvent ikke perfekt udtale.<br\/>Vi gl\u00e6der os til at byde dig velkommen!<\/p><\/div><\/div>\n<\/div><\/div>\n\n<div class=\"wp-block-uagb-container uagb-block-6e6cb4ee alignfull uagb-is-root-container\"><div class=\"uagb-container-inner-blocks-wrap\"><\/div><\/div>\n\n<div class=\"wp-block-uagb-container uagb-block-09820a9f alignfull uagb-is-root-container\"><div class=\"uagb-container-inner-blocks-wrap\"><\/div><\/div>\n","protected":false},"excerpt":{"rendered":"","protected":false},"author":1,"featured_media":0,"parent":0,"menu_order":0,"comment_status":"closed","ping_status":"closed","template":"","meta":{"_uag_custom_page_level_css":"","site-sidebar-layout":"no-sidebar","site-content-layout":"page-builder","ast-site-content-layout":"full-width-container","site-content-style":"unboxed","site-sidebar-style":"unboxed","ast-global-header-display":"","ast-banner-title-visibility":"","ast-main-header-display":"","ast-hfb-above-header-display":"","ast-hfb-below-header-display":"","ast-hfb-mobile-header-display":"","site-post-title":"disabled","ast-breadcrumbs-content":"","ast-featured-img":"disabled","footer-sml-layout":"","theme-transparent-header-meta":"enabled","adv-header-id-meta":"","stick-header-meta":"","header-above-stick-meta":"","header-main-stick-meta":"","header-below-stick-meta":"","astra-migrate-meta-layouts":"set","ast-page-background-enabled":"default","ast-page-background-meta":{"desktop":{"background-color":"var(--ast-global-color-4)","background-image":"","background-repeat":"repeat","background-position":"center center","background-size":"auto","background-attachment":"scroll","background-type":"","background-media":"","overlay-type":"","overlay-color":"","overlay-opacity":"","overlay-gradient":""},"tablet":{"background-color":"","background-image":"","background-repeat":"repeat","background-position":"center center","background-size":"auto","background-attachment":"scroll","background-type":"","background-media":"","overlay-type":"","overlay-color":"","overlay-opacity":"","overlay-gradient":""},"mobile":{"background-color":"","background-image":"","background-repeat":"repeat","background-position":"center center","background-size":"auto","background-attachment":"scroll","background-type":"","background-media":"","overlay-type":"","overlay-color":"","overlay-opacity":"","overlay-gradient":""}},"ast-content-background-meta":{"desktop":{"background-color":"var(--ast-global-color-5)","background-image":"","background-repeat":"repeat","background-position":"center center","background-size":"auto","background-attachment":"scroll","background-type":"","background-media":"","overlay-type":"","overlay-color":"","overlay-opacity":"","overlay-gradient":""},"tablet":{"background-color":"var(--ast-global-color-5)","background-image":"","background-repeat":"repeat","background-position":"center center","background-size":"auto","background-attachment":"scroll","background-type":"","background-media":"","overlay-type":"","overlay-color":"","overlay-opacity":"","overlay-gradient":""},"mobile":{"background-color":"var(--ast-global-color-5)","background-image":"","background-repeat":"repeat","background-position":"center center","background-size":"auto","background-attachment":"scroll","background-type":"","background-media":"","overlay-type":"","overlay-color":"","overlay-opacity":"","overlay-gradient":""}},"footnotes":""},"class_list":["post-4656","page","type-page","status-publish","hentry"],"featured_image_src":null,"uagb_featured_image_src":{"full":false,"thumbnail":false,"medium":false,"medium_large":false,"large":false,"1536x1536":false,"2048x2048":false},"uagb_author_info":{"display_name":"r.d.j.bleekrode@gmail.com","author_link":"https:\/\/reviverechargeyourlife.dk\/da\/author\/r-d-j-bleekrodegmail-com\/"},"uagb_comment_info":0,"uagb_excerpt":null,"_links":{"self":[{"href":"https:\/\/reviverechargeyourlife.dk\/da\/wp-json\/wp\/v2\/pages\/4656","targetHints":{"allow":["GET"]}}],"collection":[{"href":"https:\/\/reviverechargeyourlife.dk\/da\/wp-json\/wp\/v2\/pages"}],"about":[{"href":"https:\/\/reviverechargeyourlife.dk\/da\/wp-json\/wp\/v2\/types\/page"}],"author":[{"embeddable":true,"href":"https:\/\/reviverechargeyourlife.dk\/da\/wp-json\/wp\/v2\/users\/1"}],"replies":[{"embeddable":true,"href":"https:\/\/reviverechargeyourlife.dk\/da\/wp-json\/wp\/v2\/comments?post=4656"}],"version-history":[{"count":5,"href":"https:\/\/reviverechargeyourlife.dk\/da\/wp-json\/wp\/v2\/pages\/4656\/revisions"}],"predecessor-version":[{"id":5853,"href":"https:\/\/reviverechargeyourlife.dk\/da\/wp-json\/wp\/v2\/pages\/4656\/revisions\/5853"}],"wp:attachment":[{"href":"https:\/\/reviverechargeyourlife.dk\/da\/wp-json\/wp\/v2\/media?parent=4656"}],"curies":[{"name":"wp","href":"https:\/\/api.w.org\/{rel}","templated":true}]}}