{"id":4650,"date":"2025-02-22T19:46:22","date_gmt":"2025-02-22T19:46:22","guid":{"rendered":"https:\/\/reviverechargeyourlife.dk\/scanning-af-ojets-sundhed-med-termografi\/"},"modified":"2025-05-30T10:18:28","modified_gmt":"2025-05-30T10:18:28","slug":"scanning-af-ojets-sundhed-med-termografi","status":"publish","type":"page","link":"https:\/\/reviverechargeyourlife.dk\/da\/scanning-af-ojets-sundhed-med-termografi\/","title":{"rendered":"\u00d8jensundhed &amp; \u00d8jenscanning med medicinsk termografi"},"content":{"rendered":"\n<div class=\"wp-block-uagb-container uagb-block-cd4f0063 alignfull uagb-is-root-container\"><div class=\"uagb-container-inner-blocks-wrap\"><\/div><\/div>\n\n\n\n<div class=\"wp-block-uagb-container uagb-block-652e4b57 alignfull uagb-is-root-container\"><div class=\"uagb-container-inner-blocks-wrap\"><\/div><\/div>\n\n\n\n<div class=\"wp-block-uagb-container uagb-block-x7fyyjtc alignfull uagb-is-root-container\"><div class=\"uagb-container-inner-blocks-wrap\">\n<div class=\"wp-block-uagb-container uagb-block-dxp9xfv5\">\n<div class=\"wp-block-uagb-info-box uagb-block-vnd1mphg uagb-infobox__content-wrap  uagb-infobox-icon-above-title uagb-infobox-image-valign-top\"><div class=\"uagb-ifb-content\"><div class=\"uagb-ifb-title-wrap\"><p class=\"uagb-ifb-title-prefix\">Medicinsk termografi<\/p><h1 class=\"uagb-ifb-title\">\u00d8jensundhed &amp; \u00d8jenscanning<\/h1><\/div><p class=\"uagb-ifb-desc\">En proaktiv vision .<\/p><\/div><\/div>\n\n\n\n<div class=\"wp-block-uagb-buttons uagb-buttons__outer-wrap uagb-btn__default-btn uagb-btn-tablet__default-btn uagb-btn-mobile__default-btn uagb-block-chp7jiar\"><div class=\"uagb-buttons__wrap uagb-buttons-layout-wrap \">\n<div class=\"wp-block-uagb-buttons-child uagb-buttons__outer-wrap uagb-block-yqdgpemi wp-block-button\"><div class=\"uagb-button__wrapper\"><a class=\"uagb-buttons-repeater wp-block-button__link\" aria-label=\"\" href=\"https:\/\/reviverechargeyourlife.dk\/booking-thermography\/\" rel=\"follow noopener\" target=\"_self\" role=\"button\"><div class=\"uagb-button__link\">Get Started<\/div><\/a><\/div><\/div>\n<\/div><\/div>\n<\/div>\n\n\n\n<div class=\"wp-block-uagb-image alignleft uagb-block-q10rcphg wp-block-uagb-image--layout-default wp-block-uagb-image--effect-static wp-block-uagb-image--align-left\"><figure class=\"wp-block-uagb-image__figure\"><img decoding=\"async\" srcset=\"https:\/\/reviverechargeyourlife.dk\/wp-content\/uploads\/2025\/02\/imageedit_2_4620839161.jpg ,https:\/\/reviverechargeyourlife.dk\/wp-content\/uploads\/2025\/02\/imageedit_2_4620839161-146x300.jpg 780w, https:\/\/reviverechargeyourlife.dk\/wp-content\/uploads\/2025\/02\/imageedit_2_4620839161-146x300.jpg 360w\" sizes=\"auto, (max-width: 480px) 150px\" src=\"https:\/\/reviverechargeyourlife.dk\/wp-content\/uploads\/2025\/02\/imageedit_2_4620839161.jpg\" alt=\"\" class=\"uag-image-3960\" width=\"232\" height=\"477\" title=\"imageedit_2_4620839161\" loading=\"lazy\" role=\"img\"\/><\/figure><\/div>\n<\/div><\/div>\n\n\n\n<div class=\"wp-block-uagb-container uagb-block-92vxam1k alignfull uagb-is-root-container\"><div class=\"uagb-container-inner-blocks-wrap\">\n<div class=\"wp-block-uagb-info-box uagb-block-kfaxps8u uagb-infobox__content-wrap  uagb-infobox-icon-above-title uagb-infobox-image-valign-top\"><div class=\"uagb-ifb-content\"><div class=\"uagb-ifb-title-wrap\"><p class=\"uagb-ifb-title-prefix\">Deltag i sundhedsoptimeringsrevolutionen<\/p><\/div><p class=\"uagb-ifb-desc\">Det er vigtigt at opretholde en optimal \u00f8jensundhed, da vores syn spiller en afg\u00f8rende rolle i dagligdagen, det generelle velbefindende og livskvaliteten. Faktorer som sk\u00e6rmtid, milj\u00f8m\u00e6ssige stressfaktorer, livsstilsvalg og underliggende helbredstilstande kan p\u00e5virke \u00f8jenfunktionen, ofte uden m\u00e6rkbare symptomer. En proaktiv tilgang til \u00f8jensundhed er n\u00f8glen til at forebygge langsigtede komplikationer og synsneds\u00e6ttelse.  <\/p><\/div><\/div>\n<\/div><\/div>\n\n\n\n<div class=\"wp-block-uagb-container uagb-block-dccuqnoa alignfull uagb-is-root-container\"><div class=\"uagb-container-inner-blocks-wrap\">\n<div class=\"wp-block-uagb-info-box uagb-block-b5574332 uagb-infobox__content-wrap  uagb-infobox-icon-above-title uagb-infobox-image-valign-top wp-block-uagb-info-box--has-margin\"><div class=\"uagb-infobox-margin-wrapper\"><div class=\"uagb-ifb-content\"><div class=\"uagb-ifb-title-wrap\"><h2 class=\"uagb-ifb-title\"><strong>Vigtigheden af \u00e5rv\u00e5genhed i \u00f8jensundhed<\/strong><\/h2><\/div><p class=\"uagb-ifb-desc\">Vores \u00f8jne er konstant udsat for eksterne stressfaktorer, herunder bl\u00e5t lys fra digitale enheder, luftforurening og allergener, som kan bidrage til anstrengte \u00f8jne, t\u00f8rhed og bet\u00e6ndelse. Derudover kan kredsl\u00f8bsproblemer, metaboliske ubalancer og neurologiske tilstande ogs\u00e5 vise sig i \u00f8jnene. Mange \u00f8jensygdomme udvikler sig gradvist og uden m\u00e6rkbare symptomer i de tidlige stadier, hvilket g\u00f8r regelm\u00e6ssig overv\u00e5gning afg\u00f8rende for tidlig opdagelse og forebyggelse.  <br><\/p><\/div><\/div><\/div>\n\n\n\n<div class=\"wp-block-uagb-separator uagb-block-0cae2395\"><div class=\"wp-block-uagb-separator__inner\" style=\"--my-background-image:\"><\/div><\/div>\n\n\n\n<div class=\"wp-block-uagb-info-box uagb-block-b497cde3 uagb-infobox__content-wrap  uagb-infobox-icon-above-title uagb-infobox-image-valign-top wp-block-uagb-info-box--has-margin\"><div class=\"uagb-infobox-margin-wrapper\"><div class=\"uagb-ifb-content\"><div class=\"uagb-ifb-title-wrap\"><h2 class=\"uagb-ifb-title\"><strong>En banebrydende l\u00f8sning<\/strong><\/h2><\/div><p class=\"uagb-ifb-desc\">Termografi er et ikke-invasivt, str\u00e5lingsfrit billeddannelsesv\u00e6rkt\u00f8j, der giver v\u00e6rdifuld indsigt i \u00f8jets sundhed. Ved hj\u00e6lp af infrar\u00f8d billeddannelse registreres temperaturvariationer og uregelm\u00e6ssigheder i blodgennemstr\u00f8mningen omkring \u00f8jnene, hvilket hj\u00e6lper med at identificere potentiel inflammation, vaskul\u00e6re problemer eller dysfunktion, f\u00f8r symptomerne opst\u00e5r. Det g\u00f8r termografi til en st\u00e6rk mulighed for personer, der \u00f8nsker at tage kontrol over deres \u00f8jensundhed proaktivt.  <br><\/p><\/div><\/div><\/div>\n\n\n\n<div class=\"wp-block-uagb-separator uagb-block-af877f43\"><div class=\"wp-block-uagb-separator__inner\" style=\"--my-background-image:\"><\/div><\/div>\n\n\n\n<div class=\"wp-block-uagb-info-box uagb-block-8b540b2b uagb-infobox__content-wrap  uagb-infobox-icon-above-title uagb-infobox-image-valign-top wp-block-uagb-info-box--has-margin\"><div class=\"uagb-infobox-margin-wrapper\"><div class=\"uagb-ifb-content\"><div class=\"uagb-ifb-title-wrap\"><h2 class=\"uagb-ifb-title\"><strong>Forbedring af \u00f8jensundhed med termografi: Tidlig opsporing, overv\u00e5gning og st\u00f8tte til behandling<\/strong><\/h2><\/div><p class=\"uagb-ifb-desc\"><strong>Termografi<\/strong>er is\u00e6r nyttig til at opdage og overv\u00e5ge almindelige \u00f8jensygdomme som t\u00f8rre \u00f8jne, konjunktivitis (\u00f8jenbet\u00e6ndelse), blefaritis (\u00f8jenl\u00e5gsbet\u00e6ndelse) og glaukom. Den kan ogs\u00e5 hj\u00e6lpe med at identificere tidlige tegn p\u00e5 gr\u00e5 st\u00e6r, makuladegeneration og diabetisk retinopati ved at observere \u00e6ndringer i blodgennemstr\u00f8mningen og temperaturen i \u00f8jenomr\u00e5det. Teknologiens evne til at fremh\u00e6ve unormale varmem\u00f8nstre giver vigtige oplysninger til at spore udviklingen af disse tilstande, s\u00e5 sundhedspersonalet kan vurdere, hvor godt behandlingerne virker, og foretage justeringer i tide.  <br><br>Ud over tidlig opdagelse kan termografi ogs\u00e5 bruges til at overv\u00e5ge virkningerne af \u00f8jenbehandlinger og sikre, at indgreb mod tilstande som \u00f8jeninfektioner eller kroniske t\u00f8rre \u00f8jne effektivt tager fat p\u00e5 de grundl\u00e6ggende \u00e5rsager. Ved at vurdere temperatur\u00e6ndringerne i v\u00e6vet omkring \u00f8jnene hj\u00e6lper termografi klinikere med at tr\u00e6ffe mere informerede beslutninger om l\u00f8bende pleje og behandling, hvilket forbedrer resultaterne af behandlingerne og sikrer dine \u00f8jnes sundhed p\u00e5 lang sigt. <br><\/p><\/div><\/div><\/div>\n\n\n\n<div class=\"wp-block-uagb-separator uagb-block-902cad3c\"><div class=\"wp-block-uagb-separator__inner\" style=\"--my-background-image:\"><\/div><\/div>\n\n\n\n<div class=\"wp-block-uagb-info-box uagb-block-9f49f887 uagb-infobox__content-wrap  uagb-infobox-icon-above-title uagb-infobox-image-valign-top wp-block-uagb-info-box--has-margin\"><div class=\"uagb-infobox-margin-wrapper\"><div class=\"uagb-ifb-content\"><div class=\"uagb-ifb-title-wrap\"><h2 class=\"uagb-ifb-title\"><strong>Fordelene ved termografiske \u00f8jenscanninger<\/strong><\/h2><\/div><p class=\"uagb-ifb-desc\">Almindelige \u00f8jenunders\u00f8gelser fokuserer prim\u00e6rt p\u00e5 synets klarhed, trykpr\u00f8ver for gr\u00f8n st\u00e6r og strukturel billeddannelse for st\u00f8rre \u00f8jensygdomme. Men disse tests opdager m\u00e5ske ikke funktionelle ubalancer, inflammation eller kredsl\u00f8bsproblemer i et tidligt stadie. Mange \u00f8jenrelaterede problemer, herunder tidlige tegn p\u00e5 neurovaskul\u00e6re tilstande eller systemiske sygdomme som f.eks. diabetes, kan ikke identificeres gennem konventionelle screeninger alene. Det understreger vigtigheden af proaktiv overv\u00e5gning og strategier for tidlig opsporing.   <br><\/p><\/div><\/div><\/div>\n\n\n\n<div class=\"wp-block-uagb-separator uagb-block-b859ba3a\"><div class=\"wp-block-uagb-separator__inner\" style=\"--my-background-image:\"><\/div><\/div>\n\n\n\n<div class=\"wp-block-uagb-info-box uagb-block-9c2e73c4 uagb-infobox__content-wrap  uagb-infobox-icon-above-title uagb-infobox-image-valign-top wp-block-uagb-info-box--has-margin\"><div class=\"uagb-infobox-margin-wrapper\"><div class=\"uagb-ifb-content\"><div class=\"uagb-ifb-title-wrap\"><h2 class=\"uagb-ifb-title\"><strong>Tag h\u00e5nd om din \u00f8jensundhed med Revive<\/strong><\/h2><\/div><p class=\"uagb-ifb-desc\">At integrere regelm\u00e6ssige termografiske \u00f8jenscanninger i din sundhedsrutine er et proaktivt skridt i retning af at beskytte dit syn og din generelle sundhed. Det er is\u00e6r vigtigt for personer, der er udsat for meget sk\u00e6rmtid, personer med stofskiftesygdomme eller alle, der oplever uforklarligt ubehag eller forandringer i \u00f8jnene. Tidlig opdagelse og indgriben er n\u00f8glen, og med vores AI-drevne termografi f\u00e5r du et avanceret v\u00e6rkt\u00f8j til at v\u00e6re p\u00e5 forkant med potentielle problemer.  <br><br>Hos Revive tilbyder vi en effektiv, ikke-invasiv l\u00f8sning til at spore og optimere din \u00f8jensundhed. Ved at investere i regelm\u00e6ssige scanninger kan du tr\u00e6ffe informerede beslutninger, tr\u00e6ffe forebyggende foranstaltninger og bevare dit syn og dit velbefindende p\u00e5 lang sigt. <\/p><\/div><\/div><\/div>\n<\/div><\/div>\n\n\n\n<div class=\"wp-block-uagb-container uagb-block-93d4866e alignfull uagb-is-root-container\"><div class=\"uagb-container-inner-blocks-wrap\">\n<div class=\"wp-block-uagb-info-box uagb-block-63763c4c uagb-infobox__content-wrap  uagb-infobox-icon-above-title uagb-infobox-image-valign-top\"><div class=\"uagb-ifb-content\"><div class=\"uagb-ifb-title-wrap\"><h6 class=\"uagb-ifb-title-prefix\">Medicinsk termografi og \u00f8jensundhed<\/h6><h2 class=\"uagb-ifb-title\">Vil du vide mere, eller har du et sp\u00f8rgsm\u00e5l?<\/h2><\/div><p class=\"uagb-ifb-desc\"><br><a href=\"https:\/\/websitedemos.net\/lotus-spa-02\/?brainstormforce=pTXyytedV9E9TFhT#\" target=\"_blank\" rel=\"noopener\"><\/a><\/p><div class=\"uagb-ifb-button-wrapper wp-block-button\"><a href=\"#\" class=\"uagb-infobox-cta-link wp-block-button__link\" target=\"_self\" rel=\"noopener noreferrer\" onclick=\"return false;\"><span class=\"uagb-inline-editing\">contact us<\/span><svg xmlns=\"https:\/\/www.w3.org\/2000\/svg\" viewBox=\"0 0 512 512\"><path d=\"M502.6 278.6l-128 128c-12.51 12.51-32.76 12.49-45.25 0c-12.5-12.5-12.5-32.75 0-45.25L402.8 288H32C14.31 288 0 273.7 0 255.1S14.31 224 32 224h370.8l-73.38-73.38c-12.5-12.5-12.5-32.75 0-45.25s32.75-12.5 45.25 0l128 128C515.1 245.9 515.1 266.1 502.6 278.6z\"><\/path><\/svg><\/a><\/div><\/div><\/div>\n<\/div><\/div>\n","protected":false},"excerpt":{"rendered":"","protected":false},"author":1,"featured_media":0,"parent":0,"menu_order":0,"comment_status":"closed","ping_status":"closed","template":"","meta":{"_uag_custom_page_level_css":"","site-sidebar-layout":"default","site-content-layout":"","ast-site-content-layout":"default","site-content-style":"default","site-sidebar-style":"default","ast-global-header-display":"","ast-banner-title-visibility":"","ast-main-header-display":"","ast-hfb-above-header-display":"","ast-hfb-below-header-display":"","ast-hfb-mobile-header-display":"","site-post-title":"disabled","ast-breadcrumbs-content":"","ast-featured-img":"","footer-sml-layout":"","ast-disable-related-posts":"","theme-transparent-header-meta":"","adv-header-id-meta":"","stick-header-meta":"","header-above-stick-meta":"","header-main-stick-meta":"","header-below-stick-meta":"","astra-migrate-meta-layouts":"set","ast-page-background-enabled":"default","ast-page-background-meta":{"desktop":{"background-color":"var(--ast-global-color-4)","background-image":"","background-repeat":"repeat","background-position":"center center","background-size":"auto","background-attachment":"scroll","background-type":"","background-media":"","overlay-type":"","overlay-color":"","overlay-opacity":"","overlay-gradient":""},"tablet":{"background-color":"","background-image":"","background-repeat":"repeat","background-position":"center center","background-size":"auto","background-attachment":"scroll","background-type":"","background-media":"","overlay-type":"","overlay-color":"","overlay-opacity":"","overlay-gradient":""},"mobile":{"background-color":"","background-image":"","background-repeat":"repeat","background-position":"center center","background-size":"auto","background-attachment":"scroll","background-type":"","background-media":"","overlay-type":"","overlay-color":"","overlay-opacity":"","overlay-gradient":""}},"ast-content-background-meta":{"desktop":{"background-color":"var(--ast-global-color-5)","background-image":"","background-repeat":"repeat","background-position":"center center","background-size":"auto","background-attachment":"scroll","background-type":"","background-media":"","overlay-type":"","overlay-color":"","overlay-opacity":"","overlay-gradient":""},"tablet":{"background-color":"var(--ast-global-color-5)","background-image":"","background-repeat":"repeat","background-position":"center center","background-size":"auto","background-attachment":"scroll","background-type":"","background-media":"","overlay-type":"","overlay-color":"","overlay-opacity":"","overlay-gradient":""},"mobile":{"background-color":"var(--ast-global-color-5)","background-image":"","background-repeat":"repeat","background-position":"center center","background-size":"auto","background-attachment":"scroll","background-type":"","background-media":"","overlay-type":"","overlay-color":"","overlay-opacity":"","overlay-gradient":""}},"footnotes":""},"class_list":["post-4650","page","type-page","status-publish","hentry"],"featured_image_src":null,"uagb_featured_image_src":{"full":false,"thumbnail":false,"medium":false,"medium_large":false,"large":false,"1536x1536":false,"2048x2048":false},"uagb_author_info":{"display_name":"r.d.j.bleekrode@gmail.com","author_link":"https:\/\/reviverechargeyourlife.dk\/da\/author\/r-d-j-bleekrodegmail-com\/"},"uagb_comment_info":0,"uagb_excerpt":null,"_links":{"self":[{"href":"https:\/\/reviverechargeyourlife.dk\/da\/wp-json\/wp\/v2\/pages\/4650","targetHints":{"allow":["GET"]}}],"collection":[{"href":"https:\/\/reviverechargeyourlife.dk\/da\/wp-json\/wp\/v2\/pages"}],"about":[{"href":"https:\/\/reviverechargeyourlife.dk\/da\/wp-json\/wp\/v2\/types\/page"}],"author":[{"embeddable":true,"href":"https:\/\/reviverechargeyourlife.dk\/da\/wp-json\/wp\/v2\/users\/1"}],"replies":[{"embeddable":true,"href":"https:\/\/reviverechargeyourlife.dk\/da\/wp-json\/wp\/v2\/comments?post=4650"}],"version-history":[{"count":3,"href":"https:\/\/reviverechargeyourlife.dk\/da\/wp-json\/wp\/v2\/pages\/4650\/revisions"}],"predecessor-version":[{"id":6088,"href":"https:\/\/reviverechargeyourlife.dk\/da\/wp-json\/wp\/v2\/pages\/4650\/revisions\/6088"}],"wp:attachment":[{"href":"https:\/\/reviverechargeyourlife.dk\/da\/wp-json\/wp\/v2\/media?parent=4650"}],"curies":[{"name":"wp","href":"https:\/\/api.w.org\/{rel}","templated":true}]}}