{"id":4636,"date":"2025-02-10T14:39:08","date_gmt":"2025-02-10T14:39:08","guid":{"rendered":"https:\/\/reviverechargeyourlife.dk\/ermografi-forebyggelse-og-velvaere\/"},"modified":"2025-03-14T15:35:52","modified_gmt":"2025-03-14T15:35:52","slug":"ermografi-forebyggelse-og-velvaere","status":"publish","type":"page","link":"https:\/\/reviverechargeyourlife.dk\/da\/ermografi-forebyggelse-og-velvaere\/","title":{"rendered":"Termografi Forebyggelse og velv\u00e6re"},"content":{"rendered":"\n<div class=\"wp-block-uagb-container uagb-block-48953817 alignfull uagb-is-root-container\"><div class=\"uagb-container-inner-blocks-wrap\"><\/div><\/div>\n\n<div class=\"wp-block-uagb-container uagb-block-8aa3bf0c alignfull uagb-is-root-container\"><div class=\"uagb-container-inner-blocks-wrap\"><\/div><\/div>\n\n<div class=\"wp-block-uagb-container uagb-block-c8wfuua4 alignfull uagb-is-root-container\">\n<div class=\"wp-block-uagb-info-box uagb-block-ojchvedm uagb-infobox__content-wrap  uagb-infobox-icon-above-title uagb-infobox-image-valign-top wp-block-uagb-info-box--has-margin\"><div class=\"uagb-infobox-margin-wrapper\"><div class=\"uagb-ifb-content\"><div class=\"uagb-ifb-title-wrap\"><p class=\"uagb-ifb-title-prefix\">Medicinsk termografi<\/p><h1 class=\"uagb-ifb-title\">  Forebyggelse og velv\u00e6re  <\/h1><\/div><p class=\"uagb-ifb-desc\">Hos Revive giver vi dig mulighed for at tage ansvar for dit helbred ved at bruge termografi som et forebyggende og pr\u00e6stationsfremmende v\u00e6rkt\u00f8j.<\/p><\/div><\/div><\/div>\n\n\n\n<div class=\"wp-block-uagb-buttons uagb-buttons__outer-wrap uagb-btn__default-btn uagb-btn-tablet__default-btn uagb-btn-mobile__default-btn uagb-block-1hccagiv\"><div class=\"uagb-buttons__wrap uagb-buttons-layout-wrap \">\n<div class=\"wp-block-uagb-buttons-child uagb-buttons__outer-wrap uagb-block-ybcqcdvd wp-block-button\"><div class=\"uagb-button__wrapper\"><a class=\"uagb-buttons-repeater wp-block-button__link\" aria-label=\"\" href=\"https:\/\/reviverechargeyourlife.dk\/da\/booking-af-termografi\/\" rel=\"follow noopener\" target=\"_self\" role=\"button\"><div class=\"uagb-button__link\">Begynd nu<\/div><\/a><\/div><\/div>\n\n\n\n<div class=\"wp-block-uagb-buttons-child uagb-buttons__outer-wrap uagb-block-9gynkdwj wp-block-button\"><div class=\"uagb-button__wrapper\"><a class=\"uagb-buttons-repeater wp-block-button__link\" aria-label=\"\" href=\"https:\/\/reviverechargeyourlife.dk\/da\/kontakt\/\" rel=\"follow noopener\" target=\"_self\" role=\"button\"><div class=\"uagb-button__link\">Kontakt<\/div><\/a><\/div><\/div>\n<\/div><\/div>\n\n\n\n<div class=\"wp-block-uagb-container uagb-block-3klq1gqh alignfull uagb-is-root-container\"><div class=\"uagb-container-inner-blocks-wrap\">\n<div class=\"wp-block-uagb-info-box uagb-block-az0kpsi2 uagb-infobox__content-wrap  uagb-infobox-icon-above-title uagb-infobox-image-valign-top\"><div class=\"uagb-ifb-content\"><div class=\"uagb-ifb-title-wrap\"><p class=\"uagb-ifb-title-prefix\">Opdag en ny m\u00e5de at forst\u00e5 din krop p\u00e5<\/p><h1 class=\"uagb-ifb-title\">Hvad nu, hvis du kunne se dit helbred som aldrig f\u00f8r?  <\/h1><\/div><p class=\"uagb-ifb-desc\">  Uanset om du \u00f8nsker at forbedre din restitution, forebygge helbredsproblemer eller maksimere dit velbefindende, giver termografi dig den indsigt, du har brug for til at tr\u00e6ffe informerede beslutninger og yde dit bedste. Afd\u00e6k de indsigter, din krop har gemt p\u00e5<\/p><\/div><\/div>\n<\/div><\/div>\n\n\n\n<div class=\"wp-block-uagb-container uagb-block-dlc7xxl1 alignfull uagb-is-root-container\"><div class=\"uagb-container-inner-blocks-wrap\">\n<div class=\"wp-block-uagb-container uagb-block-yqeplkpr\">\n<div class=\"wp-block-uagb-info-box uagb-block-qs6v3myh uagb-infobox__content-wrap  uagb-infobox-icon-above-title uagb-infobox-image-valign-top\"><div class=\"uagb-ifb-content\"><div class=\"uagb-ifb-title-wrap\"><h2 class=\"uagb-ifb-title\">Hvordan medicinsk termografi kan hj\u00e6lpe dig.<\/h2><\/div><\/div><\/div>\n\n\n\n<div class=\"wp-block-uagb-info-box uagb-block-kvdwqgla uagb-infobox__content-wrap  uagb-infobox-icon-above-title uagb-infobox-image-valign-top\"><div class=\"uagb-ifb-content\"><div class=\"uagb-ifb-title-wrap\"><\/div><p class=\"uagb-ifb-desc\">Hos Revive bruger vi medicinsk termografi som et st\u00e6rkt, ikke-invasivt v\u00e6rkt\u00f8j til at hj\u00e6lpe dig med at forst\u00e5 din krops reaktioner p\u00e5 daglige vaner og optimere dit helbred. Ved at m\u00e5le infrar\u00f8de varmem\u00f8nstre giver termografi indsigt i fysiologiske \u00e6ndringer i realtid, s\u00e5 du kan opdage ubalancer, f\u00f8r de bliver til sundhedsproblemer. <\/p><\/div><\/div>\n<\/div>\n\n\n\n<div class=\"wp-block-uagb-container uagb-block-lyvjvqqu\">\n<div class=\"wp-block-uagb-info-box uagb-block-c2tdnvkw uagb-infobox__content-wrap  uagb-infobox-icon-above-title uagb-infobox-image-valign-top wp-block-uagb-info-box--has-margin\"><div class=\"uagb-infobox-margin-wrapper\"><div class=\"uagb-ifb-content\"><div class=\"uagb-ifb-title-wrap\"><h3 class=\"uagb-ifb-title-prefix\">02<\/h3><h4 class=\"uagb-ifb-title\"><strong>En proaktiv tilgang til sundhed<\/strong><\/h4><\/div><p class=\"uagb-ifb-desc\">Forebyggelse er n\u00f8glen til langsigtet velv\u00e6re, og termografi giver dig mulighed for at tage proaktiv kontrol over dit helbred. Ved at identificere tidlige tegn p\u00e5 inflammation, d\u00e5rligt blodoml\u00f8b eller stressrelaterede ubalancer kan du tr\u00e6ffe evidensbaserede beslutninger for at forebygge skader, sygdom og pr\u00e6stationsnedgang.<\/p><\/div><\/div><\/div>\n\n\n\n<div class=\"wp-block-uagb-info-box uagb-block-yt9n7upo uagb-infobox__content-wrap  uagb-infobox-icon-above-title uagb-infobox-image-valign-top wp-block-uagb-info-box--has-margin\"><div class=\"uagb-infobox-margin-wrapper\"><div class=\"uagb-ifb-content\"><div class=\"uagb-ifb-title-wrap\"><h3 class=\"uagb-ifb-title-prefix\">03<\/h3><h4 class=\"uagb-ifb-title\"><strong>Spor effekten af din livsstil<\/strong><\/h4><\/div><p class=\"uagb-ifb-desc\">Din krop reagerer hele tiden p\u00e5, hvad du spiser, hvordan du tr\u00e6ner, og hvordan du h\u00e5ndterer stress. Med termografi kan du overv\u00e5ge, hvordan kosttilskud, ern\u00e6ring, fysisk aktivitet og restitutionsmetoder p\u00e5virker din krops indre processer.   <\/p><\/div><\/div><\/div>\n<\/div>\n<\/div><\/div>\n\n\n\n<div class=\"wp-block-uagb-container uagb-block-tejuofer alignfull uagb-is-root-container\"><div class=\"uagb-container-inner-blocks-wrap\">\n<div class=\"wp-block-uagb-info-box uagb-block-iukojque uagb-infobox__content-wrap  uagb-infobox-icon-above-title uagb-infobox-image-valign-top\"><div class=\"uagb-ifb-content\"><div class=\"uagb-ifb-title-wrap\"><p class=\"uagb-ifb-title-prefix\">Afd\u00e6k skjulte ubalancer, f\u00f8r de bliver til problemer<\/p><h1 class=\"uagb-ifb-title\"><sub>F\u00f8ler du, at noget er galt, men kan ikke finde ud af det? Lad termografi afsl\u00f8re svarene.   <\/sub><\/h1><\/div><p class=\"uagb-ifb-desc\"><sub>Book nu, og tag det f\u00f8rste skridt mod klarhed.<\/sub><br\/><\/p><\/div><\/div>\n\n\n\n<div class=\"wp-block-uagb-container uagb-block-b77ffc6a\">\n<div class=\"wp-block-uagb-buttons uagb-buttons__outer-wrap uagb-btn__default-btn uagb-btn-tablet__default-btn uagb-btn-mobile__default-btn uagb-block-90d167ac\"><div class=\"uagb-buttons__wrap uagb-buttons-layout-wrap \">\n<div class=\"wp-block-uagb-buttons-child uagb-buttons__outer-wrap uagb-block-620138aa wp-block-button\"><div class=\"uagb-button__wrapper\"><a class=\"uagb-buttons-repeater wp-block-button__link\" aria-label=\"\" href=\"https:\/\/reviverechargeyourlife.dk\/da\/booking-af-termografi\/\" rel=\"follow noopener\" target=\"_self\" role=\"button\"><div class=\"uagb-button__link\">Bestil tid<\/div><\/a><\/div><\/div>\n<\/div><\/div>\n<\/div>\n<\/div><\/div>\n\n\n\n<div class=\"wp-block-uagb-container uagb-block-togxsuut alignfull uagb-is-root-container\"><div class=\"uagb-container-inner-blocks-wrap\">\n<div class=\"wp-block-uagb-info-box uagb-block-mqo8aex0 uagb-infobox__content-wrap  uagb-infobox-icon-above-title uagb-infobox-image-valign-top wp-block-uagb-info-box--has-margin\"><div class=\"uagb-infobox-margin-wrapper\"><div class=\"uagb-ifb-content\"><div class=\"uagb-ifb-title-wrap\"><p class=\"uagb-ifb-title-prefix\">Medicinsk termografi til forebyggelse og velv\u00e6re<\/p><h2 class=\"uagb-ifb-title\"><strong>Hvem kan f\u00e5 gavn af det?<\/strong><\/h2><\/div><\/div><\/div><\/div>\n\n\n\n<div class=\"wp-block-uagb-icon-list uagb-block-cf77c561\"><div class=\"uagb-icon-list__wrap\">\n<div class=\"wp-block-uagb-icon-list-child uagb-block-02a598d7\"><span class=\"uagb-icon-list__source-wrap\"><svg xmlns=\"https:\/\/www.w3.org\/2000\/svg\" viewbox=\"0 0 256 512\"><path d=\"M64 448c-8.188 0-16.38-3.125-22.62-9.375c-12.5-12.5-12.5-32.75 0-45.25L178.8 256L41.38 118.6c-12.5-12.5-12.5-32.75 0-45.25s32.75-12.5 45.25 0l160 160c12.5 12.5 12.5 32.75 0 45.25l-160 160C80.38 444.9 72.19 448 64 448z\"><\/path><\/svg><\/span><span class=\"uagb-icon-list__label\"><strong>Biohackers &amp; Health Optimizers<\/strong> &#8211; Finjuster dine interventioner med fysiologisk feedback i realtid.<\/span><\/div>\n\n\n\n<div class=\"wp-block-uagb-icon-list-child uagb-block-b9dae707\"><span class=\"uagb-icon-list__source-wrap\"><svg xmlns=\"https:\/\/www.w3.org\/2000\/svg\" viewbox=\"0 0 256 512\"><path d=\"M64 448c-8.188 0-16.38-3.125-22.62-9.375c-12.5-12.5-12.5-32.75 0-45.25L178.8 256L41.38 118.6c-12.5-12.5-12.5-32.75 0-45.25s32.75-12.5 45.25 0l160 160c12.5 12.5 12.5 32.75 0 45.25l-160 160C80.38 444.9 72.19 448 64 448z\"><\/path><\/svg><\/span><span class=\"uagb-icon-list__label\"><strong>Atleter og aktive personer<\/strong> &#8211; Forebyg skader, f\u00f8lg restitutionen og forbedr pr\u00e6stationen.<\/span><\/div>\n\n\n\n<div class=\"wp-block-uagb-icon-list-child uagb-block-19300662\"><span class=\"uagb-icon-list__source-wrap\"><svg xmlns=\"https:\/\/www.w3.org\/2000\/svg\" viewbox=\"0 0 256 512\"><path d=\"M64 448c-8.188 0-16.38-3.125-22.62-9.375c-12.5-12.5-12.5-32.75 0-45.25L178.8 256L41.38 118.6c-12.5-12.5-12.5-32.75 0-45.25s32.75-12.5 45.25 0l160 160c12.5 12.5 12.5 32.75 0 45.25l-160 160C80.38 444.9 72.19 448 64 448z\"><\/path><\/svg><\/span><span class=\"uagb-icon-list__label\"><strong>Wellness-entusiaster<\/strong> &#8211; Optimering af velv\u00e6re, stressh\u00e5ndtering og kredsl\u00f8b.<\/span><\/div>\n\n\n\n<div class=\"wp-block-uagb-icon-list-child uagb-block-0f2ca493\"><span class=\"uagb-icon-list__source-wrap\"><svg xmlns=\"https:\/\/www.w3.org\/2000\/svg\" viewbox=\"0 0 256 512\"><path d=\"M64 448c-8.188 0-16.38-3.125-22.62-9.375c-12.5-12.5-12.5-32.75 0-45.25L178.8 256L41.38 118.6c-12.5-12.5-12.5-32.75 0-45.25s32.75-12.5 45.25 0l160 160c12.5 12.5 12.5 32.75 0 45.25l-160 160C80.38 444.9 72.19 448 64 448z\"><\/path><\/svg><\/span><span class=\"uagb-icon-list__label\"><strong>H\u00f8jtpr\u00e6sterende fagfolk<\/strong> &#8211; Oprethold den bedste mentale og fysiske pr\u00e6station i kr\u00e6vende karrierer.<\/span><\/div>\n\n\n\n<div class=\"wp-block-uagb-icon-list-child uagb-block-7048b46e\"><span class=\"uagb-icon-list__source-wrap\"><svg xmlns=\"https:\/\/www.w3.org\/2000\/svg\" viewbox=\"0 0 256 512\"><path d=\"M64 448c-8.188 0-16.38-3.125-22.62-9.375c-12.5-12.5-12.5-32.75 0-45.25L178.8 256L41.38 118.6c-12.5-12.5-12.5-32.75 0-45.25s32.75-12.5 45.25 0l160 160c12.5 12.5 12.5 32.75 0 45.25l-160 160C80.38 444.9 72.19 448 64 448z\"><\/path><\/svg><\/span><span class=\"uagb-icon-list__label\"><strong>Fokus p\u00e5 forebyggelse<\/strong> &#8211; Opdag tidlige tegn p\u00e5 ubalance, f\u00f8r symptomerne opst\u00e5r.<\/span><\/div>\n<\/div><\/div>\n<\/div><\/div>\n\n\n\n<div class=\"wp-block-uagb-container uagb-block-93d4866e alignfull uagb-is-root-container\"><div class=\"uagb-container-inner-blocks-wrap\">\n<div class=\"wp-block-uagb-info-box uagb-block-63763c4c uagb-infobox__content-wrap  uagb-infobox-icon-above-title uagb-infobox-image-valign-top\"><div class=\"uagb-ifb-content\"><div class=\"uagb-ifb-title-wrap\"><h6 class=\"uagb-ifb-title-prefix\">Medicinsk termografi til forebyggelse og velv\u00e6re<\/h6><h2 class=\"uagb-ifb-title\">Vil du vide mere, eller har du et sp\u00f8rgsm\u00e5l?<\/h2><\/div><p class=\"uagb-ifb-desc\">Ring til os p\u00e5 +45 91428433 eller send os en besked<br\/><a href=\"https:\/\/websitedemos.net\/lotus-spa-02\/?brainstormforce=pTXyytedV9E9TFhT#\" target=\"_blank\" rel=\"noopener\"><\/a><\/p><div class=\"uagb-ifb-button-wrapper wp-block-button\"><a href=\"https:\/\/reviverechargeyourlife.dk\/da\/kontakt\/\" class=\"uagb-infobox-cta-link wp-block-button__link\" target=\"_self\" rel=\"noopener noreferrer\" onclick=\"return true;\"><span class=\"uagb-inline-editing\">kontakt<\/span><\/a><\/div><\/div><\/div>\n<\/div><\/div>\n<\/div>\n\n<p><\/p>\n","protected":false},"excerpt":{"rendered":"","protected":false},"author":1,"featured_media":0,"parent":0,"menu_order":0,"comment_status":"closed","ping_status":"closed","template":"","meta":{"_uag_custom_page_level_css":"","site-sidebar-layout":"default","site-content-layout":"","ast-site-content-layout":"default","site-content-style":"default","site-sidebar-style":"default","ast-global-header-display":"","ast-banner-title-visibility":"","ast-main-header-display":"","ast-hfb-above-header-display":"","ast-hfb-below-header-display":"","ast-hfb-mobile-header-display":"","site-post-title":"disabled","ast-breadcrumbs-content":"","ast-featured-img":"","footer-sml-layout":"","theme-transparent-header-meta":"","adv-header-id-meta":"","stick-header-meta":"","header-above-stick-meta":"","header-main-stick-meta":"","header-below-stick-meta":"","astra-migrate-meta-layouts":"set","ast-page-background-enabled":"default","ast-page-background-meta":{"desktop":{"background-color":"var(--ast-global-color-4)","background-image":"","background-repeat":"repeat","background-position":"center center","background-size":"auto","background-attachment":"scroll","background-type":"","background-media":"","overlay-type":"","overlay-color":"","overlay-opacity":"","overlay-gradient":""},"tablet":{"background-color":"","background-image":"","background-repeat":"repeat","background-position":"center center","background-size":"auto","background-attachment":"scroll","background-type":"","background-media":"","overlay-type":"","overlay-color":"","overlay-opacity":"","overlay-gradient":""},"mobile":{"background-color":"","background-image":"","background-repeat":"repeat","background-position":"center center","background-size":"auto","background-attachment":"scroll","background-type":"","background-media":"","overlay-type":"","overlay-color":"","overlay-opacity":"","overlay-gradient":""}},"ast-content-background-meta":{"desktop":{"background-color":"var(--ast-global-color-5)","background-image":"","background-repeat":"repeat","background-position":"center center","background-size":"auto","background-attachment":"scroll","background-type":"","background-media":"","overlay-type":"","overlay-color":"","overlay-opacity":"","overlay-gradient":""},"tablet":{"background-color":"var(--ast-global-color-5)","background-image":"","background-repeat":"repeat","background-position":"center center","background-size":"auto","background-attachment":"scroll","background-type":"","background-media":"","overlay-type":"","overlay-color":"","overlay-opacity":"","overlay-gradient":""},"mobile":{"background-color":"var(--ast-global-color-5)","background-image":"","background-repeat":"repeat","background-position":"center center","background-size":"auto","background-attachment":"scroll","background-type":"","background-media":"","overlay-type":"","overlay-color":"","overlay-opacity":"","overlay-gradient":""}},"footnotes":""},"class_list":["post-4636","page","type-page","status-publish","hentry"],"featured_image_src":null,"uagb_featured_image_src":{"full":false,"thumbnail":false,"medium":false,"medium_large":false,"large":false,"1536x1536":false,"2048x2048":false},"uagb_author_info":{"display_name":"r.d.j.bleekrode@gmail.com","author_link":"https:\/\/reviverechargeyourlife.dk\/da\/author\/r-d-j-bleekrodegmail-com\/"},"uagb_comment_info":0,"uagb_excerpt":null,"_links":{"self":[{"href":"https:\/\/reviverechargeyourlife.dk\/da\/wp-json\/wp\/v2\/pages\/4636","targetHints":{"allow":["GET"]}}],"collection":[{"href":"https:\/\/reviverechargeyourlife.dk\/da\/wp-json\/wp\/v2\/pages"}],"about":[{"href":"https:\/\/reviverechargeyourlife.dk\/da\/wp-json\/wp\/v2\/types\/page"}],"author":[{"embeddable":true,"href":"https:\/\/reviverechargeyourlife.dk\/da\/wp-json\/wp\/v2\/users\/1"}],"replies":[{"embeddable":true,"href":"https:\/\/reviverechargeyourlife.dk\/da\/wp-json\/wp\/v2\/comments?post=4636"}],"version-history":[{"count":7,"href":"https:\/\/reviverechargeyourlife.dk\/da\/wp-json\/wp\/v2\/pages\/4636\/revisions"}],"predecessor-version":[{"id":5668,"href":"https:\/\/reviverechargeyourlife.dk\/da\/wp-json\/wp\/v2\/pages\/4636\/revisions\/5668"}],"wp:attachment":[{"href":"https:\/\/reviverechargeyourlife.dk\/da\/wp-json\/wp\/v2\/media?parent=4636"}],"curies":[{"name":"wp","href":"https:\/\/api.w.org\/{rel}","templated":true}]}}