{"id":4634,"date":"2025-02-11T09:30:11","date_gmt":"2025-02-11T09:30:11","guid":{"rendered":"https:\/\/reviverechargeyourlife.dk\/medicinske-anvendelser-af-termografi\/"},"modified":"2025-05-30T09:46:49","modified_gmt":"2025-05-30T09:46:49","slug":"medicinske-anvendelser-af-termografi","status":"publish","type":"page","link":"https:\/\/reviverechargeyourlife.dk\/da\/medicinske-anvendelser-af-termografi\/","title":{"rendered":"Medicinske anvendelser af termografi"},"content":{"rendered":"\n<div class=\"wp-block-uagb-container uagb-block-cd4f0063 alignfull uagb-is-root-container\"><div class=\"uagb-container-inner-blocks-wrap\"><\/div><\/div>\n\n\n\n<div class=\"wp-block-uagb-container uagb-block-25c186e3 alignfull uagb-is-root-container\"><div class=\"uagb-container-inner-blocks-wrap\"><\/div><\/div>\n\n\n\n<div class=\"wp-block-uagb-container uagb-block-c8wfuua4 alignfull uagb-is-root-container\">\n<div class=\"wp-block-uagb-info-box uagb-block-ojchvedm uagb-infobox__content-wrap  uagb-infobox-icon-above-title uagb-infobox-image-valign-top wp-block-uagb-info-box--has-margin\"><div class=\"uagb-infobox-margin-wrapper\"><div class=\"uagb-ifb-content\"><div class=\"uagb-ifb-title-wrap\"><p class=\"uagb-ifb-title-prefix\">Medicinsk termografi<\/p><h1 class=\"uagb-ifb-title\">  Medicinske anvendelser  <\/h1><\/div><p class=\"uagb-ifb-desc\">Uanset om det drejer sig om st\u00f8tte til diagnosticering, overv\u00e5gning af skader eller tilpasning af behandling, er termografi en p\u00e5lidelig, tidsbesparende og omkostningseffektiv l\u00f8sning til mange sundhedstilstande.<br><br><\/p><\/div><\/div><\/div>\n\n\n\n<div class=\"wp-block-uagb-buttons uagb-buttons__outer-wrap uagb-btn__default-btn uagb-btn-tablet__default-btn uagb-btn-mobile__default-btn uagb-block-1hccagiv\"><div class=\"uagb-buttons__wrap uagb-buttons-layout-wrap \">\n<div class=\"wp-block-uagb-buttons-child uagb-buttons__outer-wrap uagb-block-ybcqcdvd wp-block-button\"><div class=\"uagb-button__wrapper\"><a class=\"uagb-buttons-repeater wp-block-button__link\" aria-label=\"\" href=\"https:\/\/reviverechargeyourlife.dk\/da\/booking-af-termografi\/\" rel=\"follow noopener\" target=\"_self\" role=\"button\"><div class=\"uagb-button__link\">Book now<\/div><\/a><\/div><\/div>\n<\/div><\/div>\n\n\n\n<div class=\"wp-block-uagb-container uagb-block-20c6d6f8\"><\/div>\n\n\n\n<div class=\"wp-block-uagb-container uagb-block-b4b3183b\"><\/div>\n<\/div>\n\n\n\n<div class=\"wp-block-uagb-container uagb-block-togxsuut alignfull uagb-is-root-container\"><div class=\"uagb-container-inner-blocks-wrap\">\n<div class=\"wp-block-uagb-info-box uagb-block-mqo8aex0 uagb-infobox__content-wrap  uagb-infobox-icon-above-title uagb-infobox-image-valign-top wp-block-uagb-info-box--has-margin\"><div class=\"uagb-infobox-margin-wrapper\"><div class=\"uagb-ifb-content\"><div class=\"uagb-ifb-title-wrap\"><p class=\"uagb-ifb-title-prefix\">Medicinsk termografi og sundhedstilstande<\/p><h2 class=\"uagb-ifb-title\">Hvordan kan medicinsk termografi hj\u00e6lpe dig?<\/h2><\/div><p class=\"uagb-ifb-desc\">Medicinsk termografi med ThermoHuman-software er en avanceret, ikke-invasiv billeddannelsesteknologi, der bruger infrar\u00f8de kameraer og AI til at opdage unormale varmem\u00f8nstre p\u00e5 kroppens overflade.  <br><br>Disse varmem\u00f8nstre kan afsl\u00f8re tegn p\u00e5 underliggende sygdomme, bet\u00e6ndelse, medicinske tilstande eller skader, hvilket g\u00f8r termografi til et v\u00e6rdifuldt v\u00e6rkt\u00f8j for sundhedspersonale. I 2012 offentliggjorde forskerne Lahiri og medarbejdere (2012) en analyse af, hvordan termografi er blevet brugt med succes inden for medicin.   <\/p><\/div><\/div><\/div>\n<\/div><\/div>\n\n\n\n<div id=\"Appliciations-Medical\" class=\"wp-block-uagb-container uagb-block-cm671veo alignfull uagb-is-root-container\"><div class=\"uagb-container-inner-blocks-wrap\">\n<div class=\"wp-block-uagb-container uagb-layout-grid uagb-block-jydnjlt0\">\n<div class=\"wp-block-uagb-container uagb-block-dvoaxr8b\">\n<header class=\"wp-block-uagb-info-box uagb-block-18mxr5w6 uagb-infobox__content-wrap  uagb-infobox_cta-type-all uagb-infobox-icon-above-title uagb-infobox-image-valign-top\"><a href=\"https:\/\/reviverechargeyourlife.dk\/en\/breast-risk-screening-thermography\/\" class=\"uagb-infobox-link-wrap uagb-infbox__link-to-all\" target=\"_self\" aria-label=\"Infobox Link\" rel=\"noopener noreferrer\" onclick=\"return true;\"><\/a><div class=\"uagb-ifb-content\"><div class=\"uagb-ifb-title-wrap\"><p class=\"uagb-ifb-title-prefix\">01<\/p><h3 class=\"uagb-ifb-title\"><strong>Brystkr\u00e6ft  <\/strong><\/h3><\/div><p class=\"uagb-ifb-desc\">Opdag tidlige tegn p\u00e5 brystabnormaliteter ved at identificere temperatur\u00e6ndringer og blodgennemstr\u00f8mningsm\u00f8nstre. Den fungerer som et v\u00e6rdifuldt supplement til traditionelle screeninger til proaktiv overv\u00e5gning af brystsundhed. <br><br><br><br><br><\/p><div class=\"uagb-ifb-button-wrapper wp-block-button\"><\/div><\/div><\/header>\n<\/div>\n\n\n\n<div class=\"wp-block-uagb-container uagb-block-sgilfm3g\">\n<div class=\"wp-block-uagb-info-box uagb-block-8c8x7vwn uagb-infobox__content-wrap  uagb-infobox_cta-type-all uagb-infobox-icon-above-title uagb-infobox-image-valign-top\"><a href=\"https:\/\/reviverechargeyourlife.dk\/da\/termografi-og-din-kardiovaskulaere-sundhed\/\" class=\"uagb-infobox-link-wrap uagb-infbox__link-to-all\" target=\"_self\" aria-label=\"Infobox Link\" rel=\"noopener noreferrer\" onclick=\"return true;\"><\/a><div class=\"uagb-ifb-content\"><div class=\"uagb-ifb-title-wrap\"><p class=\"uagb-ifb-title-prefix\">02<\/p><h3 class=\"uagb-ifb-title\"><strong>Kardiovaskul\u00e6r sundhed + diabetes<\/strong><\/h3><\/div><p class=\"uagb-ifb-desc\">Termografi bruges til at opdage tidlige tegn p\u00e5 hjerte-kar-problemer, f.eks. d\u00e5rligt blodoml\u00f8b og bet\u00e6ndelse,<\/p><div class=\"uagb-ifb-button-wrapper wp-block-button\"><\/div><\/div><\/div>\n<\/div>\n\n\n\n<div class=\"wp-block-uagb-container uagb-block-a6urktn0\">\n<div class=\"wp-block-uagb-info-box uagb-block-bljnfg8h uagb-infobox__content-wrap  uagb-infobox_cta-type-all uagb-infobox-icon-above-title uagb-infobox-image-valign-top\"><a href=\"https:\/\/reviverechargeyourlife.dk\/da\/hvordan-termografi-kan-give-indsigt-i-fordojelsessygdomme\/\" class=\"uagb-infobox-link-wrap uagb-infbox__link-to-all\" target=\"_self\" aria-label=\"Infobox Link\" rel=\"noopener noreferrer\" onclick=\"return true;\"><\/a><div class=\"uagb-ifb-content\"><div class=\"uagb-ifb-title-wrap\"><p class=\"uagb-ifb-title-prefix\">03<\/p><h3 class=\"uagb-ifb-title\"><strong>Ford\u00f8jelsessystemets sundhed<\/strong><\/h3><\/div><p class=\"uagb-ifb-desc\">Identificer skjulte ubalancer, der bidrager til ford\u00f8jelsesproblemer som IBS, IBD og SIBO. Ved at opdage inflammation og uregelm\u00e6ssigheder giver den ny indsigt til bedre h\u00e5ndtering og lindring.   <\/p><div class=\"uagb-ifb-button-wrapper wp-block-button\"><\/div><\/div><\/div>\n<\/div>\n\n\n\n<div class=\"wp-block-uagb-container uagb-block-8v81tpx2\">\n<div class=\"wp-block-uagb-info-box uagb-block-teeva6dw uagb-infobox__content-wrap  uagb-infobox_cta-type-all uagb-infobox-icon-above-title uagb-infobox-image-valign-top\"><a href=\"https:\/\/reviverechargeyourlife.dk\/da\/hudkraeft-og-hudsundhed\/\" class=\"uagb-infobox-link-wrap uagb-infbox__link-to-all\" target=\"_self\" aria-label=\"Infobox Link\" rel=\"noopener noreferrer\" onclick=\"return true;\"><\/a><div class=\"uagb-ifb-content\"><div class=\"uagb-ifb-title-wrap\"><p class=\"uagb-ifb-title-prefix\">04<\/p><h3 class=\"uagb-ifb-title\"><strong><strong>Dermatologisk sundhed <\/strong><\/strong><\/h3><\/div><p class=\"uagb-ifb-desc\">Identificer tidlige tegn p\u00e5 hudabnormaliteter, herunder potentiel hudkr\u00e6ft, ved at identificere temperaturvariationer og blodgennemstr\u00f8mningsm\u00f8nstre. Det underst\u00f8tter proaktiv overv\u00e5gning af hudens sundhed og tidlig indgriben.   <\/p><div class=\"uagb-ifb-button-wrapper wp-block-button\"><\/div><\/div><\/div>\n<\/div>\n\n\n\n<div class=\"wp-block-uagb-container uagb-block-826fa4ba\">\n<div class=\"wp-block-uagb-info-box uagb-block-9ef42676 uagb-infobox__content-wrap  uagb-infobox_cta-type-all uagb-infobox-icon-above-title uagb-infobox-image-valign-top\"><a href=\"https:\/\/reviverechargeyourlife.dk\/da\/scanning-af-ojets-sundhed-med-termografi\/\" class=\"uagb-infobox-link-wrap uagb-infbox__link-to-all\" target=\"_self\" aria-label=\"Infobox Link\" rel=\"noopener noreferrer\" onclick=\"return true;\"><\/a><div class=\"uagb-ifb-content\"><div class=\"uagb-ifb-title-wrap\"><p class=\"uagb-ifb-title-prefix\">05<\/p><h3 class=\"uagb-ifb-title\"><strong><strong>\u00d8jensundhed  <\/strong><\/strong><\/h3><\/div><p class=\"uagb-ifb-desc\">Afsl\u00f8rer tidlige tegn p\u00e5 \u00f8jensygdomme, f.eks. bet\u00e6ndelse, kredsl\u00f8bsproblemer og \u00f8jensygdomme, ved at analysere temperaturm\u00f8nstre omkring \u00f8jnene. Det giver en proaktiv tilgang til at opretholde optimal \u00f8jensundhed.   <\/p><div class=\"uagb-ifb-button-wrapper wp-block-button\"><\/div><\/div><\/div>\n<\/div>\n\n\n\n<div class=\"wp-block-uagb-container uagb-block-insc902n\">\n<div class=\"wp-block-uagb-info-box uagb-block-jp9v6fgx uagb-infobox__content-wrap  uagb-infobox_cta-type-all uagb-infobox-icon-above-title uagb-infobox-image-valign-top\"><a href=\"https:\/\/reviverechargeyourlife.dk\/da\/opretholdelse-af-optimal-nyre-og-leversundhed-med-termografi\/\" class=\"uagb-infobox-link-wrap uagb-infbox__link-to-all\" target=\"_self\" aria-label=\"Infobox Link\" rel=\"noopener noreferrer\" onclick=\"return true;\"><\/a><div class=\"uagb-ifb-content\"><div class=\"uagb-ifb-title-wrap\"><p class=\"uagb-ifb-title-prefix\">06<\/p><h3 class=\"uagb-ifb-title\"><strong><strong>Lever- og nyresundhed<\/strong><\/strong><\/h3><\/div><p class=\"uagb-ifb-desc\">Afd\u00e6kker tidlige tegn p\u00e5 ubalancer i lever og nyrer ved at registrere inflammation, kredsl\u00f8bs\u00e6ndringer og metaboliske uregelm\u00e6ssigheder. Dette ikke-invasive v\u00e6rkt\u00f8j underst\u00f8tter proaktiv overv\u00e5gning og bedre styring af disse vitale organer.   <\/p><div class=\"uagb-ifb-button-wrapper wp-block-button\"><\/div><\/div><\/div>\n<\/div>\n\n\n\n<div class=\"wp-block-uagb-container uagb-block-yzixb8jz\">\n<div class=\"wp-block-uagb-info-box uagb-block-nku9u1hj uagb-infobox__content-wrap  uagb-infobox_cta-type-all uagb-infobox-icon-above-title uagb-infobox-image-valign-top\"><a href=\"https:\/\/reviverechargeyourlife.dk\/da\/scanning-af-lungesundhed\/\" class=\"uagb-infobox-link-wrap uagb-infbox__link-to-all\" target=\"_self\" aria-label=\"Infobox Link\" rel=\"noopener noreferrer\" onclick=\"return true;\"><\/a><div class=\"uagb-ifb-content\"><div class=\"uagb-ifb-title-wrap\"><p class=\"uagb-ifb-title-prefix\">07<\/p><h3 class=\"uagb-ifb-title\"><strong>Lungesundhed  <\/strong><\/h3><\/div><p class=\"uagb-ifb-desc\">Identificer tidlige tegn p\u00e5 luftvejsproblemer, som f.eks. bet\u00e6ndelse eller nedsat cirkulation, ved at analysere temperaturm\u00f8nstre i brystomr\u00e5det. Det er en ikke-invasiv m\u00e5de at overv\u00e5ge lungesundheden p\u00e5 og st\u00f8tte tidlig indgriben.   <\/p><div class=\"uagb-ifb-button-wrapper wp-block-button\"><\/div><\/div><\/div>\n<\/div>\n\n\n\n<div class=\"wp-block-uagb-container uagb-block-abbcc5d8\">\n<div class=\"wp-block-uagb-info-box uagb-block-aaa31e92 uagb-infobox__content-wrap  uagb-infobox_cta-type-all uagb-infobox-icon-above-title uagb-infobox-image-valign-top\"><a href=\"https:\/\/reviverechargeyourlife.dk\/da\/termografi-for-muskuloskeletal-sundhed\/\" class=\"uagb-infobox-link-wrap uagb-infbox__link-to-all\" target=\"_self\" aria-label=\"Infobox Link\" rel=\"noopener noreferrer\" onclick=\"return true;\"><\/a><div class=\"uagb-ifb-content\"><div class=\"uagb-ifb-title-wrap\"><p class=\"uagb-ifb-title-prefix\">08<\/p><h3 class=\"uagb-ifb-title\"><strong><strong>Muskel- og ledskader<\/strong> <\/strong><\/h3><\/div><p class=\"uagb-ifb-desc\">Registrerer bet\u00e6ndelse, forstr\u00e6kninger og skader i muskler og led ved at kortl\u00e6gge temperaturvariationer. Dette ikke-invasive v\u00e6rkt\u00f8j er ideelt til atleter og personer, der \u00f8nsker hurtigere restitution og m\u00e5lrettet behandling.   <\/p><div class=\"uagb-ifb-button-wrapper wp-block-button\"><\/div><\/div><\/div>\n<\/div>\n\n\n\n<div class=\"wp-block-uagb-container uagb-block-8178c93a\">\n<div class=\"wp-block-uagb-info-box uagb-block-0d4adfff uagb-infobox__content-wrap  uagb-infobox_cta-type-all uagb-infobox-icon-above-title uagb-infobox-image-valign-top\"><a href=\"https:\/\/reviverechargeyourlife.dk\/da\/termografi-og-behandling-af-nervesmerter\/\" class=\"uagb-infobox-link-wrap uagb-infbox__link-to-all\" target=\"_self\" aria-label=\"Infobox Link\" rel=\"noopener noreferrer\" onclick=\"return true;\"><\/a><div class=\"uagb-ifb-content\"><div class=\"uagb-ifb-title-wrap\"><p class=\"uagb-ifb-title-prefix\">09<\/p><h3 class=\"uagb-ifb-title\"><strong><strong>Nervesmerter og -skader<\/strong> <\/strong><\/h3><\/div><p class=\"uagb-ifb-desc\">Termografi kan afsl\u00f8re nerverelaterede problemer som f.eks. neuropati eller nervekompression ved at identificere unormale temperaturm\u00f8nstre. Det er en smertefri m\u00e5de at vurdere nervesundhed p\u00e5 og vejlede om behandling.   <\/p><div class=\"uagb-ifb-button-wrapper wp-block-button\"><\/div><\/div><\/div>\n<\/div>\n\n\n\n<div class=\"wp-block-uagb-container uagb-block-978cab2b\">\n<div class=\"wp-block-uagb-info-box uagb-block-5501c2d0 uagb-infobox__content-wrap  uagb-infobox_cta-type-all uagb-infobox-icon-above-title uagb-infobox-image-valign-top\"><a href=\"https:\/\/reviverechargeyourlife.dk\/da\/termografi-et-revolutionerende-vaerktoj-til-oral-sundhed-og-mere-til\/\" class=\"uagb-infobox-link-wrap uagb-infbox__link-to-all\" target=\"_self\" aria-label=\"Infobox Link\" rel=\"noopener noreferrer\" onclick=\"return true;\"><\/a><div class=\"uagb-ifb-content\"><div class=\"uagb-ifb-title-wrap\"><p class=\"uagb-ifb-title-prefix\">10<\/p><h3 class=\"uagb-ifb-title\"><strong><strong>Mundhygiejne<\/strong> <\/strong><\/h3><\/div><p class=\"uagb-ifb-desc\">Afd\u00e6k skjulte problemer som infektioner, bet\u00e6ndelse eller kredsl\u00f8bsproblemer i mund og k\u00e6be. Dette ikke-invasive v\u00e6rkt\u00f8j underst\u00f8tter tidlig opdagelse og bedre h\u00e5ndtering af mundsundhedstilstande.   <\/p><div class=\"uagb-ifb-button-wrapper wp-block-button\"><\/div><\/div><\/div>\n<\/div>\n\n\n\n<div class=\"wp-block-uagb-container uagb-block-fd4e6d7f\">\n<div class=\"wp-block-uagb-info-box uagb-block-086ae648 uagb-infobox__content-wrap  uagb-infobox_cta-type-all uagb-infobox-icon-above-title uagb-infobox-image-valign-top\"><a href=\"https:\/\/reviverechargeyourlife.dk\/da\/scanninger-efter-operation-understottelse-af-heling-med-termografi\/\" class=\"uagb-infobox-link-wrap uagb-infbox__link-to-all\" target=\"_self\" aria-label=\"Infobox Link\" rel=\"noopener noreferrer\" onclick=\"return true;\"><\/a><div class=\"uagb-ifb-content\"><div class=\"uagb-ifb-title-wrap\"><p class=\"uagb-ifb-title-prefix\">11<\/p><h3 class=\"uagb-ifb-title\"><strong><strong>Genopretning efter operation<\/strong> <\/strong><\/h3><\/div><p class=\"uagb-ifb-desc\">Termografi hj\u00e6lper med postoperativ pleje ved at opdage bet\u00e6ndelse, infektion eller d\u00e5rlig cirkulation omkring operationssteder. Det er en sikker, ikke-invasiv m\u00e5de at overv\u00e5ge helingen p\u00e5 og forebygge komplikationer.   <\/p><div class=\"uagb-ifb-button-wrapper wp-block-button\"><\/div><\/div><\/div>\n<\/div>\n\n\n\n<div class=\"wp-block-uagb-container uagb-block-be08af55\">\n<div class=\"wp-block-uagb-info-box uagb-block-dee3eca8 uagb-infobox__content-wrap  uagb-infobox_cta-type-all uagb-infobox-icon-above-title uagb-infobox-image-valign-top\"><a href=\"https:\/\/reviverechargeyourlife.dk\/da\/termografi-for-gigt-og-reumatisme\/\" class=\"uagb-infobox-link-wrap uagb-infbox__link-to-all\" target=\"_self\" aria-label=\"Infobox Link\" rel=\"noopener noreferrer\" onclick=\"return true;\"><\/a><div class=\"uagb-ifb-content\"><div class=\"uagb-ifb-title-wrap\"><p class=\"uagb-ifb-title-prefix\">12<\/p><h3 class=\"uagb-ifb-title\"><strong><strong>Reumatiske tilstande<\/strong> <\/strong><\/h3><\/div><p class=\"uagb-ifb-desc\">Identificer inflammation og kredsl\u00f8bsforandringer i forbindelse med gigtsygdomme som f.eks. arthritis. Det er en ikke-invasiv m\u00e5de at overv\u00e5ge tilstande p\u00e5 og spore behandlingsfremskridt.   <\/p><div class=\"uagb-ifb-button-wrapper wp-block-button\"><\/div><\/div><\/div>\n<\/div>\n\n\n\n<div class=\"wp-block-uagb-container uagb-block-ab708b50\">\n<div class=\"wp-block-uagb-info-box uagb-block-17e0cee5 uagb-infobox__content-wrap  uagb-infobox_cta-type-all uagb-infobox-icon-above-title uagb-infobox-image-valign-top\"><a href=\"https:\/\/reviverechargeyourlife.dk\/en\/thyroid-health-thermography-scan\/\" class=\"uagb-infobox-link-wrap uagb-infbox__link-to-all\" target=\"_self\" aria-label=\"Infobox Link\" rel=\"noopener noreferrer\" onclick=\"return true;\"><\/a><div class=\"uagb-ifb-content\"><div class=\"uagb-ifb-title-wrap\"><p class=\"uagb-ifb-title-prefix\">13<\/p><h3 class=\"uagb-ifb-title\"><strong><strong>Skjoldbruskkirtlens sundhed<\/strong> <\/strong><\/h3><\/div><p class=\"uagb-ifb-desc\">Termografi hj\u00e6lper med at evaluere skjoldbruskkirtlens funktion ved at opdage bet\u00e6ndelse, ubalancer eller uregelm\u00e6ssigheder i temperaturm\u00f8nstre. Det er et ikke-invasivt v\u00e6rkt\u00f8j til proaktiv styring af skjoldbruskkirtlens sundhed.   <\/p><div class=\"uagb-ifb-button-wrapper wp-block-button\"><\/div><\/div><\/div>\n<\/div>\n<\/div>\n<\/div><\/div>\n\n\n\n<div class=\"wp-block-uagb-container uagb-block-93d4866e alignfull uagb-is-root-container\"><div class=\"uagb-container-inner-blocks-wrap\">\n<div class=\"wp-block-uagb-info-box uagb-block-63763c4c uagb-infobox__content-wrap  uagb-infobox-icon-above-title uagb-infobox-image-valign-top\"><div class=\"uagb-ifb-content\"><div class=\"uagb-ifb-title-wrap\"><h6 class=\"uagb-ifb-title-prefix\">Medicinsk termografi og sundhedstilstande<\/h6><h2 class=\"uagb-ifb-title\">Vil du vide mere, eller har du et sp\u00f8rgsm\u00e5l?<\/h2><\/div><p class=\"uagb-ifb-desc\">Ring til os p\u00e5 +45 91428433 eller send os en besked<br><a href=\"https:\/\/websitedemos.net\/lotus-spa-02\/?brainstormforce=pTXyytedV9E9TFhT#\" target=\"_blank\" rel=\"noopener\"><\/a><\/p><div class=\"uagb-ifb-button-wrapper wp-block-button\"><a href=\"https:\/\/reviverechargeyourlife.dk\/da\/kontakt\/\" class=\"uagb-infobox-cta-link wp-block-button__link\" target=\"_self\" rel=\"noopener noreferrer\" onclick=\"return true;\"><span class=\"uagb-inline-editing\">contact us<\/span><\/a><\/div><\/div><\/div>\n<\/div><\/div>\n\n\n\n<p><\/p>\n","protected":false},"excerpt":{"rendered":"","protected":false},"author":1,"featured_media":0,"parent":0,"menu_order":0,"comment_status":"closed","ping_status":"closed","template":"","meta":{"_uag_custom_page_level_css":"","site-sidebar-layout":"default","site-content-layout":"","ast-site-content-layout":"default","site-content-style":"default","site-sidebar-style":"default","ast-global-header-display":"","ast-banner-title-visibility":"","ast-main-header-display":"","ast-hfb-above-header-display":"","ast-hfb-below-header-display":"","ast-hfb-mobile-header-display":"","site-post-title":"disabled","ast-breadcrumbs-content":"","ast-featured-img":"","footer-sml-layout":"","ast-disable-related-posts":"","theme-transparent-header-meta":"","adv-header-id-meta":"","stick-header-meta":"","header-above-stick-meta":"","header-main-stick-meta":"","header-below-stick-meta":"","astra-migrate-meta-layouts":"set","ast-page-background-enabled":"default","ast-page-background-meta":{"desktop":{"background-color":"var(--ast-global-color-4)","background-image":"","background-repeat":"repeat","background-position":"center center","background-size":"auto","background-attachment":"scroll","background-type":"","background-media":"","overlay-type":"","overlay-color":"","overlay-opacity":"","overlay-gradient":""},"tablet":{"background-color":"","background-image":"","background-repeat":"repeat","background-position":"center center","background-size":"auto","background-attachment":"scroll","background-type":"","background-media":"","overlay-type":"","overlay-color":"","overlay-opacity":"","overlay-gradient":""},"mobile":{"background-color":"","background-image":"","background-repeat":"repeat","background-position":"center center","background-size":"auto","background-attachment":"scroll","background-type":"","background-media":"","overlay-type":"","overlay-color":"","overlay-opacity":"","overlay-gradient":""}},"ast-content-background-meta":{"desktop":{"background-color":"var(--ast-global-color-5)","background-image":"","background-repeat":"repeat","background-position":"center center","background-size":"auto","background-attachment":"scroll","background-type":"","background-media":"","overlay-type":"","overlay-color":"","overlay-opacity":"","overlay-gradient":""},"tablet":{"background-color":"var(--ast-global-color-5)","background-image":"","background-repeat":"repeat","background-position":"center center","background-size":"auto","background-attachment":"scroll","background-type":"","background-media":"","overlay-type":"","overlay-color":"","overlay-opacity":"","overlay-gradient":""},"mobile":{"background-color":"var(--ast-global-color-5)","background-image":"","background-repeat":"repeat","background-position":"center center","background-size":"auto","background-attachment":"scroll","background-type":"","background-media":"","overlay-type":"","overlay-color":"","overlay-opacity":"","overlay-gradient":""}},"footnotes":""},"class_list":["post-4634","page","type-page","status-publish","hentry"],"featured_image_src":null,"uagb_featured_image_src":{"full":false,"thumbnail":false,"medium":false,"medium_large":false,"large":false,"1536x1536":false,"2048x2048":false},"uagb_author_info":{"display_name":"r.d.j.bleekrode@gmail.com","author_link":"https:\/\/reviverechargeyourlife.dk\/da\/author\/r-d-j-bleekrodegmail-com\/"},"uagb_comment_info":0,"uagb_excerpt":null,"_links":{"self":[{"href":"https:\/\/reviverechargeyourlife.dk\/da\/wp-json\/wp\/v2\/pages\/4634","targetHints":{"allow":["GET"]}}],"collection":[{"href":"https:\/\/reviverechargeyourlife.dk\/da\/wp-json\/wp\/v2\/pages"}],"about":[{"href":"https:\/\/reviverechargeyourlife.dk\/da\/wp-json\/wp\/v2\/types\/page"}],"author":[{"embeddable":true,"href":"https:\/\/reviverechargeyourlife.dk\/da\/wp-json\/wp\/v2\/users\/1"}],"replies":[{"embeddable":true,"href":"https:\/\/reviverechargeyourlife.dk\/da\/wp-json\/wp\/v2\/comments?post=4634"}],"version-history":[{"count":20,"href":"https:\/\/reviverechargeyourlife.dk\/da\/wp-json\/wp\/v2\/pages\/4634\/revisions"}],"predecessor-version":[{"id":6085,"href":"https:\/\/reviverechargeyourlife.dk\/da\/wp-json\/wp\/v2\/pages\/4634\/revisions\/6085"}],"wp:attachment":[{"href":"https:\/\/reviverechargeyourlife.dk\/da\/wp-json\/wp\/v2\/media?parent=4634"}],"curies":[{"name":"wp","href":"https:\/\/api.w.org\/{rel}","templated":true}]}}