{"id":4624,"date":"2024-11-04T09:37:44","date_gmt":"2024-11-04T09:37:44","guid":{"rendered":"https:\/\/reviverechargeyourlife.dk\/om-os\/"},"modified":"2025-03-14T15:50:37","modified_gmt":"2025-03-14T15:50:37","slug":"om-os","status":"publish","type":"page","link":"https:\/\/reviverechargeyourlife.dk\/da\/om-os\/","title":{"rendered":"Om os"},"content":{"rendered":"\n<div class=\"wp-block-uagb-container uagb-block-11e8e351 alignfull uagb-is-root-container\"><div class=\"uagb-container__video-wrap\"><video autoplay loop muted playsinline><source src=\"https:\/\/reviverechargeyourlife-dk.preview-domain.com\/wp-content\/uploads\/2024\/12\/IMG_0083.mov\" type=\"video\/mp4\"\/><\/video><\/div><div class=\"uagb-container-inner-blocks-wrap\">\n<div class=\"wp-block-uagb-advanced-heading uagb-block-004fa22a\" id=\"0-know-more-\"><h4 class=\"uagb-heading-text\">                                                                                                                                        <\/h4><\/div>\n\n\n\n<div class=\"wp-block-uagb-advanced-heading uagb-block-2ed44ac7\" id=\"1-about-us\"><h1 class=\"uagb-heading-text\">Om os<\/h1><\/div>\n<\/div><\/div>\n\n<div class=\"wp-block-uagb-container uagb-block-ciqdwyht alignfull uagb-is-root-container\"><div class=\"uagb-container-inner-blocks-wrap\">\n<div class=\"wp-block-uagb-info-box uagb-block-0rejxlnz uagb-infobox__content-wrap  uagb-infobox-icon-above-title uagb-infobox-image-valign-top\"><div class=\"uagb-ifb-content\"><div class=\"uagb-ifb-title-wrap\"><h1 class=\"uagb-ifb-title\">Vores rejse<\/h1><\/div><p class=\"uagb-ifb-desc\">Her deler vi den rejse, der f\u00f8rte os til vores passion og form\u00e5l inden for sundhed og velv\u00e6re. Fra vores begyndelse til der, hvor vi er i dag, giver denne side et indblik i den vej, der former vores engagement i din sundhed, dit velbefindende og dine pr\u00e6stationer. <\/p><\/div><\/div>\n<\/div><\/div>\n\n<div class=\"wp-block-uagb-container uagb-block-3uzojuzm alignfull uagb-is-root-container\"><div class=\"uagb-container-inner-blocks-wrap\"><\/div><\/div>\n\n<div class=\"wp-block-uagb-container uagb-block-a2718604 alignfull uagb-is-root-container\"><div class=\"uagb-container-inner-blocks-wrap\">\n<div class=\"wp-block-uagb-container uagb-block-29b79a3b\">\n<div class=\"wp-block-uagb-info-box uagb-block-db007f88 uagb-infobox__content-wrap  uagb-infobox-icon-above-title uagb-infobox-image-valign-top\"><div class=\"uagb-ifb-content\"><div class=\"uagb-ifb-title-wrap\"><h2 class=\"uagb-ifb-title\">Vores historie<\/h2><\/div><\/div><\/div>\n\n\n\n<div class=\"wp-block-uagb-info-box uagb-block-4791b4f8 uagb-infobox__content-wrap  uagb-infobox-icon-above-title uagb-infobox-image-valign-top\"><div class=\"uagb-ifb-content\"><div class=\"uagb-ifb-title-wrap\"><\/div><p class=\"uagb-ifb-desc\">I 2022 tog Jesse og Laura en livs\u00e6ndrende beslutning om at flytte med deres familie fra det sydlige Holland til den maleriske \u00f8 Fyn. Flytningen opfyldte deres l\u00e6nge n\u00e6rede dr\u00f8m om at leve t\u00e6ttere p\u00e5 naturen p\u00e5 en lille g\u00e5rd omgivet af skov. Deres vision var at skabe en selvforsynende livsstil med mere plads til deres familie, samtidig med at de delte deres passion for sundhed og velv\u00e6re med lokalsamfundet.  <br\/><br\/>Jesses rejse mod velv\u00e6re spillede en afg\u00f8rende rolle i udformningen af Revives mission. Efter at v\u00e6re blevet alvorligt syg f\u00f8r deres flytning, tog det to udfordrende \u00e5r at afd\u00e6kke de grundl\u00e6ggende \u00e5rsager til hans tilstand. Termografi og celleopladende terapi viste sig at v\u00e6re transformerende og satte ham p\u00e5 sporet af helbredelse. Inspireret af hans erfaringer lancerede Jesse og Laura Revive i 2025 for at vejlede andre p\u00e5 deres egen sundhedsrejse, uanset om deres m\u00e5l er helbredelse, \u00f8get velv\u00e6re eller forbedret pr\u00e6station.   <\/p><\/div><\/div>\n<\/div>\n<\/div><\/div>\n\n<div class=\"wp-block-uagb-container uagb-block-5npnmkro alignfull uagb-is-root-container\"><div class=\"uagb-container-inner-blocks-wrap\">\n<div class=\"wp-block-uagb-container uagb-block-xqmgffoz\">\n<div class=\"wp-block-uagb-info-box uagb-block-jn54qekf uagb-infobox__content-wrap  uagb-infobox-icon-above-title uagb-infobox-image-valign-top\"><div class=\"uagb-ifb-content\"><div class=\"uagb-ifb-title-wrap\"><\/div><p class=\"uagb-ifb-desc\">Hos Revive har vi specialiseret os i medicinsk termografi og i at give mennesker mulighed for at genoplade deres krop og opn\u00e5 optimal sundhed, velv\u00e6re og ydeevne. Vores praksis er bygget p\u00e5 et fundament af personlig erfaring, passion for naturlig sundhed og et dybt engagement i at hj\u00e6lpe andre med at trives. Vi har en evidensbaseret tilgang og sikrer, at vores metoder er baseret p\u00e5 p\u00e5lidelig forskning og klinisk indsigt, s\u00e5 vi kan yde den bedst mulige pleje.  <br\/><br\/><br\/><br\/><\/p><\/div><\/div>\n\n\n\n<div class=\"wp-block-group is-nowrap is-layout-flex wp-container-core-group-is-layout-6c531013 wp-block-group-is-layout-flex\">\n<div class=\"wp-block-uagb-image uagb-block-fe7105bd wp-block-uagb-image--layout-default wp-block-uagb-image--effect-static wp-block-uagb-image--align-none\"><figure class=\"wp-block-uagb-image__figure\"><img decoding=\"async\" srcset=\"https:\/\/reviverechargeyourlife.dk\/wp-content\/uploads\/2025\/02\/imageedit_26_8512595998-1-300x56.png ,https:\/\/reviverechargeyourlife.dk\/wp-content\/uploads\/2025\/02\/imageedit_26_8512595998-1.png 780w, https:\/\/reviverechargeyourlife.dk\/wp-content\/uploads\/2025\/02\/imageedit_26_8512595998-1.png 360w\" sizes=\"auto, (max-width: 480px) 150px\" src=\"https:\/\/reviverechargeyourlife.dk\/wp-content\/uploads\/2025\/02\/imageedit_26_8512595998-1-300x56.png\" alt=\"\" class=\"uag-image-3437\" width=\"300\" height=\"56\" title=\"imageedit_26_8512595998\" loading=\"lazy\" role=\"img\"><\/figure><\/div>\n<\/div>\n<\/div>\n<\/div><\/div>\n\n<div class=\"wp-block-uagb-container uagb-layout-grid uagb-block-aothdfm8 alignfull uagb-is-root-container\"><div class=\"uagb-container-inner-blocks-wrap\">\n<div class=\"wp-block-uagb-container uagb-block-rfyppv5p\">\n<div class=\"wp-block-uagb-image aligncenter uagb-block-rw2nxkul wp-block-uagb-image--layout-default wp-block-uagb-image--effect-static wp-block-uagb-image--align-center alignleft\"><figure class=\"wp-block-uagb-image__figure\"><img decoding=\"async\" srcset=\"https:\/\/reviverechargeyourlife.dk\/wp-content\/uploads\/2025\/01\/20241220_103321970_iOS-225x300.jpg ,https:\/\/reviverechargeyourlife.dk\/wp-content\/uploads\/2025\/01\/20241220_103321970_iOS-scaled-e1736775939227.jpg 780w, https:\/\/reviverechargeyourlife.dk\/wp-content\/uploads\/2025\/01\/20241220_103321970_iOS-scaled-e1736775939227.jpg 360w\" sizes=\"auto, (max-width: 480px) 150px\" src=\"https:\/\/reviverechargeyourlife.dk\/wp-content\/uploads\/2025\/01\/20241220_103321970_iOS-225x300.jpg\" alt=\"\" class=\"uag-image-2220\" width=\"225\" height=\"300\" title=\"20241220_103321970_iOS\" loading=\"lazy\" role=\"img\"><\/figure><\/div>\n\n\n\n<div class=\"wp-block-uagb-info-box uagb-block-nq5o1ftj uagb-infobox__content-wrap  uagb-infobox-icon-above-title uagb-infobox-image-valign-top\"><div class=\"uagb-ifb-content\"><div class=\"uagb-ifb-title-wrap\"><p class=\"uagb-ifb-title\">Jesse Bleekrode<\/p><\/div><p class=\"uagb-ifb-desc\">Grundl\u00e6gger, termograf og Lifestream, PEMF- og Reiki-ud\u00f8ver<\/p><\/div><\/div>\n\n\n\n<div class=\"wp-block-uagb-info-box uagb-block-qteouzt3 uagb-infobox__content-wrap  uagb-infobox-icon-above-title uagb-infobox-image-valign-top wp-block-uagb-info-box--has-margin\"><div class=\"uagb-infobox-margin-wrapper\"><div class=\"uagb-ifb-content\"><div class=\"uagb-ifb-title-wrap\"><\/div><p class=\"uagb-ifb-desc\">Jesse bringer en unik blanding af ekspertise til Revive. Med en baggrund i psykologi har han tidligere arbejdet som projektleder og innovationskonsulent (sundhedspleje og det sociale omr\u00e5de). Hans samfundsfokuserede tankegang fik ham til at v\u00e6re medlem af byr\u00e5det og organisere kulturelle begivenheder for at skabe positiv lokal indflydelse. I dag kombinerer Jesse sine professionelle og personlige passioner som certificeret termografi- og Lifestream-ud\u00f8ver med tr\u00e6ning i Reiki og \u00e5ndedr\u00e6tsarbejde og arbejde p\u00e5 deres lille g\u00e5rd.  <\/p><\/div><\/div><\/div>\n<\/div>\n\n\n\n<div class=\"wp-block-uagb-container uagb-block-gjadh1gk\">\n<div class=\"wp-block-uagb-image alignleft uagb-block-s6s4gw0a wp-block-uagb-image--layout-default wp-block-uagb-image--effect-static wp-block-uagb-image--align-left\"><figure class=\"wp-block-uagb-image__figure\"><img decoding=\"async\" srcset=\"https:\/\/reviverechargeyourlife.dk\/wp-content\/uploads\/2025\/01\/20241220_103553754_iOS-1-scaled-e1736776848269-208x300.jpg ,https:\/\/reviverechargeyourlife.dk\/wp-content\/uploads\/2025\/01\/20241220_103553754_iOS-1-scaled-e1736776848269.jpg 780w, https:\/\/reviverechargeyourlife.dk\/wp-content\/uploads\/2025\/01\/20241220_103553754_iOS-1-scaled-e1736776848269.jpg 360w\" sizes=\"auto, (max-width: 480px) 150px\" src=\"https:\/\/reviverechargeyourlife.dk\/wp-content\/uploads\/2025\/01\/20241220_103553754_iOS-1-scaled-e1736776848269-208x300.jpg\" alt=\"\" class=\"uag-image-2228\" width=\"208\" height=\"300\" title=\"20241220_103553754_iOS (1)\" loading=\"lazy\" role=\"img\"><\/figure><\/div>\n\n\n\n<div class=\"wp-block-uagb-info-box uagb-block-u0yd398l uagb-infobox__content-wrap  uagb-infobox-icon-above-title uagb-infobox-image-valign-top wp-block-uagb-info-box--has-margin\"><div class=\"uagb-infobox-margin-wrapper\"><div class=\"uagb-ifb-content\"><div class=\"uagb-ifb-title-wrap\"><p class=\"uagb-ifb-title\">Laura Bleekrode-Bertels<\/p><\/div><p class=\"uagb-ifb-desc\">Termograf<\/p><\/div><\/div><\/div>\n\n\n\n<div class=\"wp-block-uagb-info-box uagb-block-iwaapfi5 uagb-infobox__content-wrap  uagb-infobox-icon-above-title uagb-infobox-image-valign-top\"><div class=\"uagb-ifb-content\"><div class=\"uagb-ifb-title-wrap\"><\/div><p class=\"uagb-ifb-desc\">Laura har ekspertise inden for kulturel og arkitektonisk arv med en dedikation til holistisk levevis. F\u00f8r hun flyttede til Danmark, arbejdede hun som kulturarvskonsulent for kommuner og nonprofitorganisationer i Holland. P\u00e5 deres g\u00e5rd har Laura designet fredfyldte slow living-skjulesteder i skoven, som er tilg\u00e6ngelige for Airbnb-g\u00e6ster, og slow living-retreats, som hun ogs\u00e5 administrerer. Hendes kreativitet og forbindelse til naturen beriger alle aspekter af Revives tilbud. Laura arbejder p\u00e5 deltid som certificeret termografipraktiker og er aktivt involveret i g\u00e5rden, hvor hun dyrker gr\u00f8ntsager og frugt i deres \u00f8kologiske have og passer dyrene.    <\/p><\/div><\/div>\n<\/div>\n<\/div><\/div>\n\n<div class=\"wp-block-uagb-container uagb-block-qbbr3w9h alignfull uagb-is-root-container\"><div class=\"uagb-container-inner-blocks-wrap\">\n<div class=\"wp-block-uagb-info-box uagb-block-kkq6o28m uagb-infobox__content-wrap  uagb-infobox-icon-above-title uagb-infobox-image-valign-top\"><div class=\"uagb-ifb-content\"><div class=\"uagb-ifb-title-wrap\"><p class=\"uagb-ifb-title-prefix\">GET Connected  <\/p><h2 class=\"uagb-ifb-title\">Lad os tage styringen sammen<\/h2><\/div><p class=\"uagb-ifb-desc\">Kontakt os for at finde ud af, hvordan vi kan hj\u00e6lpe dig med at optimere din sundhed, dit velbefindende og dine pr\u00e6stationer.<\/p><\/div><\/div>\n\n\n\n<div class=\"wp-block-uagb-icon-list uagb-block-bnamjwnw\"><div class=\"uagb-icon-list__wrap\">\n<div class=\"wp-block-uagb-icon-list-child uagb-block-ygkrnb7b\"><a target=\"_self\" aria-label=\"+4591428433(English)\" rel=\"noopener noreferrer\" href=\"#\"> <\/a><span class=\"uagb-icon-list__source-wrap\"><svg xmlns=\"https:\/\/www.w3.org\/2000\/svg\" viewbox=\"0 0 512 512\"><path d=\"M511.2 387l-23.25 100.8c-3.266 14.25-15.79 24.22-30.46 24.22C205.2 512 0 306.8 0 54.5c0-14.66 9.969-27.2 24.22-30.45l100.8-23.25C139.7-2.602 154.7 5.018 160.8 18.92l46.52 108.5c5.438 12.78 1.77 27.67-8.98 36.45L144.5 207.1c33.98 69.22 90.26 125.5 159.5 159.5l44.08-53.8c8.688-10.78 23.69-14.51 36.47-8.975l108.5 46.51C506.1 357.2 514.6 372.4 511.2 387z\"><\/path><\/svg><\/span><span class=\"uagb-icon-list__label\">+<strong>4591428433(engelsk)<\/strong><\/span><\/div>\n<\/div><\/div>\n\n\n\n<div class=\"wp-block-uagb-buttons uagb-buttons__outer-wrap uagb-btn__default-btn uagb-btn-tablet__default-btn uagb-btn-mobile__default-btn uagb-block-a460cd0b\"><div class=\"uagb-buttons__wrap uagb-buttons-layout-wrap \">\n<div class=\"wp-block-uagb-buttons-child uagb-buttons__outer-wrap uagb-block-014a03ae wp-block-button\"><div class=\"uagb-button__wrapper\"><a class=\"uagb-buttons-repeater wp-block-button__link\" aria-label=\"\" href=\"https:\/\/reviverechargeyourlife.dk\/da\/kontakt\/\" rel=\"follow noopener\" target=\"_self\" role=\"button\"><div class=\"uagb-button__link\">Kontakt<\/div><\/a><\/div><\/div>\n<\/div><\/div>\n<\/div><\/div>\n","protected":false},"excerpt":{"rendered":"<p>Om os<\/p>\n","protected":false},"author":1,"featured_media":0,"parent":0,"menu_order":0,"comment_status":"closed","ping_status":"closed","template":"","meta":{"_uag_custom_page_level_css":"","site-sidebar-layout":"no-sidebar","site-content-layout":"page-builder","ast-site-content-layout":"full-width-container","site-content-style":"unboxed","site-sidebar-style":"unboxed","ast-global-header-display":"","ast-banner-title-visibility":"","ast-main-header-display":"","ast-hfb-above-header-display":"","ast-hfb-below-header-display":"","ast-hfb-mobile-header-display":"","site-post-title":"disabled","ast-breadcrumbs-content":"","ast-featured-img":"disabled","footer-sml-layout":"","ast-disable-related-posts":"","theme-transparent-header-meta":"enabled","adv-header-id-meta":"","stick-header-meta":"","header-above-stick-meta":"","header-main-stick-meta":"","header-below-stick-meta":"","astra-migrate-meta-layouts":"set","ast-page-background-enabled":"default","ast-page-background-meta":{"desktop":{"background-color":"var(--ast-global-color-4)","background-image":"","background-repeat":"repeat","background-position":"center center","background-size":"auto","background-attachment":"scroll","background-type":"","background-media":"","overlay-type":"","overlay-color":"","overlay-opacity":"","overlay-gradient":""},"tablet":{"background-color":"","background-image":"","background-repeat":"repeat","background-position":"center center","background-size":"auto","background-attachment":"scroll","background-type":"","background-media":"","overlay-type":"","overlay-color":"","overlay-opacity":"","overlay-gradient":""},"mobile":{"background-color":"","background-image":"","background-repeat":"repeat","background-position":"center center","background-size":"auto","background-attachment":"scroll","background-type":"","background-media":"","overlay-type":"","overlay-color":"","overlay-opacity":"","overlay-gradient":""}},"ast-content-background-meta":{"desktop":{"background-color":"var(--ast-global-color-5)","background-image":"","background-repeat":"repeat","background-position":"center center","background-size":"auto","background-attachment":"scroll","background-type":"","background-media":"","overlay-type":"","overlay-color":"","overlay-opacity":"","overlay-gradient":""},"tablet":{"background-color":"var(--ast-global-color-5)","background-image":"","background-repeat":"repeat","background-position":"center center","background-size":"auto","background-attachment":"scroll","background-type":"","background-media":"","overlay-type":"","overlay-color":"","overlay-opacity":"","overlay-gradient":""},"mobile":{"background-color":"var(--ast-global-color-5)","background-image":"","background-repeat":"repeat","background-position":"center center","background-size":"auto","background-attachment":"scroll","background-type":"","background-media":"","overlay-type":"","overlay-color":"","overlay-opacity":"","overlay-gradient":""}},"footnotes":""},"class_list":["post-4624","page","type-page","status-publish","hentry"],"featured_image_src":null,"uagb_featured_image_src":{"full":false,"thumbnail":false,"medium":false,"medium_large":false,"large":false,"1536x1536":false,"2048x2048":false},"uagb_author_info":{"display_name":"r.d.j.bleekrode@gmail.com","author_link":"https:\/\/reviverechargeyourlife.dk\/da\/author\/r-d-j-bleekrodegmail-com\/"},"uagb_comment_info":0,"uagb_excerpt":"Om os","_links":{"self":[{"href":"https:\/\/reviverechargeyourlife.dk\/da\/wp-json\/wp\/v2\/pages\/4624","targetHints":{"allow":["GET"]}}],"collection":[{"href":"https:\/\/reviverechargeyourlife.dk\/da\/wp-json\/wp\/v2\/pages"}],"about":[{"href":"https:\/\/reviverechargeyourlife.dk\/da\/wp-json\/wp\/v2\/types\/page"}],"author":[{"embeddable":true,"href":"https:\/\/reviverechargeyourlife.dk\/da\/wp-json\/wp\/v2\/users\/1"}],"replies":[{"embeddable":true,"href":"https:\/\/reviverechargeyourlife.dk\/da\/wp-json\/wp\/v2\/comments?post=4624"}],"version-history":[{"count":25,"href":"https:\/\/reviverechargeyourlife.dk\/da\/wp-json\/wp\/v2\/pages\/4624\/revisions"}],"predecessor-version":[{"id":5543,"href":"https:\/\/reviverechargeyourlife.dk\/da\/wp-json\/wp\/v2\/pages\/4624\/revisions\/5543"}],"wp:attachment":[{"href":"https:\/\/reviverechargeyourlife.dk\/da\/wp-json\/wp\/v2\/media?parent=4624"}],"curies":[{"name":"wp","href":"https:\/\/api.w.org\/{rel}","templated":true}]}}